{"id":1469,"date":"2021-01-25T12:02:50","date_gmt":"2021-01-25T12:02:50","guid":{"rendered":"http:\/\/ludzie.fundacja-pih.pl\/?post_type=product&#038;p=1469"},"modified":"2025-05-16T14:13:38","modified_gmt":"2025-05-16T14:13:38","slug":"lenkiewicz-antoni","status":"publish","type":"product","link":"http:\/\/ludzie.fundacja-pih.pl\/index.php\/product\/lenkiewicz-antoni\/","title":{"rendered":"Lenkiewicz Antoni"},"content":{"rendered":"<p>Urodzi\u0142 si\u0119 25 pa\u017adziernika 1934 roku w Ostro\u0142\u0119ce.<\/p>\n<p>W 1964 roku uko\u0144czy\u0142 studia na Wydziale Prawa i Administracji Uniwersytetu Wroc\u0142awskiego. W 1973 roku zda\u0142 egzaminy na Wydziale Historyczno-Filozoficznym i uzyska\u0142 tytu\u0142 doktora nauk prawnych. W latach 1945 \u2013 1949 oraz 1956 \u2013 1963 nale\u017ca\u0142 do ZHP. W latach 1949 \u2013 1952 by\u0142 organizatorem i cz\u0142onkiem konspiracyjnego Zwi\u0105zku Skaut\u00f3w Polski Walcz\u0105cej w Pas\u0142\u0119ku i Mor\u0105gu. 16 pa\u017adziernika 1952 roku zosta\u0142 aresztowany. 20 lipca 1953 roku Wojskowy S\u0105d Rejonowy w Olsztynie skaza\u0142 go na kar\u0119 12 lat pozbawienia wolno\u015bci. Antoni Lenkiewicz zosta\u0142 osadzony w Areszcie \u015aledczym w Pas\u0142\u0119ku, nast\u0119pnie w ZK w Olsztynie, ZK w Barczewie i I\u0142awie, obozie pracy w Rudzie \u015al\u0105skiej (praca w kopalni), w ZK w Sosnowcu-Radosze, Rawiczu i Jaworznie. Kar\u0119 z\u0142agodzono mu do 6 lat pozbawienia wolno\u015bci. Wyszed\u0142 na wolno\u015b\u0107 5 maja 1956 roku na mocy amnestii. Od stycznia 1959 roku do maja 1961 roku by\u0142 prezesem Studencko-Harcerskiej Sp\u00f3\u0142dzielni Pracy EWEKS we Wroc\u0142awiu, kt\u00f3r\u0105 wsp\u00f3\u0142zak\u0142ada\u0142. 4 maja 1961 roku zosta\u0142 ponownie aresztowany, a nast\u0119pnie 21 pa\u017adziernika 1961 roku skazany przez S\u0105d Wojew\u00f3dzki we Wroc\u0142awiu na kar\u0119 2,5 roku pozbawienia wolno\u015bci. Sprawa dotyczy\u0142a likwidacji ww. sp\u00f3\u0142dzielni, gdy\u017c obawiano si\u0119, \u017ce mo\u017ce by\u0107 baz\u0105 dla dzia\u0142alno\u015bci opozycyjnej. Antoni Lenkiewicz zosta\u0142 osadzony w ZK we Wroc\u0142awiu, nast\u0119pnie w Wo\u0142owie, a p\u00f3\u017aniej zosta\u0142 przeniesiony do O\u015brodka Pracy Wi\u0119\u017ani\u00f3w w Jaroszowie. W czerwcu 1963 roku zwolniono go warunkowo. W latach 1963 \u2013 1968 pracowa\u0142 jako referent ds. organizacyjno-prawnych we Wroc\u0142awskim Przedsi\u0119biorstwie Transportu Budownictwa Nr 2. 1 listopada 1968 roku zosta\u0142 zwolniony dyscyplinarnie za odmow\u0119 napisania listu do \u017co\u0142nierzy polskich bior\u0105cych udzia\u0142 w interwencji w Czechos\u0142owacji. Od listopada 1968 by\u0142 zatrudniony jako kierownik pracowni badawczej Wojew\u00f3dzkiej Sp\u00f3\u0142dzielni Pracy Prze\u0142adunek we Wroc\u0142awiu. W latach 1969 \u2013 1972 pe\u0142ni\u0142 funkcj\u0119 kierownika we wroc\u0142awskim O\u015brodku Badawczo-Rozwojowym Przedsi\u0119biorstwie Kopalnictwa Rud Metali Nie\u017celaznych. W latach 1972 \u2013 1980 kierowa\u0142 dzia\u0142em organizacji pracy w O\u015brodku Badawczo-Rozwojowym Oczyszczania Miast w \u0141odzi. W latach 1977 \u2013 1980 kolportowa\u0142 niezale\u017cne pisma, w tym m.in. \u201eBiuletyn Informacyjny\u201d KOR\/KSS KOR, \u201eBratniak\u201d i \u201eBiuletyn Dolno\u015bl\u0105ski\u201d. W latach 1979 \u2013 1980 wsp\u00f3\u0142pracowa\u0142 z Klubem Samoobrony Spo\u0142ecznej we Wroc\u0142awiu. Od wrze\u015bnia 1979 roku do roku 1991 nale\u017ca\u0142 do KPN. W latach 1979 \u2013 1990 wsp\u00f3\u0142pracowa\u0142 z redakcj\u0105 \u201eBiuletynu Dolno\u015bl\u0105skiego\u201d. Od lutego do marca 1980, wsp\u00f3\u0142organizowa\u0142 we Wroc\u0142awiu bojkot wybor\u00f3w do Sejmu PRL i rad narodowych. W dniach 26 \u2013 31 sierpnia 1980 roku udziela\u0142 prawnego wsparcia MKS we Wroc\u0142awiu. We wrze\u015bniu 1980 roku wst\u0105pi\u0142 do NSZZ \u201eSolidarno\u015b\u0107\u201d i zosta\u0142 kierownikiem zespo\u0142u doradc\u00f3w prawnych MKZ we Wroc\u0142awiu\/ZR Dolny \u015al\u0105sk. W dniach 21 \u2013 27 pa\u017adziernika 1980 roku pe\u0142ni\u0142 funkcj\u0119 rzecznika protestuj\u0105cych w czasie g\u0142od\u00f3wki kolejarzy w Lokomotywowni PKP Wroc\u0142aw G\u0142\u00f3wny. W latach 1980 \u2013 1981 by\u0142 wyk\u0142adowc\u0105 Wszechnicy Zwi\u0105zkowej \u201eS\u201d we Wroc\u0142awiu. W czerwcu 1981 roku zosta\u0142 delegatem na I WZD Regionu Dolny \u015al\u0105sk i cz\u0142onkiem ZR. Na prze\u0142omie wrze\u015bnia i pa\u017adziernika tego samego roku zosta\u0142 delegatem na I KZD. 27 wrze\u015bnia 1981 roku wszed\u0142 do grupy sygnatariuszy deklaracji za\u0142o\u017cycielskiej Klub\u00f3w S\u0142u\u017cby Niepodleg\u0142o\u015bci. W listopadzie tego samego roku zacz\u0105\u0142 organizowa\u0107 KSN we Wroc\u0142awiu. W latach 1980 \u2013 1981 wsp\u00f3\u0142pracownik niezale\u017cnych pism, w tym m.in. \u201eSolidarno\u015b\u0107 Dolno\u015bl\u0105ska\u201d, \u201eTygodnik Solidarno\u015b\u0107\u201d, \u201eZ Dnia na Dzie\u0144\u201d. Od pa\u017adziernika do grudnia 1981 roku by\u0142 te\u017c autorem i redaktorem pisma \u201eSemafor\u201d. Po wprowadzeniu stanu wojennego, 13 grudnia 1981 roku, zosta\u0142 internowany. By\u0142 przetrzymywany w O\u015brodkach Odosobnienia we Wroc\u0142awiu, Grodkowie, Strzelcach Opolskich, Nowym \u0141upkowie, Za\u0142\u0119\u017cu k. Rzeszowa i Kielcach-Piaskach. 23 grudnia 1982 roku zosta\u0142 zwolniony. Od grudnia 1982 roku do listopada 1985 roku by\u0142 autorem (ps. Internowany 2) i redaktorem naczelnym podziemnego czasopisma \u201eWiadomo\u015bci Bie\u017c\u0105ce\u201d. Od grudnia 1982 do roku 1990 pozostawa\u0142 bez sta\u0142ego zatrudnienia. W latach 1983 \u2013 1990 nale\u017ca\u0142 do struktur \u201eSolidarno\u015bci Walcz\u0105cej\u201d, by\u0142 jej zaprzysi\u0119\u017conym cz\u0142onkiem. W latach 1983 \u2013 1989 pe\u0142ni\u0142 funkcj\u0119 g\u0142\u00f3wnego animatora Chrze\u015bcija\u0144skiego Uniwersytetu Robotniczego przy Duszpasterstwie Ludzi Pracy przy parafii \u015bw. Klemensa Dworzaka we Wroc\u0142awiu. W latach 1983 \u2013 1989 wyk\u0142ada\u0142 w ko\u015bcio\u0142ach, DLP i KIK ca\u0142ej Polski. Od 30 pa\u017adziernika 1984 roku do roku 1985 nale\u017ca\u0142 do Komitetu Obrony Praw Cz\u0142owieka we Wroc\u0142awiu. W 1985 roku zainicjowa\u0142 obchody 50. rocznicy \u015bmierci Marsza\u0142ka J\u00f3zefa Pi\u0142sudskiego. 11 listopada 1985 roku zosta\u0142 zatrzymany po wyk\u0142adzie w ko\u015bciele \u015bw. Karola Boromeusza we Wroc\u0142awiu, 14 listopada go aresztowano i osadzono w Areszcie \u015aledczym, a p\u00f3\u017aniej w ZK we Wroc\u0142awiu. 11 sierpnia 1986 roku zosta\u0142 zwolniony. S\u0105d Rejonowy dla Wroc\u0142awia-Krzyki umorzy\u0142 post\u0119powanie wobec jego osoby. W latach 1986 \u2013 1989 ponownie szefowa\u0142 i pisa\u0142 do \u201eWiadomo\u015bci Bie\u017c\u0105cych\u201d. W grudniu 1986 zosta\u0142 cz\u0142onkiem-za\u0142o\u017cycielem Komisji Interwencji i Praworz\u0105dno\u015bci \u201eS\u201d. Od marca 1987 do roku 1988 pe\u0142ni\u0142 funkcj\u0119 rzecznika KIiP \u201eS\u201d Dolny \u015al\u0105sk. W latach osiemdziesi\u0105tych odbudowywa\u0142 dolno\u015bl\u0105sk\u0105 struktur\u0119 KPN. W latach 1987 \u2013 1990 by\u0142 redaktorem podziemnego pisma \u201eKonfederacja Dolno\u015bl\u0105ska\u201d. W wyborach 4 czerwca 1989 roku kandydowa\u0142 do Sejmu z listy KPN. Antoni Lenkiewicz jest autorem kilkuset artyku\u0142\u00f3w i kilkunastu ksi\u0105\u017cek. W 1985 roku zosta\u0142 laureatem nagrody Polcul Foundation. W 2006 roku zosta\u0142 odznaczony Krzy\u017cem Oficerskim Orderu Odrodzenia Polski.<br \/>\nOd 15 maja 1958 roku do 29 czerwca 1969 roku by\u0142 rozpracowywany przez Wydz. III KW MO we Wroc\u0142awiu w ramach SAS\/SOS\/SOO o kryptonimie \u201eDru\u017cyna\u201d. Od 10 grudnia 1971 roku do 31 marca 1978 roku w ramach KE o kryptonimie \u201eLipa\u201d. Od 15 wrze\u015bnia 1980 roku do 31 lipca 1984 roku przez Wydz. III-A\/III\/V KW MO\/WUSW w ramach SOR o kryptonimie \u201eDoradca\u201d. Od 11 pa\u017adziernika 1984 roku do 27 grudnia 1989 roku przez Wydz. III DUSW we Wroc\u0142awiu-Krzyki\/Inspektorat II WUSW we Wroc\u0142awiu w ramach KE\/SOR o kryptonimie \u201eCichy\u201d.<\/p>\n","protected":false},"excerpt":{"rendered":"<p>Urodzi\u0142 si\u0119 25 pa\u017adziernika 1934 roku w Ostro\u0142\u0119ce. W 1964 roku uko\u0144czy\u0142 studia na Wydziale Prawa i Administracji Uniwersytetu Wroc\u0142awskiego. W 1973 roku zda\u0142 egzaminy na Wydziale Historyczno-Filozoficznym i uzyska\u0142 tytu\u0142 doktora nauk prawnych. W latach 1945 \u2013 1949 oraz 1956 \u2013 1963 nale\u017ca\u0142 do ZHP. W latach 1949 \u2013 1952 by\u0142 organizatorem i cz\u0142onkiem [&hellip;]<\/p>\n","protected":false},"featured_media":1470,"template":"","meta":[],"_links":{"self":[{"href":"http:\/\/ludzie.fundacja-pih.pl\/index.php\/wp-json\/wp\/v2\/product\/1469"}],"collection":[{"href":"http:\/\/ludzie.fundacja-pih.pl\/index.php\/wp-json\/wp\/v2\/product"}],"about":[{"href":"http:\/\/ludzie.fundacja-pih.pl\/index.php\/wp-json\/wp\/v2\/types\/product"}],"wp:featuredmedia":[{"embeddable":true,"href":"http:\/\/ludzie.fundacja-pih.pl\/index.php\/wp-json\/wp\/v2\/media\/1470"}],"wp:attachment":[{"href":"http:\/\/ludzie.fundacja-pih.pl\/index.php\/wp-json\/wp\/v2\/media?parent=1469"}],"curies":[{"name":"wp","href":"https:\/\/api.w.org\/{rel}","templated":true}]}}