{"id":1484,"date":"2021-01-25T12:14:48","date_gmt":"2021-01-25T12:14:48","guid":{"rendered":"http:\/\/ludzie.fundacja-pih.pl\/?post_type=product&#038;p=1484"},"modified":"2025-05-16T14:13:43","modified_gmt":"2025-05-16T14:13:43","slug":"mittek-stanislaw-maria","status":"publish","type":"product","link":"http:\/\/ludzie.fundacja-pih.pl\/index.php\/product\/mittek-stanislaw-maria\/","title":{"rendered":"Mittek Stanis\u0142aw Maria"},"content":{"rendered":"<p>Urodzi\u0142 si\u0119 8 pa\u017adziernika 1951 roku we Wroc\u0142awiu.<\/p>\n<p>W 1983 roku uko\u0144czy\u0142 studia na Wydziale Mechaniczno-Energetycznym Politechniki Wroc\u0142awskiej. W 1969 roku pracowa\u0142 jako zaopatrzeniowiec w Instytucie Automatyki System\u00f3w Energetycznychwe we Wroc\u0142awiu. W 1970 roku by\u0142 zatrudniony jako maszynista pomp we wroc\u0142awskim Miejskim Przedsi\u0119biorstwie Wodnym i Kanalizacyjnym. W latach 1974 &#8211; 1976 pracowa\u0142 w Pogotowiu Ratunkowym i ZOZ dla Wroc\u0142awia-Fabryczna. W latach 1976 \u2013 1983 wykonywa\u0142 prace dorywcze. W latach 1980 \u2013 1981 by\u0142 zwi\u0105zany ze \u015brodowiskiem niezale\u017cnego pisma \u201eBiuletyn Dolno\u015bl\u0105ski\u201d (m.in. z Kornelem Morawieckim) m.in. konserwowa\u0142 sprz\u0119t poligraficzny. Po wprowadzeniu stanu wojennego, od grudnia 1981 roku do czerwca 1982 roku, wsp\u00f3\u0142pracowa\u0142 z poligrafi\u0105 RKS Dolny \u015al\u0105sk (z K. Morawieckim). W styczniu 1982 roku wsp\u00f3\u0142organizowa\u0142 akcj\u0119 przewiezienia (m.in. z Jerzym Pietraszk\u0105 i Jaros\u0142awem Twardowskim) powielacza z Olsztyna do Wroc\u0142awia. Od czerwca 1982 roku do roku 1990 nale\u017ca\u0142 do \u201eSolidarno\u015bci Walcz\u0105cej\u201d (wsp\u00f3\u0142pracowa\u0142 z Leszkiem Piotrem Jab\u0142o\u0144skim, Ma\u0142gorzat\u0105 Ostaszkiewicz, Stanis\u0142aw\u0105 Ew\u0105 Pielach\u0105 i Jerzym Pietraszk\u0105). By\u0142 uczestnikiem niekt\u00f3rych spotka\u0144 kierownictwa SW.  Od grudnia 1981 roku do 1987 roku wsp\u00f3\u0142pracowa\u0142 z grup\u0105 drukarzy skupion\u0105 wok\u00f3\u0142 Bogdana Makarskiego, pe\u0142ni\u0142 funkcj\u0119 jej \u0142\u0105cznika mi\u0119dzy RKS a SW. R\u00f3wnie\u017c od grudnia 1981 roku do 1987 roku by\u0142 producentem i konserwatorem sprz\u0119tu drukarskiego oraz drukarzem podziemnych pism \u201eZ Dnia na Dzie\u0144\u201d, \u201eSolidarno\u015b\u0107 Walcz\u0105ca\u201d, ulotek i broszur SW oraz  w latach 1983 &#8211; 1984 pisma \u201eNiteczka\u201d, \u201eBiuletyn Dolno\u015bl\u0105ski\u201d, \u201eWiadomo\u015bci Bie\u017c\u0105ce\u201d, \u201eReplika\u201d i w 1983 roku zgorzeleckiej \u201eFamy\u201d. Od grudnia 1981 roku do 1987 roku organizowa\u0142 sie\u0107 kolporta\u017cu we Wroc\u0142awiu oraz w Lublinie (Maria Kultys). W latach 1982 &#8211; 1987 organizowa\u0142 materia\u0142y poligraficzne (m.in. od Marka Pil\u015bniakowskiego z Legnicy). Organizowa\u0142 tak\u017ce szkolenia z zakresu druku i by\u0142 jego instruktorem. Od stycznia do czerwca 1982 roku wsp\u00f3\u0142organizowa\u0142 Oddzia\u0142u RKS Dolny \u015al\u0105sk w Zgorzelcu. Wsp\u00f3\u0142organizowa\u0142 tam kolporta\u017c, a od kwietnia 1982 roku, tak\u017ce by\u0142 organizatorem i instruktorem szkolenia drukarskiego (wyszkoli\u0142 m.in. Ryszarda Serw\u0119). Efektem tego by\u0142 druk okoliczno\u015bciowego satyrycznego pisma \u201eJajco\u201d Od czerwca 1982 roku do 1987 roku wsp\u00f3\u0142pracowa\u0142 z tamtejszym oddzia\u0142em SW. W latach 1984 \u2013 1986 wraz z Jerzym Pietraszk\u0105 i J\u00f3zefem Swastkiem organizowa\u0142 Grup\u0119 SW Izery. W latach 1982 \u2013 1988, by\u0142 wsp\u00f3\u0142pracownikiem kontrwywiadu SW. W latach 1982 &#8211; 1983 wsp\u00f3\u0142zak\u0142ada\u0142, redagowa\u0142 i przepisywa\u0142 na matryce teksty zgorzeleckiego podziemnego pisma \u201eFama\u201d. W latach 1982 \u2013 1983 by\u0142 wsp\u00f3\u0142tw\u00f3rc\u0105 Radia SW, projektantem i wytw\u00f3rc\u0105 nadajnik\u00f3w. W mieszkaniu Stanis\u0142awa Marii Mittka nagrywano pierwsze audycje tego radia. Bra\u0142 udzia\u0142 w akcji emisji Radia SW we Wroc\u0142awiu oraz pozyskiwania komponent\u00f3w elektronicznych do nadajnik\u00f3w (m.in. od Marka Gajdy z Lubina). W latach 1983 &#8211; 1984 wsp\u00f3\u0142pracowa\u0142 z redakcj\u0105 podziemnego pisma \u201eNiteczka\u201d. W 1983 roku pracowa\u0142 jako dekarz w Rolniczej Sp\u00f3\u0142dzielni Produkcyjnej w Maniowie Wielkim. W latach 1984 \u2013 1986 pisa\u0142 (ps. St. \u017bmijewski) do podziemnego pisma \u201eMy\u015bli\u201d. W latach 1984 &#8211; 1990 by\u0142 zatrudniony w Zak\u0142adzie Us\u0142ug Wysoko\u015bciowych Taternik we Wroc\u0142awiu. Po 1990 prowadzi\u0142 dzia\u0142alno\u015b\u0107 gospodarcz\u0105. W 2007 roku przy\u0142\u0105czy\u0142 si\u0119 do Stowarzyszenia Solidarno\u015b\u0107 Walcz\u0105ca. W 2017 roku przeszed\u0142 na emerytur\u0119. <\/p>\n","protected":false},"excerpt":{"rendered":"<p>Urodzi\u0142 si\u0119 8 pa\u017adziernika 1951 roku we Wroc\u0142awiu. W 1983 roku uko\u0144czy\u0142 studia na Wydziale Mechaniczno-Energetycznym Politechniki Wroc\u0142awskiej. W 1969 roku pracowa\u0142 jako zaopatrzeniowiec w Instytucie Automatyki System\u00f3w Energetycznychwe we Wroc\u0142awiu. W 1970 roku by\u0142 zatrudniony jako maszynista pomp we wroc\u0142awskim Miejskim Przedsi\u0119biorstwie Wodnym i Kanalizacyjnym. W latach 1974 &#8211; 1976 pracowa\u0142 w Pogotowiu Ratunkowym [&hellip;]<\/p>\n","protected":false},"featured_media":1485,"template":"","meta":[],"_links":{"self":[{"href":"http:\/\/ludzie.fundacja-pih.pl\/index.php\/wp-json\/wp\/v2\/product\/1484"}],"collection":[{"href":"http:\/\/ludzie.fundacja-pih.pl\/index.php\/wp-json\/wp\/v2\/product"}],"about":[{"href":"http:\/\/ludzie.fundacja-pih.pl\/index.php\/wp-json\/wp\/v2\/types\/product"}],"wp:featuredmedia":[{"embeddable":true,"href":"http:\/\/ludzie.fundacja-pih.pl\/index.php\/wp-json\/wp\/v2\/media\/1485"}],"wp:attachment":[{"href":"http:\/\/ludzie.fundacja-pih.pl\/index.php\/wp-json\/wp\/v2\/media?parent=1484"}],"curies":[{"name":"wp","href":"https:\/\/api.w.org\/{rel}","templated":true}]}}