{"id":1492,"date":"2021-01-25T12:19:39","date_gmt":"2021-01-25T12:19:39","guid":{"rendered":"http:\/\/ludzie.fundacja-pih.pl\/?post_type=product&#038;p=1492"},"modified":"2025-05-16T14:13:46","modified_gmt":"2025-05-16T14:13:46","slug":"myc-andrzej","status":"publish","type":"product","link":"http:\/\/ludzie.fundacja-pih.pl\/index.php\/product\/myc-andrzej\/","title":{"rendered":"Myc Andrzej"},"content":{"rendered":"<p>Urodzi\u0142 si\u0119 21 marca 1953 roku w Legnicy.<\/p>\n<p>W 1977 roku uko\u0144czy\u0142 studia na kierunku biologia na Uniwersytecie Wroc\u0142awskim. W 1984 roku uzyska\u0142 stopie\u0144 doktora, a w 2012 roku habilitacj\u0119. W latach 1972 \u2013 1977 nale\u017ca\u0142 do ZSP\/SZSP. Od 1977 roku do stycznia 1988 roku by\u0142 pracownikiem naukowym Instytutu Immunologii i Terapii Do\u015bwiadczalnej PAN we Wroc\u0142awiu. W latach 1979 \u2013 1981 kolportowa\u0142 niezale\u017cne czasopismo \u201eBiuletyn Dolno\u015bl\u0105ski\u201d. We wrze\u015bniu 1980 roku wst\u0105pi\u0142 do NSZZ \u201eSolidarno\u015b\u0107\u201d, wszed\u0142 w sk\u0142ad Komitetu Za\u0142o\u017cycielskiego, a nast\u0119pnie KZ. W latach 1980 &#8211; 1981 bra\u0142 udzia\u0142 w pracach Komisji Porozumiewawczej Nauki i O\u015bwiaty we Wroc\u0142awiu. Po wprowadzeniu stanu wojennego, w dniach 13 \u2013 15 grudnia 1981 roku, by\u0142 wsp\u00f3\u0142organizatorem strajku w zak\u0142adzie pracy oraz przewodnicz\u0105cym Tajnego KS. Od grudnia 1981 roku do czerwca 1982 roku organizowa\u0142 sie\u0107 kolporta\u017cu RKS Dolny \u015al\u0105sk. Od czerwca 1982 roku do roku 1990 by\u0142 zaprzysi\u0119\u017conym cz\u0142onkiem \u201eSolidarno\u015bci Walcz\u0105cej\u201d. Od czerwca 1982 roku do roku 1988 wchodzi\u0142 w sk\u0142ad Rady Politycznej SW. W latach 1984 &#8211; 1988 nale\u017ca\u0142 do Komitetu Wykonawczego SW, gdzie odpowiada\u0142 m.in. za finanse i kolporta\u017c. Organizowa\u0142 tzw. skrzynki kontaktowe i kryj\u00f3wki dla ukrywaj\u0105cych si\u0119 dzia\u0142aczy podziemnej \u201eSolidarno\u015bci\u201d. Pozyskiwa\u0142 wsp\u00f3\u0142pracownik\u00f3w SW poza Wroc\u0142awiem, m.in. w Dzier\u017coniowie, Legnicy i Pile. W latach 1982 \u2013 1987 by\u0142 autorem i redaktorem podziemnych pism \u201eSolidarno\u015b\u0107 Walcz\u0105ca\u201d oraz \u201eBIS\u201d (ps. Antoni Kurpisz, wsp\u00f3lny z Ann\u0105 i Markiem Bireckimi). Od grudnia 1981 roku do lutego 1988 roku, kolportowa\u0142 pras\u0119 podziemn\u0105 w tym m.in.: \u201eBiuletyn Dolno\u015bl\u0105ski\u201d, \u201eZ Dnia na Dzie\u0144\u201d, \u201eWiadomo\u015bci Bie\u017c\u0105ce\u201d, \u201eSolidarno\u015b\u0107 Walcz\u0105c\u201d i \u201eBIS\u201d. 13 stycznia 1984 roku zosta\u0142 zatrzymany. 14 stycznia  aresztowany i osadzony w Areszcie \u015aledczym we Wroc\u0142awiu. 26 lipca zosta\u0142 zwolniony na mocy amnestii. Wkr\u00f3tce potem zosta\u0142 zwolniony z pracy, nast\u0119pnie przywr\u00f3cony dzi\u0119ki postawie dyrektora Instytutu prof. Stefana \u015alopka. 4 grudnia 1986 roku zosta\u0142 uprowadzony przez funkcjonariuszy SB \u017c\u0105daj\u0105cych podj\u0119cia wsp\u00f3\u0142pracy oraz wskazania miejsca ukrywania si\u0119 Kornela Morawieckiego. Po kategorycznej odmowie zosta\u0142 uwolniony, jednak p\u00f3\u017aniej nadal by\u0142 n\u0119kany przez SB. 24 listopada 1987 roku, wraz z Piotrem Medoniem, bra\u0142 udzia\u0142 w demonstracji i akcji rozrzucania ulotek z rusztowania wroc\u0142awskiego ratusza z transparentem domagaj\u0105cym si\u0119 uwolnienia Kornela Morawieckiego i Hanny \u0141ukowskiej-Karniej. W latach 1983 \u2013 1987 by\u0142 wielokrotnie zatrzymywany, wzywany na przes\u0142uchania i rozmowy ostrzegawcze. Kilkakrotnie by\u0142 r\u00f3wnie\u017c poddawany rewizjom. Od lutego 1988 roku do czerwca 1993 roku by\u0142 stypendyst\u0105 naukowym Fundacji im. Alfreda Jurzykowskiego w Memorial Sloan-Kettering Cancer Center w Nowym Jorku. W latach 1988 \u2013 1989, przebywaj\u0105c w Stanach Zjednaczonych, organizowa\u0142 wsparcie finansowe dla SW. Latem 1988 roku wsp\u00f3\u0142organizowa\u0142 wizyty Kornala Morawieckiego w USA. Andrzej Myc po roku 1990 zawodowo by\u0142 zwi\u0105zany z nauk\u0105. Jest autorem i wsp\u00f3\u0142autorem kilkunastu patent\u00f3w i ponad 60 prac naukowych, w wi\u0119kszo\u015bci dotycz\u0105cych zastosowania nanotechnologii w medycynie. Od 2007 roku jest cz\u0142onkiem Stowarzyszenia Solidarno\u015b\u0107 Walcz\u0105ca. W 2007 zosta\u0142 odznaczony Krzy\u017cem Oficerskim Orderu Odrodzenia Polski, w 2017 roku Krzy\u017cem Wolno\u015bci i Solidarno\u015bci. Od 1982 roku by\u0142 rozpracowywany przez KW MO\/WUSW we Wroc\u0142awiu w ramach SOR o kryptonimie \u201eLogos\u201d.<\/p>\n","protected":false},"excerpt":{"rendered":"<p>Urodzi\u0142 si\u0119 21 marca 1953 roku w Legnicy. W 1977 roku uko\u0144czy\u0142 studia na kierunku biologia na Uniwersytecie Wroc\u0142awskim. W 1984 roku uzyska\u0142 stopie\u0144 doktora, a w 2012 roku habilitacj\u0119. W latach 1972 \u2013 1977 nale\u017ca\u0142 do ZSP\/SZSP. Od 1977 roku do stycznia 1988 roku by\u0142 pracownikiem naukowym Instytutu Immunologii i Terapii Do\u015bwiadczalnej PAN we [&hellip;]<\/p>\n","protected":false},"featured_media":1493,"template":"","meta":[],"_links":{"self":[{"href":"http:\/\/ludzie.fundacja-pih.pl\/index.php\/wp-json\/wp\/v2\/product\/1492"}],"collection":[{"href":"http:\/\/ludzie.fundacja-pih.pl\/index.php\/wp-json\/wp\/v2\/product"}],"about":[{"href":"http:\/\/ludzie.fundacja-pih.pl\/index.php\/wp-json\/wp\/v2\/types\/product"}],"wp:featuredmedia":[{"embeddable":true,"href":"http:\/\/ludzie.fundacja-pih.pl\/index.php\/wp-json\/wp\/v2\/media\/1493"}],"wp:attachment":[{"href":"http:\/\/ludzie.fundacja-pih.pl\/index.php\/wp-json\/wp\/v2\/media?parent=1492"}],"curies":[{"name":"wp","href":"https:\/\/api.w.org\/{rel}","templated":true}]}}