{"id":1494,"date":"2021-01-25T12:20:54","date_gmt":"2021-01-25T12:20:54","guid":{"rendered":"http:\/\/ludzie.fundacja-pih.pl\/?post_type=product&#038;p=1494"},"modified":"2025-05-16T14:13:47","modified_gmt":"2025-05-16T14:13:47","slug":"myslecki-wojciech-andrzej","status":"publish","type":"product","link":"http:\/\/ludzie.fundacja-pih.pl\/index.php\/product\/myslecki-wojciech-andrzej\/","title":{"rendered":"My\u015blecki Wojciech Andrzej"},"content":{"rendered":"<p>Urodzi\u0142 si\u0119 22 lipca 1948 roku we Wroc\u0142awiu.<\/p>\n<p>W 1970 roku uko\u0144czy\u0142 studia na Wydziale Elektroniki na Politechnice Wroc\u0142awskiej. W 1978 roku uzyska\u0142 stopie\u0144 doktora. W latach 1956 -1958 nale\u017ca\u0142 do ZHP. W latach 1967 &#8211; 1970 by\u0142 cz\u0142onkiem ZSP. W latach 1975 &#8211; 1980 nale\u017ca\u0142 do ZNP. W okresie 1972 &#8211; 2008 by\u0142 cz\u0142onkiem Polskiego Towarzystwie Akustycznym. Od 1975 roku w Polskim Towarzystwie Fonetycznym. W latach 1970 &#8211; 2008 pracowa\u0142 jako asystent, adiunkt (od czerwca do grudnia 1981 roku by\u0142 dyrektorem Gabinetu Rektora) na Wydziale Elektroniki Politechniki Wroc\u0142awskiej. W marcu 1968 roku wsp\u00f3\u0142organizowa\u0142 i uczestniczy\u0142 w akcjach protestacyjnych student\u00f3w Politechniki Wroc\u0142awskiej. Nale\u017ca\u0142 do Komisji Organizacji Wiec\u00f3w Uczelni Wroc\u0142awskich oraz Mi\u0119dzyuczelnianego Komitetu Student\u00f3w Wroc\u0142awia. 1 maja 1968 roku by\u0142 wsp\u00f3\u0142organizatorem i uczestnikiem demonstracji studenckiej w obronie wi\u0119zionych student\u00f3w w czasie oficjalnego pochodu. Od pa\u017adziernika do listopada 1976 roku organizowa\u0142 zbi\u00f3rki pieni\u0119dzy dla robotnik\u00f3w represjonowanych w Radomiu. W latach 1979 &#8211; 1980 wsp\u00f3\u0142pracowa\u0142 z Klubem Samoobrony Spo\u0142ecznej we Wroc\u0142awiu oraz \u015brodowiskami skupionymi wok\u00f3\u0142 niezale\u017cnego pisma \u201eBiuletyn Dolno\u015bl\u0105ski\u201d. W marcu 1980 roku by\u0142 sygnatariuszem petycji tzw. 72 postulat\u00f3w adresowanych do uczestnik\u00f3w Walnego Zjazdu ZNP Politechniki Wroc\u0142awskiej. Od 26 sierpnia do 1 wrze\u015bnia 1980 roku by\u0142 doradc\u0105 strajkuj\u0105cych m. in. MKS we Wroc\u0142awiu. Wsp\u00f3\u0142organizowa\u0142  strajk  na Politechnice Wroc\u0142awskiej, wchodzi\u0142 w sk\u0142ad KS PWr. oraz by\u0142 organizatorem druku odezw i ulotek. We wrze\u015bniu 1980 wst\u0105pi\u0142 do NSZZ \u201eSolidarno\u015b\u0107\u201d. Od 13 grudnia 1980 roku do pa\u017adziernika 1981 roku nale\u017ca\u0142 do Prezydium KZ (nale\u017ca\u0142 do zespo\u0142u ds. socjalnych). W czerwcu 1981 roku by\u0142 delegatem na WZD Regionu Dolny \u015al\u0105sk. Od lutego do czerwca 1981 roku wchodzi\u0142 w sk\u0142ad Komisji Porozumiewawczej ds. Utworzenia Makroregionu Dolny \u015al\u0105sk \u201eSolidarno\u015b\u0107\u201d we Wroc\u0142awiu. Od jesieni 1980 roku do wrze\u015bnia 1981 roku by\u0142 cz\u0142onkiem Komisji Porozumiewawczej \u201eS\u201d Politechniki Wroc\u0142awskiej z w\u0142adzami uczelni. Po wprowadzeniu stanu wojennego, w dniach 13 &#8211; 14 grudnia 1981 roku, wsp\u00f3\u0142organizowa\u0142 strajk na Politechnice Wroc\u0142awskiej. 16 grudnia tego samego roku zosta\u0142 zatrzymany. 18 grudnia zosta\u0142 internowany i osadzony w O\u015brodkach Odosobnienia we Wroc\u0142awiu, Grodkowie i Nysie. 14 sierpnia 1982 roku zwolniony. Od pa\u017adziernika 1982 roku do 1990 roku by\u0142 zaprzysi\u0119\u017cony cz\u0142onkiem \u201eSolidarno\u015bci Walcz\u0105cej\u201d. W latach 1982 &#8211; 1990 wsp\u00f3\u0142organizowa\u0142 dzia\u0142alno\u015b\u0107 informacyjno-propagandow\u0105, by\u0142 tak\u017ce wsp\u00f3\u0142organizatorem i uczestnikiem akcji ulotowych, plakatowych i manifestacji ulicznych. Od marca 1983 roku do 1990 roku Wojciech Andrzej My\u015blecki nale\u017ca\u0142 do grupy kieruj\u0105cej SW, b\u0119d\u0105c odpowiedzialnym za pion organizacyjny, dzia\u0142 \u0142\u0105czno\u015bci z krajem (tworzenie i nadz\u00f3r nad oddzia\u0142ami SW w in. miastach) oraz za kontakty z zagranic\u0105 i przej\u0119cia transport\u00f3w ze sprz\u0119tem i materia\u0142ami poligraficznymi. Od pa\u017adziernika 1984 roku do 1990 roku wchodzi\u0142 w sk\u0142ad Komitetu Wykonawczego SW, od lipca 1989 roku do 1990 roku by\u0142 jednym z jej jawnych przedstawicieli. W latach 1982 \u2013 1989, z ramienia SW, by\u0142 wsp\u00f3\u0142pracownikiem, konsultantem, reprezentantem i \u0142\u0105cznikiem z organizacjami podziemnymi\/niezale\u017cnymi, w tym m.in.: Grup\u0105 Porozumiewawcz\u0105 Opozycji Dolno\u015bl\u0105skiej, Arcybiskupim Komitetem Charytatywnym we Wroc\u0142awiu, Prymasowskim Komitetem Pomocy Osobom Pozbawionym Wolno\u015bci i ich Rodzinom w Warszawie oraz grup\u0105 wroc\u0142awskich adwokat\u00f3w m.in. Stanis\u0142awem Afend\u0105, Arank\u0105 Kiszyn\u0105, Joann\u0105 \u0141adomirsk\u0105-Zelg\u0105, Henrykiem Ross\u0105. W latach 1983   &#8211; 1990 wsp\u00f3\u0142organizowa\u0142 oraz dzia\u0142a\u0142 w kom\u00f3rce wywiadu i kontrwywiadu SW. W tym samym okresie by\u0142 te\u017c jednym jeden z g\u0142\u00f3wnych organizator\u00f3w i koordynator\u00f3w ruchu wydawniczego SW. R\u00f3wnie\u017c w latach 1983 &#8211; 1989 redagowa\u0142, wsp\u00f3\u0142pracowa\u0142 i pisywa\u0142 do podziemnych pism w tym m.in. do \u201eBiuletynu Dolno\u015bl\u0105skiego\u201d, \u201eSolidarno\u015bci Walcz\u0105cej\u201d (ps. Andrzej Lesowski, Jerzy Lubicz), 1984 \u2013 1987 \u201eWalki\u201d (ps. Jerzy Lubicz) i 1986 \u2013 1989 \u201eSolidarno\u015bci Dolno\u015bl\u0105skiej\u201d. 28 lutego 1984 roku zosta\u0142 zatrzymany, 29 lutego aresztowany i osadzony w Areszcie \u015aledczym we Wroc\u0142awiu. 26 lipca 1984 roku zosta\u0142 zwolniony na mocy amnestii. 30 lipca tego samego roku S\u0105d Rejonowy dla Wroc\u0142awia-Fabryczna umorzy\u0142 post\u0119powanie w jego sprawie. W latach 1984 \u2013 1990 by\u0142 wsp\u00f3\u0142pracownikiem podziemnego Radia SW. Od 30 pa\u017adziernika 1984 roku do 1986 roku nale\u017ca\u0142 do Komitetu Obrony Praw Cz\u0142owieka we Wroc\u0142awiu. W latach 1984 &#8211; 1989 by\u0142 wyk\u0142adowc\u0105 w Duszpasterstwach Ludzi Pracy oraz w trakcie Tygodni Kultury Chrze\u015bcija\u0144skiej (m.in. we Wroc\u0142awiu, Lubaniu, G\u0142ogowie, Lubinie). W latach 1986 &#8211; 1989 wsp\u00f3\u0142pracowa\u0142 z Komisj\u0105 Interwencji i Praworz\u0105dno\u015bci NSZZ \u201eS\u201d. W maju 1987 roku, wraz z Kornelem Morawieckim i Andrzejem Zarachem opracowa\u0142 Zasady ideowe i programa dzia\u0142ania Solidarno\u015bci Walcz\u0105cej. W dniach 25 \u2013 28 sierpnia 1988 roku, wsp\u00f3\u0142organizowa\u0142 Mi\u0119dzynarodow\u0105 Konferencj\u0119 Praw Cz\u0142owieka w Krakowie-Mistrzejowicach. Wojciech Andrzej My\u015blecki w latach 1982 \u2013 1988 by\u0142 wielokrotnie zatrzymywany, przes\u0142uchiwany, poddawany rewizjom oraz karany grzywnami przez kolegia ds. wykrocze\u0144. Od 2008 roku jest cz\u0142onkiem Stowarzyszenia Solidarno\u015b\u0107 Walcz\u0105ca. Jest autorem kilkudziesi\u0119ciu prac naukowych z zakresu telekomunikacji, cyfrowego przetwarzania sygna\u0142\u00f3w i informatyki zarz\u0105dczej, energetyki i strategii gospodarczej. Wojciech Andrzej My\u015blecki zosta\u0142 odznaczony m.in. w 1999 roku Krzy\u017cem Komandorskim z Gwiazd\u0105 Orderu \u015bw. Stanis\u0142awa, w 2007 roku Krzy\u017cem Oficerskim Orderu Odrodzenia Polski, w 2014 roku Medalem Milito Pro Christo. Od 29 grudnia 1982 roku do 28 stycznia 1990 roku by\u0142 rozpracowywany przez Wydz. III\/Wydz. III-1\/Wydz. V-1\/Insp. 2 KW MO\/WUSW we Wroc\u0142awiu w ramach SOS\/SOR o kryptonimie \u201eKo\u0142o\u201d.<\/p>\n","protected":false},"excerpt":{"rendered":"<p>Urodzi\u0142 si\u0119 22 lipca 1948 roku we Wroc\u0142awiu. W 1970 roku uko\u0144czy\u0142 studia na Wydziale Elektroniki na Politechnice Wroc\u0142awskiej. W 1978 roku uzyska\u0142 stopie\u0144 doktora. W latach 1956 -1958 nale\u017ca\u0142 do ZHP. W latach 1967 &#8211; 1970 by\u0142 cz\u0142onkiem ZSP. W latach 1975 &#8211; 1980 nale\u017ca\u0142 do ZNP. W okresie 1972 &#8211; 2008 by\u0142 cz\u0142onkiem [&hellip;]<\/p>\n","protected":false},"featured_media":1495,"template":"","meta":[],"_links":{"self":[{"href":"http:\/\/ludzie.fundacja-pih.pl\/index.php\/wp-json\/wp\/v2\/product\/1494"}],"collection":[{"href":"http:\/\/ludzie.fundacja-pih.pl\/index.php\/wp-json\/wp\/v2\/product"}],"about":[{"href":"http:\/\/ludzie.fundacja-pih.pl\/index.php\/wp-json\/wp\/v2\/types\/product"}],"wp:featuredmedia":[{"embeddable":true,"href":"http:\/\/ludzie.fundacja-pih.pl\/index.php\/wp-json\/wp\/v2\/media\/1495"}],"wp:attachment":[{"href":"http:\/\/ludzie.fundacja-pih.pl\/index.php\/wp-json\/wp\/v2\/media?parent=1494"}],"curies":[{"name":"wp","href":"https:\/\/api.w.org\/{rel}","templated":true}]}}