{"id":1500,"date":"2021-01-25T12:25:37","date_gmt":"2021-01-25T12:25:37","guid":{"rendered":"http:\/\/ludzie.fundacja-pih.pl\/?post_type=product&#038;p=1500"},"modified":"2025-05-16T14:13:49","modified_gmt":"2025-05-16T14:13:49","slug":"olesiewicz-ryszard","status":"publish","type":"product","link":"http:\/\/ludzie.fundacja-pih.pl\/index.php\/product\/olesiewicz-ryszard\/","title":{"rendered":"Olesiewicz Ryszard"},"content":{"rendered":"<p>Urodzi\u0142 si\u0119 19 lutego 1946 roku w Knyszynie, zm. 22 kwietnia 2013 roku we Wroc\u0142awiu.<\/p>\n<p>W 1976 roku uko\u0144czy\u0142 studia na Wydziale Budownictwa  Politechniki Wroc\u0142awskiej. W latach 1967 &#8211; 1968 pracowa\u0142 jako inspektor nadzoru w Wojskowym Rejonowym Zarz\u0105dzie Kwaterunkowo-Budowlanym we Wroc\u0142awiu (zrezygnowa\u0142 z pracy z powodu interwencji \u201eludowego\u201d Wojska Polskiego w Czechos\u0142owacji). W latach 1968 -1970 pe\u0142ni\u0142 funkcj\u0119 kierownika rob\u00f3t budowlanych w Wojew\u00f3dzkim Szpitalu Chor\u00f3b Uk\u0142adu Nerwowego w Lubi\u0105\u017cu. W latach 1970 \u2013 1974 by\u0142 zatrudniony jako kierownik Wydzia\u0142u Budowlanego w Pa\u0144stwowym O\u015brodku Maszynowym w Wo\u0142owie. W latach 1974 \u2013 1976 pracowa\u0142 jako kierownik budowy w Przedsi\u0119biorstwie Rob\u00f3t In\u017cynieryjnych Budownictwa Przemys\u0142owego we Wroc\u0142awiu. W latach 1976 \u2013 1981 kilkakrotnie pracowa\u0142 w RFN. Z Berlina Zachodniego przemyca\u0142 do kraju czasopismo \u201ePrzegl\u0105d\u201d. W 1979 roku przy\u0142\u0105czy\u0142 si\u0119 do KPN. By\u0142 wsp\u00f3\u0142pracownikiem Tadeusza Jandziszaka, dzia\u0142acza Stowarzyszenia Pax i KPN. Ryszard Olesiewicz w latach 1980 &#8211; 1981 by\u0142 wsp\u00f3\u0142pracownikiem NZS Uniwersytetu Wroc\u0142awskiego, kolportowa\u0142 ksi\u0105\u017cki wydawnictw niezale\u017cnych otrzymywanych od wsp\u00f3\u0142pracownik\u00f3w Wincentego Korsana. Od maja do grudnia 1981 roku by\u0142 zwi\u0105zany ze \u015brodowiskiem Zwi\u0105zku M\u0142odzie\u017cy Pracuj\u0105cej \u201eRobotnik\u201d we Wroc\u0142awiu. W lipcu 1981 roku, wraz z Jackiem \u015aciob\u0142owskim i innymi wsp\u00f3\u0142zak\u0142ada\u0142, redagowa\u0142 i by\u0142 autorem (ps. Olgierd, Najman) niezale\u017cnego pisma \u201eM\u0142ody Robotnik\u201d. W 1981 nale\u017ca\u0142 do KOWzP we Wroc\u0142awiu. Po wprowadzeniu stanu wojennego ukrywa\u0142 si\u0119.  Wsp\u00f3\u0142pracowa\u0142 z RKS \u201eSolidarno\u015b\u0107\u201d Dolny \u015al\u0105sk. Na pocz\u0105tku 1982 roku, za po\u015brednictwem Wioletty Sawicz, przekaza\u0142 zespo\u0142owi drukarzy Kornela Morawieckiego 3 powielacze. Od czerwca 1982 roku wsp\u00f3\u0142pracowa\u0142 z \u201eSolidarno\u015bci\u0105 Walcz\u0105c\u0105\u201d. Od 1982 roku do  30 pa\u017adziernika 1987 roku zajmowa\u0142 si\u0119 drukiem i kolporta\u017cem podziemnych pism: \u201eZ Dnia na Dzie\u0144\u201d, \u201eSolidarno\u015b\u0107 Walcz\u0105ca\u201d,  \u201eNiepodleg\u0142o\u015b\u0107. Kolportowa\u0142 ksi\u0105\u017cki wydawnictw podziemnych. Od stycznia do pa\u017adziernika 1982 roku dzia\u0142a\u0142 w komitetach pomocy internowanym przy ko\u015bcio\u0142ach \u015bw. Doroty, \u015bw. Stanis\u0142awa i \u015bw. Wac\u0142awa oraz \u015bw. El\u017cbiety W\u0119gierskiej. 5 pa\u017adziernika 1982 roku zosta\u0142 aresztowany (z Aleksandr\u0105 Matkowsk\u0105). By\u0142 przetrzymywany w areszcie KW MO we Wroc\u0142awiu. 1 listopada 1982 roku zosta\u0142  internowany i osadzony w O\u015brodku Odosobnienia w Nysie. 24 grudnia 1982 roku zwolniony. Od lutego 1983 roku do 30 pa\u017adziernika 1987 roku drukowa\u0142 (z Marianem Filarem) czasopisma takie jak: \u201eZ Dnia na Dzie\u0144\u201d, \u201eWiadomo\u015bci Bie\u017c\u0105ce\u201d, \u201eSolidarno\u015b\u0107 Walcz\u0105ca\u201d, \u201eNiepodleg\u0142o\u015b\u0107\u201d oraz ulotki. Od grudnia 1981 roku do stycznia 1985 roku szefowa\u0142 Kierownictwu Akcji Bie\u017c\u0105cej Obszaru Zachodniego KPN we Wroc\u0142awiu. Od lutego 1985 roku nale\u017ca\u0142 do  Polskiej Partii Niepodleg\u0142o\u015bciowej. W latach 1983 \u2013 1988 by\u0142 autorem (ps. Najman) w \u201eNiepodleg\u0142o\u015bci\u201d. Do 1989 roku kolportowa\u0142 podziemne czasopisma oraz ksi\u0105\u017cki we Wroc\u0142awiu. W latach 1983 &#8211; 1986 pe\u0142ni\u0142 funkcj\u0119 kuriera wydawnictw podziemnych do Jeleniej G\u00f3ry, Wa\u0142brzycha i \u015awieradowa-Zdroju. W latach 1984 \u2013 1987 pracowa\u0142 jako kierownik Schroniska dla Bezdomnych Zwierz\u0105t we Wroc\u0142awiu. W latach 1987 \u2013 1991 przebywa\u0142 na rencie. Od 12 lipca 1983 do 30 wrze\u015bnia 1986 roku by\u0142 rozpracowywany przez Wydz. III KW MO\/WUSW we Wroc\u0142awiu w ramach SOR o kryptonimie \u201eWataha\u201d.<\/p>\n","protected":false},"excerpt":{"rendered":"<p>Urodzi\u0142 si\u0119 19 lutego 1946 roku w Knyszynie, zm. 22 kwietnia 2013 roku we Wroc\u0142awiu. W 1976 roku uko\u0144czy\u0142 studia na Wydziale Budownictwa Politechniki Wroc\u0142awskiej. W latach 1967 &#8211; 1968 pracowa\u0142 jako inspektor nadzoru w Wojskowym Rejonowym Zarz\u0105dzie Kwaterunkowo-Budowlanym we Wroc\u0142awiu (zrezygnowa\u0142 z pracy z powodu interwencji \u201eludowego\u201d Wojska Polskiego w Czechos\u0142owacji). W latach 1968 [&hellip;]<\/p>\n","protected":false},"featured_media":1501,"template":"","meta":[],"_links":{"self":[{"href":"http:\/\/ludzie.fundacja-pih.pl\/index.php\/wp-json\/wp\/v2\/product\/1500"}],"collection":[{"href":"http:\/\/ludzie.fundacja-pih.pl\/index.php\/wp-json\/wp\/v2\/product"}],"about":[{"href":"http:\/\/ludzie.fundacja-pih.pl\/index.php\/wp-json\/wp\/v2\/types\/product"}],"wp:featuredmedia":[{"embeddable":true,"href":"http:\/\/ludzie.fundacja-pih.pl\/index.php\/wp-json\/wp\/v2\/media\/1501"}],"wp:attachment":[{"href":"http:\/\/ludzie.fundacja-pih.pl\/index.php\/wp-json\/wp\/v2\/media?parent=1500"}],"curies":[{"name":"wp","href":"https:\/\/api.w.org\/{rel}","templated":true}]}}