{"id":1504,"date":"2021-01-25T12:28:19","date_gmt":"2021-01-25T12:28:19","guid":{"rendered":"http:\/\/ludzie.fundacja-pih.pl\/?post_type=product&#038;p=1504"},"modified":"2025-05-16T14:13:50","modified_gmt":"2025-05-16T14:13:50","slug":"oziewicz-marian","status":"publish","type":"product","link":"http:\/\/ludzie.fundacja-pih.pl\/index.php\/product\/oziewicz-marian\/","title":{"rendered":"Oziewicz Marian"},"content":{"rendered":"<p>Urodzi\u0142 si\u0119 29 sierpnia 1943 roku w Wilnie.<\/p>\n<p>W 1976 roku uko\u0144czy\u0142 studia na Wydziale Elektroniki na Politechnice Gda\u0144skiej, w 2005 roku, na tej samej uczelnie uzyska\u0142 stopie\u0144 doktora. W latach 1967 \u2013 1968 pracowa\u0142 jako asystent w Instytucie Elektroniki PG. W latach  1968 \u2013 1972 odby\u0142 studia doktoranckie w Instytucie Fizyki Teoretycznej Uniwersytetu Wroc\u0142awskiego. W latach 1972 &#8211; 1980 asystent tam\u017ce. W latach 1980 \u2013 1985 by\u0142 zatrudniony w Oddziale PAN we Wroc\u0142awiu jako sekretarz Sekcji Terminologii Nauk \u015acis\u0142ych przy Prezydium PAN. W 1985 roku pracowa\u0142 na stanowisku in\u017cyniera w Instytucie Automatyki System\u00f3w Energetycznych we Wroc\u0142awiu. Od ko\u0144ca 1985 roku by\u0142 pracownikiem naukowo-technicznym w Oddziale Wroc\u0142awskim Instytutu \u0141\u0105czno\u015bci. W marcu 1968 roku wzi\u0105\u0142 udzia\u0142 w strajku okupacyjnym na Uniwersytecie Wroc\u0142awskim. W marcu 1969 roku uczestniczy\u0142 w akcji ulotkowej Kornela Morawieckiego, w kt\u00f3rej \u017c\u0105dano przywr\u00f3cenia na studia relegowanych za udzia\u0142 w marcowym strajku student\u00f3w. We wrze\u015bniu 1980 wst\u0105pi\u0142 do NSZZ \u201eSolidarno\u015b\u0107\u201d. W 1981 roku zainicjowa\u0142 i by\u0142 wsp\u00f3\u0142organizatorem og\u00f3lnopolskiej akcji plakatowej KK \u201eZejdziemy z mur\u00f3w i chodnik\u00f3w, gdy wejdziemy do TVP\u201d. Po wprowadzeniu stanu wojennego, od 13 grudnia 1981 roku, ukrywa\u0142 Jana Winnika, z-c\u0119 przewodnicz\u0105cego ZR \u201eS\u201d Dolny \u015al\u0105sk. Od 13 grudnia 1981 roku do 1985 roku nale\u017ca\u0142 do TKZ \u201eS\u201d przy Oddziale PAN we Wroc\u0142awiu. Od 13 grudnia 1981 roku do 1989 roku, wsp\u00f3\u0142pracowa\u0142 z RKS. Od czerwca 1982 roku do roku 1989 nale\u017ca\u0142 do \u201eSolidarno\u015bci Walcz\u0105cej\u201d. By\u0142 drukarzem, kolporterem, autorem w takich podziemnych czasopismach jak m.in.  \u201eSolidarno\u015b\u0107 Walcz\u0105ca\u201d, \u201eZ Dnia na Dzie\u0144\u201d, \u201eNowa Kultura\u201d oraz tekst\u00f3w ulotek. W sytuacjach awaryjnych pe\u0142ni\u0142 funkcj\u0119 \u0142\u0105cznika drukarzy. 3 listopada 1982 roku zosta\u0142 zatrzymany z nakazem internowania w O\u015brodku Odosobnienia w Nysie i poddany rewizji. W wyniku znalezienia ulotek, 4 listopada zosta\u0142 aresztowany. By\u0142 przetrzymywany w Areszcie \u015aledczym KW MO we Wroc\u0142awiu. 14 grudnia 1982 roku z braku dowod\u00f3w zosta\u0142 uniewinniony przez S\u0105d \u015al\u0105skiego Okr\u0119gu Wojskowego we Wroc\u0142awiu. 16 lutego 1983 roku na wniosek prokuratury, w wyniku rewizji w Izbie Wojskowej S\u0105du Najwy\u017cszego, spraw\u0119 przekazano do ponownego rozpatrzenia w I instancji. 28 marca 1983 roku Marian Oziewicz zosta\u0142 ponownie uniewinniony przez S\u0105d \u015al\u0105skiego Okr\u0119gu Wojskowego we Wroc\u0142awiu. Kilkakrotnie by\u0142 zatrzymywany, wielokrotnie rewidowany. Po rewizji 30 kwietnia 1983 roku zosta\u0142 aresztowany.  By\u0142 przetrzymywany w Areszcie \u015aledczym WUSW we Wroc\u0142awiu. 28 lipca 1984 roku zwolniono go na mocy amnestii. 1 lipca 1985 roku Marian Oziewicz zosta\u0142 zwolniony z pracy za udzia\u0142 w strajku. W latach 1985 \u2013 1989 wchodzi\u0142 w sk\u0142ad TKZ w OWI\u0141. W 1989 roku pe\u0142ni\u0142 funkcj\u0119 wiceprzewodnicz\u0105cego Komisji Wyborczej Wroc\u0142aw-Krzyki. <\/p>\n","protected":false},"excerpt":{"rendered":"<p>Urodzi\u0142 si\u0119 29 sierpnia 1943 roku w Wilnie. W 1976 roku uko\u0144czy\u0142 studia na Wydziale Elektroniki na Politechnice Gda\u0144skiej, w 2005 roku, na tej samej uczelnie uzyska\u0142 stopie\u0144 doktora. W latach 1967 \u2013 1968 pracowa\u0142 jako asystent w Instytucie Elektroniki PG. W latach 1968 \u2013 1972 odby\u0142 studia doktoranckie w Instytucie Fizyki Teoretycznej Uniwersytetu Wroc\u0142awskiego. [&hellip;]<\/p>\n","protected":false},"featured_media":1505,"template":"","meta":[],"_links":{"self":[{"href":"http:\/\/ludzie.fundacja-pih.pl\/index.php\/wp-json\/wp\/v2\/product\/1504"}],"collection":[{"href":"http:\/\/ludzie.fundacja-pih.pl\/index.php\/wp-json\/wp\/v2\/product"}],"about":[{"href":"http:\/\/ludzie.fundacja-pih.pl\/index.php\/wp-json\/wp\/v2\/types\/product"}],"wp:featuredmedia":[{"embeddable":true,"href":"http:\/\/ludzie.fundacja-pih.pl\/index.php\/wp-json\/wp\/v2\/media\/1505"}],"wp:attachment":[{"href":"http:\/\/ludzie.fundacja-pih.pl\/index.php\/wp-json\/wp\/v2\/media?parent=1504"}],"curies":[{"name":"wp","href":"https:\/\/api.w.org\/{rel}","templated":true}]}}