{"id":1506,"date":"2021-01-25T12:29:23","date_gmt":"2021-01-25T12:29:23","guid":{"rendered":"http:\/\/ludzie.fundacja-pih.pl\/?post_type=product&#038;p=1506"},"modified":"2025-05-16T14:13:50","modified_gmt":"2025-05-16T14:13:50","slug":"oziewicz-zbigniew","status":"publish","type":"product","link":"http:\/\/ludzie.fundacja-pih.pl\/index.php\/product\/oziewicz-zbigniew\/","title":{"rendered":"Oziewicz Zbigniew"},"content":{"rendered":"<p>Urodzi\u0142 si\u0119 22 sierpnia 1941 roku w Wilnie, zm. 8 grudnia 2020 w Meksyku.<\/p>\n<p>Fizyk, profesor, nauczyciel akademicki. W 1964 roku uko\u0144czy\u0142 studia w zakresie fizyki matematycznej na Uniwersytecie w Leningradzie (obecnie Sankt Petersburg). W latach 1965 &#8211; 2003 by\u0142 zatrudniony jako pracownik naukowy w Instytucie Fizyki Teoretycznej Uniwersytetu Wroc\u0142awskiego. W latach 1967 \u2013 1969 by\u0142 stypendyst\u0105 w Instytucie Bada\u0144 J\u0105drowych w Dubnej k. Moskwy. W 1970 roku uzyska\u0142 tytu\u0142 doktora. Do roku 1977 by\u0142 sta\u017cyst\u0105 naukowym, m.in. na uniwersytetach w ZSRR, Szwecji, Szwajcarii i Belgii. W 1985 roku uzyska\u0142 habilitacj\u0119. W 1992 roku zosta\u0142 profesorem nadzwyczajnym na Uniwersytecie Wroc\u0142awskim. W 1977 roku zaanga\u017cowa\u0142 si\u0119 w kolporta\u017c wydawnictw niezale\u017cnych. W 1979 roku rozpocz\u0105\u0142 wsp\u00f3\u0142prac\u0119 z redakcj\u0105 niezale\u017cnego czasopisma \u201eBiuletyn Dolno\u015bl\u0105ski\u201d. We wrze\u015bniu 1980 roku wst\u0105pi\u0142 do NSZZ \u201eSolidarno\u015b\u0107\u201d. Bra\u0142 udzia\u0142 w akcjach ulotkowych. Na prze\u0142omie pa\u017adziernika i listopada 1981 roku by\u0142 obserwatorem procesu Kornela Morawieckiego oskar\u017conego o podwa\u017canie sojuszu z ZSRR. Po wprowadzeniu stanu wojennego wsp\u00f3\u0142organizowa\u0142 podziemne struktury RKS Dolny \u015al\u0105sk. Pe\u0142ni\u0142 funkcj\u0119 \u0142\u0105cznika RKS ze Zbigniewem Bujakiem w Warszawie oraz zak\u0142adami pracy Dolnego \u015al\u0105ska. Od grudnia 1981 roku do lutego 1982 roku wraz z \u017con\u0105, Krystyn\u0105 Oziewicz, prowadzi\u0142 w mieszkaniu lokal kontaktowy, gromadzi\u0142 pieni\u0105dze na pomoc dla rodzin os\u00f3b internowanych. Od 2 marca 1982 roku przebywa\u0142 w ukryciu. Na prze\u0142omie maja i czerwca 1982 roku wsp\u00f3\u0142zak\u0142ada\u0142 struktury \u201eSolidarno\u015bci Walcz\u0105cej\u201d, zosta\u0142 jej cz\u0142onkiem, wszed\u0142 w sk\u0142ad Rady Politycznej SW oraz redakcji pisma \u201eSolidarno\u015b\u0107 Walcz\u0105ca\u201d. 7 pa\u017adziernika 1982 roku zosta\u0142 zatrzymany, internowany i osadzony w O\u015brodku Odosobnienia w Grodkowie. Zwolniono go 4 grudnia 1982 roku. By\u0142 wsp\u00f3\u0142organizatorem podziemnych struktur SW w wielu miastach Polski (Nowa S\u00f3l, Krak\u00f3w, Katowice, Toru\u0144, Che\u0142m, Gdynia, Pozna\u0144, Lublin, Inowroc\u0142aw), kolporterem wydawnictw podziemnych, autorem w \u201eBiuletynie Dolno\u015bl\u0105skim\u201d i \u201eSolidarno\u015bci Walcz\u0105cej\u201d, uczestnikiem emisji audycji Radia SW. 29 lutego 1984 roku zosta\u0142 zatrzymany, a 1 marca tego samego roku aresztowany pod zarzutem dzia\u0142alno\u015bci w SW, kolporta\u017cu i organizowania Radia SW. 23 lipca 1984 roku Zbigniew Oziewicz zosta\u0142 zwolniony na mocy amnestii. 28 lipca S\u0105d Rejonowy Wroc\u0142aw-Krzyki umorzy\u0142 post\u0119powanie karne wobec niego. Po aresztowaniu &#8211; w listopadzie 1987 roku &#8211; Kornela Morawieckiego, zosta\u0142 wsp\u00f3\u0142autorem o\u015bwiadcze\u0144 i komunikat\u00f3w Rady Politycznej SW. Po 1989 roku pracowa\u0142 naukowo. Zbigniew Oziewicz w 1971 roku zosta\u0142 laureatem Nagrody Ministerstwa Szkolnictwa Wy\u017cszego za rozpraw\u0119 doktorsk\u0105. W latach 1978 \u2013 1987 by\u0142 wielokrotnie wyr\u00f3\u017cniany nagrodami naukowymi Rektora Uniwersytetu Wroc\u0142awskiego. W 1992 roku zosta\u0142 odznaczony Z\u0142otym Krzy\u017cem Zas\u0142ugi. W roku 2007 Krzy\u017cem Oficerskim Orderu Odrodzenia Polski. Od 23 wrze\u015bnia 1982 roku by\u0142 rozpracowywany przez Wydz. II\/III-1\/III\/III-1\/Inspektorat II KW MO\/WUSW we Wroc\u0142awiu w ramach SOR o kryptonimach  \u201eAgora\u201d\/\u201dTrampolina\u201d. Do 25 pa\u017adziernika 1986 roku przez Wydz. II WUSW we Wroc\u0142awiu w ramach SOR o kryptonimie \u201eAston\u201d.<\/p>\n","protected":false},"excerpt":{"rendered":"<p>Urodzi\u0142 si\u0119 22 sierpnia 1941 roku w Wilnie, zm. 8 grudnia 2020 w Meksyku. Fizyk, profesor, nauczyciel akademicki. W 1964 roku uko\u0144czy\u0142 studia w zakresie fizyki matematycznej na Uniwersytecie w Leningradzie (obecnie Sankt Petersburg). W latach 1965 &#8211; 2003 by\u0142 zatrudniony jako pracownik naukowy w Instytucie Fizyki Teoretycznej Uniwersytetu Wroc\u0142awskiego. W latach 1967 \u2013 1969 [&hellip;]<\/p>\n","protected":false},"featured_media":1507,"template":"","meta":[],"_links":{"self":[{"href":"http:\/\/ludzie.fundacja-pih.pl\/index.php\/wp-json\/wp\/v2\/product\/1506"}],"collection":[{"href":"http:\/\/ludzie.fundacja-pih.pl\/index.php\/wp-json\/wp\/v2\/product"}],"about":[{"href":"http:\/\/ludzie.fundacja-pih.pl\/index.php\/wp-json\/wp\/v2\/types\/product"}],"wp:featuredmedia":[{"embeddable":true,"href":"http:\/\/ludzie.fundacja-pih.pl\/index.php\/wp-json\/wp\/v2\/media\/1507"}],"wp:attachment":[{"href":"http:\/\/ludzie.fundacja-pih.pl\/index.php\/wp-json\/wp\/v2\/media?parent=1506"}],"curies":[{"name":"wp","href":"https:\/\/api.w.org\/{rel}","templated":true}]}}