{"id":1511,"date":"2021-01-25T12:33:20","date_gmt":"2021-01-25T12:33:20","guid":{"rendered":"http:\/\/ludzie.fundacja-pih.pl\/?post_type=product&#038;p=1511"},"modified":"2025-05-16T14:13:52","modified_gmt":"2025-05-16T14:13:52","slug":"peisert-kisielewicz-maria","status":"publish","type":"product","link":"http:\/\/ludzie.fundacja-pih.pl\/index.php\/product\/peisert-kisielewicz-maria\/","title":{"rendered":"Peisert-Kisielewicz Maria"},"content":{"rendered":"<p>Urodzi\u0142a si\u0119 22 lutego 1954 roku we Wroc\u0142awiu.<\/p>\n<p>W 1985 roku uko\u0144czy\u0142a studia filozoficzne na Akademii Teologii Katolickiej w Warszawie. W marcu 1968, jako uczennica szko\u0142y podstawowej, rozkleja\u0142a (z bratem Jerzym Peisertem) plakaty antyre\u017cymowe. Od 1976 kolportowa\u0142a niewielk\u0105 ilo\u015b\u0107 niezale\u017cnych pism (z Warszawy do Wroc\u0142awia), g\u0142\u00f3wnie by\u0142 to \u201eKomunikat\u201d KOR\/KSS KOR. W maju 1977 roku wsp\u00f3\u0142organizowa\u0142a msze w intencji Stanis\u0142awa Pyjasa w Warszawie. 20 maja 1977 uczestniczy\u0142a w pochodzie spod ko\u015bcio\u0142a \u015bw. Anny do ko\u015bcio\u0142a \u015bw. Marcina, gdzie odby\u0142a si\u0119 ww. msza. 17 pa\u017adziernika 1977 roku bra\u0142a udzia\u0142 w zebraniu za\u0142o\u017cycielskim Studenckiego Komitetu Solidarno\u015bci w Warszawie. W latach 1977 \u2013 1980 przekazywa\u0142a informacje o represjach do \u015brodowiska KSS KOR (Piotr Starzy\u0144ski i Zbigniew Garwacki). Po wprowadzeniu stanu wojennego, od marca do kwietnia 1982 roku, kolportowa\u0142a podziemne czasopismo \u201eTygodnik Wojenny\u201d oraz inne tytu\u0142y prasy konspiracyjnej. 4 kwietnia 1982 roku zosta\u0142a internowana. By\u0142a przetrzymywana w O\u015brodku Odosobnienia w Go\u0142dapi. Dzi\u0119ki przemyconemu aparatowi fotograficznemu wykona\u0142a zdj\u0119cia uwi\u0119zionych, kt\u00f3re nast\u0119pnie zosta\u0142y opublikowane w prasie zagranicznej. 25 lipca tego samego roku zosta\u0142a zwolniona. Na pocz\u0105tku 1983 roku wsp\u00f3\u0142redagowa\u0142a pismo \u201eBiuletyn Dolno\u015bl\u0105ski\u201d. Od marca 1983 roku do listopada 1987 roku redagowa\u0142a (z Andrzejem Kisielewiczem i Jerzym Peisertem) czasopismo \u201eSolidarno\u015b\u0107 Walcz\u0105ca\u201d (prace redakcyjne odbywa\u0142y si\u0119 w mieszkaniu Kisielewicz\u00f3w). By\u0142a tak\u017ce autork\u0105 w \u201eBiuletynie Dolno\u015bl\u0105skim\u201d i \u201eSolidarno\u015bci Walcz\u0105cej\u201d (ps. Filip z Konopi). W latach 1986 \u2013 1987 pe\u0142ni\u0142a funkcj\u0119 redaktora we wroc\u0142awskim Radiu \u201eSolidarno\u015b\u0107\u201d. W 1983 roku i 1985 roku jej mieszkanie by\u0142o rewidowane. W 2009 roku przy\u0142\u0105czy\u0142a si\u0119 do Stowarzyszenia Solidarno\u015b\u0107 Walcz\u0105ca. W 2007 roku zosta\u0142a odznaczona Krzy\u017cem Kawalerskim Orderu Odrodzenia Polski, w 2016 roku otrzyma\u0142a Krzy\u017c Wolno\u015bci i Solidarno\u015bci .<\/p>\n","protected":false},"excerpt":{"rendered":"<p>Urodzi\u0142a si\u0119 22 lutego 1954 roku we Wroc\u0142awiu. W 1985 roku uko\u0144czy\u0142a studia filozoficzne na Akademii Teologii Katolickiej w Warszawie. W marcu 1968, jako uczennica szko\u0142y podstawowej, rozkleja\u0142a (z bratem Jerzym Peisertem) plakaty antyre\u017cymowe. Od 1976 kolportowa\u0142a niewielk\u0105 ilo\u015b\u0107 niezale\u017cnych pism (z Warszawy do Wroc\u0142awia), g\u0142\u00f3wnie by\u0142 to \u201eKomunikat\u201d KOR\/KSS KOR. W maju 1977 roku [&hellip;]<\/p>\n","protected":false},"featured_media":1512,"template":"","meta":[],"_links":{"self":[{"href":"http:\/\/ludzie.fundacja-pih.pl\/index.php\/wp-json\/wp\/v2\/product\/1511"}],"collection":[{"href":"http:\/\/ludzie.fundacja-pih.pl\/index.php\/wp-json\/wp\/v2\/product"}],"about":[{"href":"http:\/\/ludzie.fundacja-pih.pl\/index.php\/wp-json\/wp\/v2\/types\/product"}],"wp:featuredmedia":[{"embeddable":true,"href":"http:\/\/ludzie.fundacja-pih.pl\/index.php\/wp-json\/wp\/v2\/media\/1512"}],"wp:attachment":[{"href":"http:\/\/ludzie.fundacja-pih.pl\/index.php\/wp-json\/wp\/v2\/media?parent=1511"}],"curies":[{"name":"wp","href":"https:\/\/api.w.org\/{rel}","templated":true}]}}