{"id":1515,"date":"2021-01-25T12:35:45","date_gmt":"2021-01-25T12:35:45","guid":{"rendered":"http:\/\/ludzie.fundacja-pih.pl\/?post_type=product&#038;p=1515"},"modified":"2025-05-16T14:13:53","modified_gmt":"2025-05-16T14:13:53","slug":"petryniak-jerzy","status":"publish","type":"product","link":"http:\/\/ludzie.fundacja-pih.pl\/index.php\/product\/petryniak-jerzy\/","title":{"rendered":"Petryniak Jerzy"},"content":{"rendered":"<p>Urodzi\u0142a si\u0119 6 listopada 1935 roku w Poznaniu.<\/p>\n<p>W 1960 roku uko\u0144czy\u0142 studia na Wydziale Lekarskim Akademii Medycznej w Poznaniu. W 1971 roku uzyska\u0142 tytu\u0142 doktora. W latach 1966 \u2013 1983 nale\u017ca\u0142 do Polskiego Towarzystwa Biochemicznego. W latach 1973 &#8211; 1983 by\u0142 cz\u0142onkiem Polskiego Towarzystwa Immunochemicznego. 28 czerwca 1956 roku bra\u0142 udzia\u0142 w wydarzeniach Pozna\u0144skiego Czerwca. W latach 1960 &#8211; 1962 odbywa\u0142 sta\u017c w Szpitalu Powiatowym w Lubaniu \u015al\u0105skim. W latach 1962 \u2013 1968 pracowa\u0142 jako asystent w Zak\u0142adzie Chemii Fizjologicznej AM we Wroc\u0142awiu. W marcu 1968 roku by\u0142 wsp\u00f3\u0142organizatorem strajku w Akademii Medyczej we Wroc\u0142awiu. W kwietniu i maju tego samego roku bra\u0142 udzia\u0142 w akcji kolporta\u017cu ulotek z \u017c\u0105daniem uwolnienia aresztowanych student\u00f3w. W sierpniu uczestniczy\u0142 w podobnej akcji, skierowanej przeciw interwencji Armii Sowieckiej i Wojska Polskiego w Czechos\u0142owacji. W styczniu 1969 roku w zwi\u0105zku ze samospaleniem Jana Palacha oraz w grudniu 1970 w zwi\u0105zku z protestami robotnik\u00f3w na Wybrze\u017cu, r\u00f3wnie\u017c uczestniczy\u0142 w kolporta\u017cu ulotek. W latach 1968 \u2013 1983 by\u0142 doktorantem, a nast\u0119pnie adiunktem w Instytucie Immunologii i Terapii Do\u015bwiadczalnej PAN we Wroc\u0142awiu. W latach 1973 \u2013 1976 odby\u0142 studia w Department of Microbiology, College of Physicians and Surgeons Columbia University w Nowym Jorku (USA). W latach 1979 \u2013 1980 kolportowa\u0142 niezale\u017cne czasopismo pt. \u201eBiuletyn Dolno\u015bl\u0105ski\u201d. W sierpniu 1980 roku wsp\u00f3\u0142organizowa\u0142, w okolicach ul. Robotniczej we Wroc\u0142awiu, akcj\u0119 rozrzucania ulotek nawo\u0142uj\u0105cych do strajku. We wrze\u015bniu 1980 wst\u0105pi\u0142 do NSZZ \u201eSolidarno\u015b\u0107\u201d, przewodniczy\u0142 Komitetowi Za\u0142o\u017cycielskiemu, od pa\u017adziernika 1980 roku pe\u0142ni\u0142 funkcj\u0119 wiceprzewodnicz\u0105cego KZ. Po wprowadzeniu stanu wojennego, w dniach 13 \u2013 15 grudnia 1981 roku, wsp\u00f3lnie z Andrzejem Mycem, wsp\u00f3\u0142organizowa\u0142 strajk w zak\u0142adzie. Od 15 grudnia 1981 roku do lutego 1982 roku pozostawa\u0142 w ukryciu. 27 lutego 1982 roku zosta\u0142 zatrzymany, pobity, a nast\u0119pnie oskar\u017cony o czynn\u0105 napa\u015b\u0107 na funkcjonariuszy MO. W zwi\u0105zku ze stwierdzeniem powa\u017cnych uraz\u00f3w g\u0142owy zosta\u0142 przeniesiony do Kliniki Neurochirurgii Szpitala Miejskiego we Wroc\u0142awiu, nie stan\u0105\u0142 przed s\u0105dem. W czasie pobytu w szpitalu tryb dora\u017any zmieniono na zwyk\u0142y. \u017bona Bronis\u0142awa Petryniak wnios\u0142a do prokuratury oskar\u017cenie przeciw funkcjonariuszom. W przeddzie\u0144 konfrontacji z uczestnikami zdarzenia KW MO we Wroc\u0142awiu wyda\u0142a postanowienie o internowaniu Jerzego Petryniaka. 24 sierpnia 1982 roku zosta\u0142 on zatrzymany, 25 sierpnia internowany i osadzony kolejno w Areszcie \u015aledczym we Wroc\u0142awiu, O\u015brodku Odosobnienia w Grodkowie i ponownie w Areszcie \u015aledczym we Wroc\u0142awiu. 6 listopada 1982 roku zosta\u0142 przewieziony do Szpitala Miejskiego we Wroc\u0142awiu, za\u015b 14 listopada zosta\u0142 zwolniony z internowania. Nie wr\u00f3ci\u0142 do pracy ze wzgl\u0119du na stan zdrowia.  Od marca 1983 roku do roku 1990 by\u0142 zaprzysi\u0119\u017conym cz\u0142onkiem \u201eSolidarno\u015bci Walcz\u0105cej\u201d. Od kwietnia 1983 roku przebywa\u0142 na emigracji w Stanach Zjednoczonych. W latach 1983 \u2013 2003 pracowa\u0142 naukowo na University of Michigan Medical School w Ann Arbor. W latach 1983\u20131989 by\u0142 organizatorem pomocy finansowej dla SW. 8 grudnia 1987 roku wsp\u00f3\u0142organizowa\u0142 demonstracj\u0119 przed Bia\u0142ym Domem w Waszyngtonie (w czasie wizyty Michai\u0142a Gorbaczowa) w sprawie uwolnienia Kornela Morawieckiego i innych wi\u0119\u017ani\u00f3w politycznych w Polsce. Od 2011 roku Jerzy Petryniak jest cz\u0142onkiem Stowarzyszenia Solidarno\u015b\u0107 Walcz\u0105ca we Wroc\u0142awiu. W 2013 roku zosta\u0142 odznaczony Krzy\u017cem Kawalerskim Orderu Odrodzenia Polski.<\/p>\n","protected":false},"excerpt":{"rendered":"<p>Urodzi\u0142a si\u0119 6 listopada 1935 roku w Poznaniu. W 1960 roku uko\u0144czy\u0142 studia na Wydziale Lekarskim Akademii Medycznej w Poznaniu. W 1971 roku uzyska\u0142 tytu\u0142 doktora. W latach 1966 \u2013 1983 nale\u017ca\u0142 do Polskiego Towarzystwa Biochemicznego. W latach 1973 &#8211; 1983 by\u0142 cz\u0142onkiem Polskiego Towarzystwa Immunochemicznego. 28 czerwca 1956 roku bra\u0142 udzia\u0142 w wydarzeniach Pozna\u0144skiego [&hellip;]<\/p>\n","protected":false},"featured_media":1516,"template":"","meta":[],"_links":{"self":[{"href":"http:\/\/ludzie.fundacja-pih.pl\/index.php\/wp-json\/wp\/v2\/product\/1515"}],"collection":[{"href":"http:\/\/ludzie.fundacja-pih.pl\/index.php\/wp-json\/wp\/v2\/product"}],"about":[{"href":"http:\/\/ludzie.fundacja-pih.pl\/index.php\/wp-json\/wp\/v2\/types\/product"}],"wp:featuredmedia":[{"embeddable":true,"href":"http:\/\/ludzie.fundacja-pih.pl\/index.php\/wp-json\/wp\/v2\/media\/1516"}],"wp:attachment":[{"href":"http:\/\/ludzie.fundacja-pih.pl\/index.php\/wp-json\/wp\/v2\/media?parent=1515"}],"curies":[{"name":"wp","href":"https:\/\/api.w.org\/{rel}","templated":true}]}}