{"id":1518,"date":"2021-01-25T12:37:40","date_gmt":"2021-01-25T12:37:40","guid":{"rendered":"http:\/\/ludzie.fundacja-pih.pl\/?post_type=product&#038;p=1518"},"modified":"2025-05-16T14:13:54","modified_gmt":"2025-05-16T14:13:54","slug":"podlejski-jacek-andrzej","status":"publish","type":"product","link":"http:\/\/ludzie.fundacja-pih.pl\/index.php\/product\/podlejski-jacek-andrzej\/","title":{"rendered":"Podlejski Jacek Andrzej"},"content":{"rendered":"<p>Urodzi\u0142 si\u0119 10 czerwca 1953 roku we Wroc\u0142awiu, zm. 15 czerwca 2020 tam\u017ce.<\/p>\n<p>W 1978 roku uko\u0144czy\u0142 studia na Wydziale Prawa i Administracji  Uniwersytetu Wroc\u0142awskiego. W latach 1978 \u2013 1980 by\u0142 zatrudniony jako inspektor ds. zaopatrzenia w Przedsi\u0119biorstwie Produkcji Urz\u0105dze\u0144 Elektrycznych Budownictwa Elektromonta\u017c we Wroc\u0142awiu. W 1980 pracowa\u0142 jako referent w Urz\u0119dzie Dzielnicowym Wroc\u0142aw-Krzyki. W latach 1980 \u2013 1986 by\u0142 specjalist\u0105 i kierownikiem zespo\u0142u we wroc\u0142awskiej Pracowni Geodezyjnej w Dyrekcji Okr\u0119gowej Dr\u00f3g Publicznych. We wrze\u015bniu 1980 roku wst\u0105pi\u0142 do NSZZ \u201eSolidarno\u015b\u0107\u201d. Kolportowa\u0142 pras\u0119 niezale\u017cn\u0105 w tym m.in. \u201eSolidarno\u015b\u0107 Dolno\u015bl\u0105sk\u0105\u201d i \u201eBiuletyn Dolno\u015bl\u0105ski\u201d. Po wprowadzeniu stanu wojennego, zaanga\u017cowa\u0142 si\u0119 w kolporta\u017c ulotek. Uczestniczy\u0142 w akcjach plakatowych, antyre\u017cimowych manifestacjach i wiecach na ulicach Wroc\u0142awia. W latach 1984 &#8211; 1989 wsp\u00f3\u0142pracowa\u0142 z \u201eSolidarno\u015bci\u0105 Walcz\u0105c\u0105\u201d. Rozprowadza\u0142 wydawnictwa podziemne m.in. \u201eZ Dnia na Dzie\u0144\u201d, \u201eSolidarno\u015b\u0107 Walcz\u0105ca\u201d, \u201eBiuletyn Dolno\u015bl\u0105ski\u201d, \u201eOpcja\u201d, \u201eTygodnik Mazowsze\u201d, \u201eKOS\u201d, \u201eMy\u015bli Nieinternowane\u201d, a tak\u017ce ksi\u0105\u017cki, znaczki poczt podziemnych, kartki okoliczno\u015bciowe. Wraz z \u017con\u0105 Janin\u0105 zorganizowa\u0142 punkt kolporta\u017cowy. W 1987 roku pracowa\u0142 jako specjalista ds. organizacyjnych w Przedsi\u0119biorstwie Transportowym Handlu Wewn\u0119trznego we Wroc\u0142awiu, gdzie przeprowadzi\u0142 wolne wybory do Rady Pracowniczej, co uchroni\u0142o od zwolnienia dzia\u0142aczy \u201eSolidarno\u015bci\u201d. W latach 1987 \u2013 2001 by\u0142 zatrudniony jako starszy specjalista w Dyrekcji Inwestycji Miejskich. W latach 1989 \u2013 2001 nale\u017ca\u0142 do KZ \u201eS\u201d w DIM. W 2007 roku przy\u0142\u0105czy\u0142 si\u0119 do Stowarzyszenia Solidarno\u015b\u0107 Walcz\u0105ca. W roku 2016 zosta\u0142 odznaczony Krzy\u017cem Wolno\u015bci i Solidarno\u015bci.<\/p>\n","protected":false},"excerpt":{"rendered":"<p>Urodzi\u0142 si\u0119 10 czerwca 1953 roku we Wroc\u0142awiu, zm. 15 czerwca 2020 tam\u017ce. W 1978 roku uko\u0144czy\u0142 studia na Wydziale Prawa i Administracji Uniwersytetu Wroc\u0142awskiego. W latach 1978 \u2013 1980 by\u0142 zatrudniony jako inspektor ds. zaopatrzenia w Przedsi\u0119biorstwie Produkcji Urz\u0105dze\u0144 Elektrycznych Budownictwa Elektromonta\u017c we Wroc\u0142awiu. W 1980 pracowa\u0142 jako referent w Urz\u0119dzie Dzielnicowym Wroc\u0142aw-Krzyki. W [&hellip;]<\/p>\n","protected":false},"featured_media":3019,"template":"","meta":[],"_links":{"self":[{"href":"http:\/\/ludzie.fundacja-pih.pl\/index.php\/wp-json\/wp\/v2\/product\/1518"}],"collection":[{"href":"http:\/\/ludzie.fundacja-pih.pl\/index.php\/wp-json\/wp\/v2\/product"}],"about":[{"href":"http:\/\/ludzie.fundacja-pih.pl\/index.php\/wp-json\/wp\/v2\/types\/product"}],"wp:featuredmedia":[{"embeddable":true,"href":"http:\/\/ludzie.fundacja-pih.pl\/index.php\/wp-json\/wp\/v2\/media\/3019"}],"wp:attachment":[{"href":"http:\/\/ludzie.fundacja-pih.pl\/index.php\/wp-json\/wp\/v2\/media?parent=1518"}],"curies":[{"name":"wp","href":"https:\/\/api.w.org\/{rel}","templated":true}]}}