{"id":1519,"date":"2021-01-25T12:38:58","date_gmt":"2021-01-25T12:38:58","guid":{"rendered":"http:\/\/ludzie.fundacja-pih.pl\/?post_type=product&#038;p=1519"},"modified":"2025-05-16T14:13:55","modified_gmt":"2025-05-16T14:13:55","slug":"rogosz-tadeusz","status":"publish","type":"product","link":"http:\/\/ludzie.fundacja-pih.pl\/index.php\/product\/rogosz-tadeusz\/","title":{"rendered":"Rogosz Tadeusz"},"content":{"rendered":"<p>Urodzi\u0142 si\u0119 4 kwietnia 1939 roku w Przemy\u015blu, zm. 10 pa\u017adziernika 2013 roku we Wroc\u0142awiu.<\/p>\n<p>W 1958 roku uko\u0144czy\u0142 Technikum Budowlane. W 1971 roku zosta\u0142 absolwentem Akademii Rolniczej we Wroc\u0142awiu. W latach 1958 \u2013 1989 by\u0142 zatrudniony w Przedsi\u0119biorstwie Rob\u00f3t Kolejowych nr 8 we Wroc\u0142awiu. W sierpniu 1980 roku organizowa\u0142 i uczestniczy\u0142 w strajku w PRK nr 8, przewodniczy\u0142 KS. We wrze\u015bniu 1980 roku wst\u0105pi\u0142 do NSZZ \u201eSolidarno\u015b\u0107\u201d. Pe\u0142ni\u0142 funkcj\u0119 wiceprzewodnicz\u0105cego Zarz\u0105du KZ w PRK nr 8. We wrze\u015bniu 1980 roku zosta\u0142 sygnatariuszem porozumie\u0144 bran\u017cowych w Morzyczanie k. Szczecina pomi\u0119dzy Ministerstwem Komunikacji a Przedsi\u0119biorstwami Rob\u00f3t Kolejowych i Mostowych w Polsce. W czerwcu 1981 roku zosta\u0142 delegatem na I WZD Regionu Dolny \u015al\u0105sk, kandydatem na przewodnicz\u0105cego ZR, cz\u0142onkiem ZR oraz cz\u0142onkiem Zarz\u0105du Wojew\u00f3dzkiego Oddzia\u0142u \u201eS\u201d we Wroc\u0142awiu. 1 stycznia 1982 roku zosta\u0142 aresztowany. 4 stycznia tego samego roku zosta\u0142 internowany i osadzony w O\u015brodku Odosobnienia we Wroc\u0142awiu, a p\u00f3\u017aniej w Nysie. Zwolniono go 30 kwietnia 1982 roku. 3 stycznia 1982 roku zosta\u0142 zwolniony z pracy. W latach 1982 \u2013 1989 by\u0142 czterokrotnie zwalniany i przywracany &#8211; po korzystnych dla niego orzeczeniach s\u0105d\u00f3w &#8211; do pracy w PRK nr 8. Wsp\u00f3\u0142pracowa\u0142 z \u201eSolidarno\u015bci\u0105 Walcz\u0105c\u0105\u201d, pe\u0142ni\u0142 funkcj\u0119 \u0142\u0105cznika SW z Poloni\u0105 w Norwegii. W maju 1989 roku zosta\u0142 przewodnicz\u0105cym KZ \u201eS\u201d w PRK nr 8. By\u0142 przeciwnikiem Okr\u0105g\u0142ego Sto\u0142u. Od grudnia 1989 roku do maja 1991 roku przebywa\u0142 w Norwegii. Po powrocie do kraju rozpocz\u0105\u0142 dzia\u0142alno\u015b\u0107 gospodarcz\u0105. <\/p>\n","protected":false},"excerpt":{"rendered":"<p>Urodzi\u0142 si\u0119 4 kwietnia 1939 roku w Przemy\u015blu, zm. 10 pa\u017adziernika 2013 roku we Wroc\u0142awiu. W 1958 roku uko\u0144czy\u0142 Technikum Budowlane. W 1971 roku zosta\u0142 absolwentem Akademii Rolniczej we Wroc\u0142awiu. W latach 1958 \u2013 1989 by\u0142 zatrudniony w Przedsi\u0119biorstwie Rob\u00f3t Kolejowych nr 8 we Wroc\u0142awiu. W sierpniu 1980 roku organizowa\u0142 i uczestniczy\u0142 w strajku w [&hellip;]<\/p>\n","protected":false},"featured_media":1520,"template":"","meta":[],"_links":{"self":[{"href":"http:\/\/ludzie.fundacja-pih.pl\/index.php\/wp-json\/wp\/v2\/product\/1519"}],"collection":[{"href":"http:\/\/ludzie.fundacja-pih.pl\/index.php\/wp-json\/wp\/v2\/product"}],"about":[{"href":"http:\/\/ludzie.fundacja-pih.pl\/index.php\/wp-json\/wp\/v2\/types\/product"}],"wp:featuredmedia":[{"embeddable":true,"href":"http:\/\/ludzie.fundacja-pih.pl\/index.php\/wp-json\/wp\/v2\/media\/1520"}],"wp:attachment":[{"href":"http:\/\/ludzie.fundacja-pih.pl\/index.php\/wp-json\/wp\/v2\/media?parent=1519"}],"curies":[{"name":"wp","href":"https:\/\/api.w.org\/{rel}","templated":true}]}}