{"id":1523,"date":"2021-01-25T12:41:11","date_gmt":"2021-01-25T12:41:11","guid":{"rendered":"http:\/\/ludzie.fundacja-pih.pl\/?post_type=product&#038;p=1523"},"modified":"2025-05-16T14:13:56","modified_gmt":"2025-05-16T14:13:56","slug":"roszak-antoni","status":"publish","type":"product","link":"http:\/\/ludzie.fundacja-pih.pl\/index.php\/product\/roszak-antoni\/","title":{"rendered":"Roszak Antoni"},"content":{"rendered":"<p>Urodzi\u0142 si\u0119 10 wrze\u015bnia 1943 roku w Dachau, zm. 22 czerwca 2008 we Wroc\u0142awiu.<\/p>\n<p>Dzia\u0142a\u0142 pod pseudonimem \u201eWujek\u201d. W latach 1957 \u2013 1963 by\u0142 uczniem wroc\u0142awskich lice\u00f3w i szk\u00f3\u0142 zawodowych. Od 1963 utrzymywa\u0142 si\u0119 z prac dorywczych. Z powodu braku sta\u0142ego zatrudnienia wielokrotnie by\u0142 zatrzymywany, a kolegia ds. wykrocze\u0144 orzeka\u0142y wobec niego kary aresztu. W po\u0142owie lat sze\u015b\u0107dziesi\u0105tych XX wieku nale\u017ca\u0142 do ruchu hippisowskiego, by\u0142 wsp\u00f3\u0142tw\u00f3rc\u0105 alternatywnych wsp\u00f3lnot w Beskidzie Niskim i Bieszczadach. Od lat szkolnych tworzy\u0142 poezje, kt\u00f3re wysoko oceniali poeci i krytycy literaccy (m.in. Rafa\u0142 Wojaczek, Marek Garbala, Jacek \u0141ukasiewicz). W 1977 roku wsp\u00f3\u0142zak\u0142ada\u0142 pierwsz\u0105 drukarni\u0119 wydawnictwa NOWa w Warszawie. By\u0142 jednym z pierwszych drukarzy wydawnictw niezale\u017cnych. Od 1978 roku wsp\u00f3\u0142pracowa\u0142 z KSS KOR, drukowa\u0142 tak\u017ce niezale\u017cnych pisma: \u201eRobotnik\u201d i \u201ePodaj Dalej\u201d. W latach 1979 \u2013 1981 by\u0142 autorem (ps. Mini-Ar, M. Pokorny) i drukarzem \u201eBiuletynu Dolno\u015bl\u0105skiego\u201d. Wiosn\u0105 1980 roku drukowa\u0142 i kolportowa\u0142 ulotki wzywaj\u0105ce do bojkotu wybor\u00f3w. W sierpniu 1980 roku, w czasie strajk\u00f3w, drukowa\u0142 ulotki w zak\u0142adach pracy oraz upowszechnia\u0142 znajomo\u015b\u0107 prostych technik poligraficznych. By\u0142 drukarzem i kolporterem wydania specjalnego \u201eBiuletynu Dolno\u015bl\u0105skiego\u201d zawieraj\u0105cego list\u0119 21 postulat\u00f3w i wezwanie do poparcia robotnik\u00f3w Wybrze\u017ca. Od wrze\u015bnia 1980 roku do grudnia 1981 roku by\u0142 zatrudniony w MKZ, nast\u0119pnie w O\u015brodku Szkolenia Zawodowego przy ZR Dolny \u015al\u0105sk jako pracownik techniczny oraz drukarz i organizator szkole\u0144 drukarskich. Po wprowadzeniu stanu wojennego 13 grudnia 1981 roku zosta\u0142 internowany i osadzony w O\u015brodku Odosobnienia we Wroc\u0142awiu i Grodkowie. 31 grudnia 1981 roku uczestniczy\u0142 w prote\u015bcie, wskutek czego zosta\u0142 pobity. 15 lutego 1982 roku zosta\u0142 zwolniony ze wzgl\u0119du na z\u0142y stan zdrowia. 24 marca 1982 roku zosta\u0142 ponownie internowany i osadzony w O\u015brodku Odosobnienia w Grodkowie. 1 lipca 1982 roku zosta\u0142 zwolniony. Od lipca 1982 roku do 31 pa\u017adziernika 1983 roku pozostawa\u0142 w ukryciu. W latach 1983 \u2013 1990 wykonywa\u0142 prace dorywcze. W latach 1982 \u2013 1989 by\u0142 autorem i drukarzem podziemnej edycji \u201eBiuletynu Dolno\u015bl\u0105skiego\u201d. W latach 1985 \u2013 1986 by\u0142 autorem w podziemnym pi\u015bmie \u201eZero\u201d. Kolportowa\u0142 wydawnictwa RKS Dolny \u015al\u0105sk i \u201eSolidarno\u015bci Walcz\u0105cej\u201d w tym m.in. \u201eBiuletyn Dolno\u015bl\u0105ski\u201d, \u201eSolidarno\u015b\u0107 Walcz\u0105ca\u201d, \u201eZero\u201d, \u201eZ Dnia na Dzie\u0144\u201d. W latach 1983 \u2013 1989 bra\u0142 udzia\u0142 w demonstracjach antyre\u017cimowych we Wroc\u0142awiu. Zosta\u0142 laureatem kilku konkurs\u00f3w poetyckich. W 2007 roku otrzyma\u0142 Krzy\u017c Kawalerski Orderu Odrodzenia Polski. Do 12 grudnia 1985 roku by\u0142 rozpracowywany przez p. III DUSW Wroc\u0142aw-Fabryczna w ramach SOR o kryptonimie \u201eNajemnik\u201d.<\/p>\n","protected":false},"excerpt":{"rendered":"<p>Urodzi\u0142 si\u0119 10 wrze\u015bnia 1943 roku w Dachau, zm. 22 czerwca 2008 we Wroc\u0142awiu. Dzia\u0142a\u0142 pod pseudonimem \u201eWujek\u201d. W latach 1957 \u2013 1963 by\u0142 uczniem wroc\u0142awskich lice\u00f3w i szk\u00f3\u0142 zawodowych. Od 1963 utrzymywa\u0142 si\u0119 z prac dorywczych. Z powodu braku sta\u0142ego zatrudnienia wielokrotnie by\u0142 zatrzymywany, a kolegia ds. wykrocze\u0144 orzeka\u0142y wobec niego kary aresztu. W [&hellip;]<\/p>\n","protected":false},"featured_media":2953,"template":"","meta":[],"_links":{"self":[{"href":"http:\/\/ludzie.fundacja-pih.pl\/index.php\/wp-json\/wp\/v2\/product\/1523"}],"collection":[{"href":"http:\/\/ludzie.fundacja-pih.pl\/index.php\/wp-json\/wp\/v2\/product"}],"about":[{"href":"http:\/\/ludzie.fundacja-pih.pl\/index.php\/wp-json\/wp\/v2\/types\/product"}],"wp:featuredmedia":[{"embeddable":true,"href":"http:\/\/ludzie.fundacja-pih.pl\/index.php\/wp-json\/wp\/v2\/media\/2953"}],"wp:attachment":[{"href":"http:\/\/ludzie.fundacja-pih.pl\/index.php\/wp-json\/wp\/v2\/media?parent=1523"}],"curies":[{"name":"wp","href":"https:\/\/api.w.org\/{rel}","templated":true}]}}