{"id":1524,"date":"2021-01-25T12:42:17","date_gmt":"2021-01-25T12:42:17","guid":{"rendered":"http:\/\/ludzie.fundacja-pih.pl\/?post_type=product&#038;p=1524"},"modified":"2025-05-16T14:13:57","modified_gmt":"2025-05-16T14:13:57","slug":"ruszczynski-maciej","status":"publish","type":"product","link":"http:\/\/ludzie.fundacja-pih.pl\/index.php\/product\/ruszczynski-maciej\/","title":{"rendered":"Ruszczy\u0144ski Maciej"},"content":{"rendered":"<p>Urodzi\u0142 si\u0119 24 lutego 1940 roku w Przasnyszu, zm. 28 stycznia 2017 roku we Wroc\u0142awiu.<\/p>\n<p>W 1958 roku uko\u0144czy\u0142 Technikum Budowy Maszyn G\u00f3rniczych w Wa\u0142brzychu. W latach 1958 \u2013 1960 by\u0142 zatrudniony jako mechanik w Koksowni Wa\u0142brzych. W latach 1960 \u2013 1962 odbywa\u0142 zasadnicz\u0105 s\u0142u\u017cb\u0119 wojskow\u0105. W latach 1962 \u2013 1965 pracowa\u0142 jako mechanik w Przedsi\u0119biorstwie Monta\u017cowo-Budowlanym w Wa\u0142brzychu. W latach 1965 \u2013 1970 by\u0142 pracownikiem wa\u0142brzyskiego Przedsi\u0119biorstwa Remontowo-Budowlanego. W latach 1970 \u2013 1975 by\u0142 zatrudniony jako mechanik w Fabryce Stolarki Budowlanej Stolbud we Wroc\u0142awiu. W 1975 pracowa\u0142 w WSK-PZL Hydral tam\u017ce. Jako ucze\u0144 przez kilka tygodni nale\u017ca\u0142 ZHP. W prote\u015bcie przeciw indoktrynacji komunistycznej publicznie podar\u0142 legitymacj\u0119 harcersk\u0105. Od 1977 roku by\u0142 zaanga\u017cowany w kolporta\u017c, a od 1978 roku w druk wydawnictw niezale\u017cnych. W 1979 roku rozpocz\u0105\u0142 wsp\u00f3\u0142prac\u0119 z redakcj\u0105 \u201eBiuletynu Dolno\u015bl\u0105skiego\u201d i zosta\u0142 cz\u0142onek KPN. Wiosn\u0105 1980 roku drukowa\u0142 i kolportowa\u0142 ulotki wzywaj\u0105ce do bojkotu wybor\u00f3w. We wrze\u015bniu 1980 roku wst\u0105pi\u0142 do NSZZ \u201eSolidarno\u015b\u0107\u201d. Prowadzi\u0142 w zak\u0142adzie pracy szkolenia drukarskie, organizowa\u0142 akcje w obronie prze\u015bladowanych. Wiosn\u0105 1981 roku by\u0142 delegatem ZR \u201eS\u201d Dolny \u015al\u0105sk. Uczestniczy\u0142 w strajku ch\u0142opskim i g\u0142od\u00f3wkach w Ustrzykach Dolnych i Rzeszowie. Po wprowadzeniu stanu wojennego zosta\u0142 internowany i osadzony kolejno w O\u015brodkach Odosobnienia we Wroc\u0142awiu i Grodkowie. 31 grudnia 1981 roku, w czasie protestu internowanych, zosta\u0142 pobity. 7 stycznia 1982 roku zosta\u0142 przewieziony do szpitala przy ul. Piwnej we Wroc\u0142awiu, gdzie przebywa\u0142 do marca 1982 roku. W kwietniu 1982 roku zosta\u0142 zwolniony z pracy. Od kwietnia 1982 organizowa\u0142 skrzynki kontaktowe i siatki kolporta\u017cu. Od czerwca 1982 roku nale\u017ca\u0142 do \u201eSolidarno\u015bci Walcz\u0105cej\u201d. Bra\u0142 udzia\u0142 w wi\u0119kszo\u015bci antyre\u017cimowych demonstracji we Wroc\u0142awiu. Od wrze\u015bnia 1982 roku do czerwca 1985 roku pracowa\u0142 jako mechanik w GS w D\u0142ugo\u0142\u0119ce k. Wroc\u0142awia. 6 czerwca 1984 roku zosta\u0142 aresztowany i uwi\u0119ziony w Areszcie \u015aledczym WUSW we Wroc\u0142awiu. Przez 2 tygodnie prowadzi\u0142 g\u0142od\u00f3wk\u0119. 27 lipca 1984 roku zosta\u0142 zwolniony na mocy amnestii, po czym zatrzymany przez MO i przewieziony do Szpitala Psychiatrycznego w Lubi\u0105\u017cu. Domagaj\u0105c si\u0119 zwolnienia, do 4 sierpnia 1984 roku prowadzi\u0142 g\u0142od\u00f3wk\u0119. W 1985 roku bra\u0142 udzia\u0142 w g\u0142od\u00f3wkach w Krakowie-Bie\u017canowie i G\u0142ogowcu. Po kolejnym zwolnieniu z pracy przeprowadzi\u0142 si\u0119 do Krakowa, gdzie zosta\u0142 zatrudniony w Krakowskiej Wytw\u00f3rni Lalek. Od 1985 roku wsp\u00f3\u0142pracowa\u0142 z organizacj\u0105 Niepodleg\u0142o\u015b\u0107. W tym samym roku wsp\u00f3\u0142tworzy\u0142 PPN. W 1990 roku, rozpocz\u0105\u0142 dzia\u0142alno\u015b\u0107 w Wydziale Wschodnim SW. Od tego momentu wyje\u017cd\u017ca\u0142 do ZSRS i nawi\u0105zywa\u0142 kontakty ze \u015brodowiskami polonijnymi, niepodleg\u0142o\u015bciowymi i opozycyjnymi. Od 1988 wsp\u00f3\u0142pracowa\u0142 z czasopismem \u201eVade-Mecum\u201d. W latach 1988 &#8211; 1992 wsp\u00f3\u0142pracowa\u0142 z ruchami niepodleg\u0142o\u015bciowymi, m.in. Litwy, \u0141otwy, Estonii, Bia\u0142orusi, Kazachstanu, Armenii, Czeczenii, Jakucji, Ukrainy, Mo\u0142dawii, w r\u00f3\u017cnych regionach Syberii i w\u015br\u00f3d Tatar\u00f3w krymskich. Dostarcza\u0142 sprz\u0119t poligraficzny i prowadzi\u0142 szkolenia drukarskie, m.in. dla opozycjonist\u00f3w Gruzji i kraj\u00f3w ba\u0142tyckich. W 2008 roku zosta\u0142 cz\u0142onkiem-za\u0142o\u017cycielem Stowarzyszenia \u201eSolidarno\u015b\u0107 Walcz\u0105ca\u201d. Zosta\u0142 odznaczony Krzy\u017cem Wolno\u015bci i Solidarno\u015bci, Krzy\u017cem Solidarno\u015bci Walcz\u0105cej, Krzy\u017cem Semper Fidelis, Orderem za Zas\u0142ugi dla Litwy. Od 1990 na rencie.<\/p>\n","protected":false},"excerpt":{"rendered":"<p>Urodzi\u0142 si\u0119 24 lutego 1940 roku w Przasnyszu, zm. 28 stycznia 2017 roku we Wroc\u0142awiu. W 1958 roku uko\u0144czy\u0142 Technikum Budowy Maszyn G\u00f3rniczych w Wa\u0142brzychu. W latach 1958 \u2013 1960 by\u0142 zatrudniony jako mechanik w Koksowni Wa\u0142brzych. W latach 1960 \u2013 1962 odbywa\u0142 zasadnicz\u0105 s\u0142u\u017cb\u0119 wojskow\u0105. W latach 1962 \u2013 1965 pracowa\u0142 jako mechanik w [&hellip;]<\/p>\n","protected":false},"featured_media":1676,"template":"","meta":[],"_links":{"self":[{"href":"http:\/\/ludzie.fundacja-pih.pl\/index.php\/wp-json\/wp\/v2\/product\/1524"}],"collection":[{"href":"http:\/\/ludzie.fundacja-pih.pl\/index.php\/wp-json\/wp\/v2\/product"}],"about":[{"href":"http:\/\/ludzie.fundacja-pih.pl\/index.php\/wp-json\/wp\/v2\/types\/product"}],"wp:featuredmedia":[{"embeddable":true,"href":"http:\/\/ludzie.fundacja-pih.pl\/index.php\/wp-json\/wp\/v2\/media\/1676"}],"wp:attachment":[{"href":"http:\/\/ludzie.fundacja-pih.pl\/index.php\/wp-json\/wp\/v2\/media?parent=1524"}],"curies":[{"name":"wp","href":"https:\/\/api.w.org\/{rel}","templated":true}]}}