{"id":1527,"date":"2021-01-25T12:46:35","date_gmt":"2021-01-25T12:46:35","guid":{"rendered":"http:\/\/ludzie.fundacja-pih.pl\/?post_type=product&#038;p=1527"},"modified":"2025-05-16T14:13:58","modified_gmt":"2025-05-16T14:13:58","slug":"sarapuk-barbara","status":"publish","type":"product","link":"http:\/\/ludzie.fundacja-pih.pl\/index.php\/product\/sarapuk-barbara\/","title":{"rendered":"Sarapuk Barbara"},"content":{"rendered":"<p>Urodzi\u0142a si\u0119 19 pa\u017adziernika 1940 roku w Rudzie Malenieckiej, zm. 29 stycznia 2015 roku we Wroc\u0142awiu.<\/p>\n<p>W 1968 roku uko\u0144czy\u0142a studia na Wydziale Gospodarki Narodowej w Wy\u017cszej Szko\u0142y Ekonomicznej we Wroc\u0142awiu. W latach 1958 &#8211; 1963 pracowa\u0142a jako nauczycielka w Technikum Ekonomicznym w Legnicy. W marcu 1968 roku uczestniczy\u0142a w antyre\u017cimowych protestach we Wroc\u0142awiu. Od 1970 roku by\u0142a zatrudniona jako nauczyciel akademicki. Od 1975 roku pracowa\u0142a jako programista komputerowy w WSE\/Akademii Ekonomicznej im. Oskara Langego we Wroc\u0142awiu. W latach 1977 &#8211; 1980 bra\u0142a udzia\u0142 w organizowanych przez KSS KOR zbi\u00f3rkach pieni\u0119dzy. Kolportowa\u0142a tak\u017ce  wydawnictwa niezale\u017cne w tym m.in. \u201eBiuletynu Dolno\u015bl\u0105skiego\u201d. We wrze\u015bniu 1980 roku wst\u0105pi\u0142a do NSZZ \u201eSolidarno\u015b\u0107\u201d. Uczestniczy\u0142a w szkoleniu drukarskim zorganizowanym przez MKZ \u201eSolidarno\u015b\u0107\u201d we Wroc\u0142awiu. Od pa\u017adziernika 1980 roku by\u0142a zaanga\u017cowana w druk i kolporta\u017c pism zwi\u0105zkowych. W tym samym okresie rozpocz\u0119\u0142a wsp\u00f3\u0142prac\u0119 Niezale\u017cnym Zrzeszeniem Student\u00f3w. W ramach tej wsp\u00f3\u0142pracy m.in. organizowa\u0142a \u0142\u0105czno\u015b\u0107 mi\u0119dzy strukturami r\u00f3\u017cnych uczelni przy wykorzystaniu ich bazy telekomunikacyjnej. W lutym 1981 roku uczestniczy\u0142a w strajku solidarno\u015bciowym NZS na Akademii Ekonomicznej ze studentami \u0141odzi ws. rejestracji NZS. Na prze\u0142omie listopada i grudnia 1981 roku bra\u0142a udzia\u0142 w strajku solidarno\u015bciowym NZS na AE ze studentami WSI w Radomiu. Po wprowadzeniu stanu wojennego, 14 grudnia 1981 roku, bra\u0142a udzia\u0142 w strajku w Pa\u0144stwowej Fabryce Wagon\u00f3w \u201ePafawag\u201d we Wroc\u0142awiu. Zosta\u0142a zatrzymana na 48 godzin po pierwszej pacyfikacji Zak\u0142adu. Wsp\u00f3\u0142pracowa\u0142a z podziemn\u0105 edycj\u0105 czasopisma \u201eBiuletyn Dolno\u015bl\u0105ski\u201d. Od 17 grudnia 1981 roku do grudnia 1982 roku nale\u017ca\u0142a do redakcji podziemnego pisma \u201eWiadomo\u015bci Bie\u017c\u0105ce\u201d. W czerwcu 1982 roku wst\u0105pi\u0142a do wroc\u0142awskiego oddzia\u0142u \u201eSolidarno\u015bci Walcz\u0105cej\u201d. 7 grudnia 1982 roku zosta\u0142a zatrzymana. 11 grudnia 1982 roku zosta\u0142a aresztowana. By\u0142a przetrzymywana w KW MO we Wroc\u0142awiu. 18 maja 1983 roku zosta\u0142a skazana wyrokiem S\u0105du Wojew\u00f3dzkiego we Wroc\u0142awiu na kar\u0119 1,5 roku pozbawienia wolno\u015bci w zawieszeniu na 3 lata. W latach 1983 &#8211; 1987 wsp\u00f3\u0142pracowa\u0142a z redakcj\u0105 podziemnego pisma \u201eReplika\u201d, by\u0142a autork\u0105 tekst\u00f3w. Do roku 1989 by\u0142a zaanga\u017cowana w druk, organizowa\u0142a szkolenia drukarskie, kierowa\u0142a sieci\u0105 drukar\u0144 i kolporta\u017cu wydawnictw podziemnych w tym m.in. tytu\u0142\u00f3w takich jak: \u201eBiuletyn Dolno\u015bl\u0105ski\u201d, \u201eWiadomo\u015bci Bie\u017c\u0105ce\u201d, \u201eSolidarno\u015b\u0107 Walcz\u0105ca\u201d, \u201eReplika\u201d, \u201eZ Dnia na Dzie\u0144\u201d, \u201eGalicja\u201d oraz konspiracyjnych ksi\u0105\u017cek we Wroc\u0142awiu i w miastach Dolnego \u015al\u0105ska. W latach 1982 &#8211; 1989 przeprowadzi\u0142a oko\u0142o sto szkole\u0144 dla drukarzy. W latach 1983 &#8211; 1984 dokona\u0142a z grup\u0105 wsp\u00f3\u0142pracownik\u00f3w wielu udoskonale\u0144, kt\u00f3re wp\u0142yn\u0119\u0142y na upowszechnienie techniki sitodruku. 17 kwietnia 1988 roku zosta\u0142a zatrzymana i poddana rewizji. 19 kwietnia 1988 roku, orzeczeniem Kolegium Rejonowego ds. Wykrocze\u0144 Dzielnicy Wroc\u0142aw-\u015ar\u00f3dmie\u015bcie w trybie przyspieszonym zosta\u0142a skazana na kar\u0119 grzywny, konfiskat\u0119 sprz\u0119tu fotograficznego i samochodu \u0160koda, za przewo\u017cenie wydawnictw podziemnych. 28 kwietnia 1988 roku zosta\u0142a ponownie zatrzymana po rewizji mieszkania. 30 kwietnia 1988 roku, orzeczeniem Kolegium Rejonowego ds. Wykrocze\u0144 Wroc\u0142aw-Stare Miasto, zosta\u0142a skazana na kar\u0119 grzywny oraz konfiskat\u0119 ramki drukarskiej i radia \u201eJulia\u201d za nielegalny druk i posiadanie urz\u0105dzenia odbiorczego do nas\u0142uchu. Po  1990 roku pracowa\u0142a jako technolog na AE we Wroc\u0142awiu. W roku 1995 przesz\u0142a na emerytur\u0119. W 2007 roku Barbara Sarapuk zosta\u0142a odznaczona Krzy\u017cem Oficerskim Orderu Odrodzenia Polski.<br \/>\nOd 13 wrze\u015bnia 1982 roku do 16 marca 1988 roku by\u0142a rozpracowywana przez Wydz. V\/V-1 KW MO\/WUSW we Wroc\u0142awiu w ramach SOR o kryptonimie \u201eKropla\u201d; od 16 marca 1988 roku do 28 grudnia 1989 roku przez Inspektorat 2 WUSW we Wroc\u0142awiu w ramach SOR o kryptonimie \u201ePaskuda\u201d.<\/p>\n","protected":false},"excerpt":{"rendered":"<p>Urodzi\u0142a si\u0119 19 pa\u017adziernika 1940 roku w Rudzie Malenieckiej, zm. 29 stycznia 2015 roku we Wroc\u0142awiu. W 1968 roku uko\u0144czy\u0142a studia na Wydziale Gospodarki Narodowej w Wy\u017cszej Szko\u0142y Ekonomicznej we Wroc\u0142awiu. W latach 1958 &#8211; 1963 pracowa\u0142a jako nauczycielka w Technikum Ekonomicznym w Legnicy. W marcu 1968 roku uczestniczy\u0142a w antyre\u017cimowych protestach we Wroc\u0142awiu. Od [&hellip;]<\/p>\n","protected":false},"featured_media":1528,"template":"","meta":[],"_links":{"self":[{"href":"http:\/\/ludzie.fundacja-pih.pl\/index.php\/wp-json\/wp\/v2\/product\/1527"}],"collection":[{"href":"http:\/\/ludzie.fundacja-pih.pl\/index.php\/wp-json\/wp\/v2\/product"}],"about":[{"href":"http:\/\/ludzie.fundacja-pih.pl\/index.php\/wp-json\/wp\/v2\/types\/product"}],"wp:featuredmedia":[{"embeddable":true,"href":"http:\/\/ludzie.fundacja-pih.pl\/index.php\/wp-json\/wp\/v2\/media\/1528"}],"wp:attachment":[{"href":"http:\/\/ludzie.fundacja-pih.pl\/index.php\/wp-json\/wp\/v2\/media?parent=1527"}],"curies":[{"name":"wp","href":"https:\/\/api.w.org\/{rel}","templated":true}]}}