{"id":1531,"date":"2021-01-25T12:49:10","date_gmt":"2021-01-25T12:49:10","guid":{"rendered":"http:\/\/ludzie.fundacja-pih.pl\/?post_type=product&#038;p=1531"},"modified":"2025-05-16T14:13:59","modified_gmt":"2025-05-16T14:13:59","slug":"serwadczak-piotr","status":"publish","type":"product","link":"http:\/\/ludzie.fundacja-pih.pl\/index.php\/product\/serwadczak-piotr\/","title":{"rendered":"Serwadczak Piotr"},"content":{"rendered":"<p>Urodzi\u0142 si\u0119 18 czerwca 1969 roku we Wroc\u0142awiu.<\/p>\n<p>W 1989 roku uko\u0144czy\u0142 Technikum Elektroniczne we wroc\u0142awskich Elektronicznych Zak\u0142adach Naukowych. W 1998 roku uko\u0144czy\u0142 studia na Wydziale Informatyki i Zarz\u0105dzania Akademii Ekonomicznej we Wroc\u0142awiu. W latach 1984 &#8211; 1986 uczestniczy\u0142 w akcjach malowania antyre\u017cimowych napis\u00f3w na murach, rozwiesza\u0142 samodzielnie wykonane ulotki oraz plakaty. W latach 1984 \u2013 1989 kolportowa\u0142 \u2013 z ramienia \u201eSolidarno\u015bci Walcz\u0105cej\u201d i Mi\u0119dzyszkolnego Komitetu Oporu we Wroc\u0142awiu &#8211; podziemne czasopisma takie jak: \u201eSzko\u0142a\u201d, \u201eWyrostek\u201d, \u201eVerbum\u201d, \u201eWieszcz\u201d, \u201eSolidarno\u015b\u0107 Walcz\u0105ca\u201d, \u201eWiadomo\u015bci Bie\u017c\u0105ce\u201d, \u201eBiuletyn Dolno\u015bl\u0105ski\u201d, \u201eBIS\u201d. 5 listopada 1986 roku zosta\u0142 skazany przez S\u0105d Rejonowy Wroc\u0142aw-Fabryczna na kar\u0119 14 miesi\u0119cy pozbawienia wolno\u015bci w zawieszeniu. 28 pa\u017adziernika 1986 roku S\u0105d Wojew\u00f3dzki we Wroc\u0142awiu zmieni\u0142 wyrok na 10 miesi\u0119cy pozbawienia wolno\u015bci w zawieszeniu. Od maja 1988 roku do roku 1989, Piotr Serwadczak prowadzi\u0142 z innymi dzia\u0142aczami MKO nas\u0142uch cz\u0119stotliwo\u015bci radiowych u\u017cywanych przez SB i MO. W 1989 roku wszed\u0142 w sk\u0142ad zespo\u0142u Jana Krusi\u0144skiego, zajmuj\u0105cego si\u0119 przekazywaniem sprz\u0119tu nas\u0142uchowego SW i budow\u0105 p\u00f3\u0142automatycznego systemu \u0142\u0105czno\u015bci kodowanej dla Wydzia\u0142u Wschodniego SW. W dniach 24 &#8211; 31 maja 1989 roku bra\u0142 udzia\u0142 w strajku studenckiego na Uniwersytecie Wroc\u0142awskim.<\/p>\n","protected":false},"excerpt":{"rendered":"<p>Urodzi\u0142 si\u0119 18 czerwca 1969 roku we Wroc\u0142awiu. W 1989 roku uko\u0144czy\u0142 Technikum Elektroniczne we wroc\u0142awskich Elektronicznych Zak\u0142adach Naukowych. W 1998 roku uko\u0144czy\u0142 studia na Wydziale Informatyki i Zarz\u0105dzania Akademii Ekonomicznej we Wroc\u0142awiu. W latach 1984 &#8211; 1986 uczestniczy\u0142 w akcjach malowania antyre\u017cimowych napis\u00f3w na murach, rozwiesza\u0142 samodzielnie wykonane ulotki oraz plakaty. W latach 1984 [&hellip;]<\/p>\n","protected":false},"featured_media":1532,"template":"","meta":[],"_links":{"self":[{"href":"http:\/\/ludzie.fundacja-pih.pl\/index.php\/wp-json\/wp\/v2\/product\/1531"}],"collection":[{"href":"http:\/\/ludzie.fundacja-pih.pl\/index.php\/wp-json\/wp\/v2\/product"}],"about":[{"href":"http:\/\/ludzie.fundacja-pih.pl\/index.php\/wp-json\/wp\/v2\/types\/product"}],"wp:featuredmedia":[{"embeddable":true,"href":"http:\/\/ludzie.fundacja-pih.pl\/index.php\/wp-json\/wp\/v2\/media\/1532"}],"wp:attachment":[{"href":"http:\/\/ludzie.fundacja-pih.pl\/index.php\/wp-json\/wp\/v2\/media?parent=1531"}],"curies":[{"name":"wp","href":"https:\/\/api.w.org\/{rel}","templated":true}]}}