{"id":1533,"date":"2021-01-25T12:50:51","date_gmt":"2021-01-25T12:50:51","guid":{"rendered":"http:\/\/ludzie.fundacja-pih.pl\/?post_type=product&#038;p=1533"},"modified":"2025-05-16T14:14:00","modified_gmt":"2025-05-16T14:14:00","slug":"sidorowicz-wladyslaw","status":"publish","type":"product","link":"http:\/\/ludzie.fundacja-pih.pl\/index.php\/product\/sidorowicz-wladyslaw\/","title":{"rendered":"Sidorowicz W\u0142adys\u0142aw"},"content":{"rendered":"<p>Urodzi\u0142 si\u0119 17 wrze\u015bnia 1945 roku w Wilnie, zm. 24 lipca 2014 roku we Wroc\u0142awiu.<\/p>\n<p>W 1971 roku uko\u0144czy\u0142 studia na Wydziale Lekarskim w Akademii Medycznej w \u0141odzi. W latach 1956 &#8211; 1957 nale\u017ca\u0142 do ZHP. W latach 1964 &#8211; 1965 by\u0142 cz\u0142onkiem ZSP. W latach 1965 &#8211; 1968 nale\u017ca\u0142 do ZMW. W latach 1972 &#8211; 1975 by\u0142 cz\u0142onkiem SD. W 1965 jako student Wydzia\u0142u Lekarskiego Akademii Medycznej we Wroc\u0142awiu powiela\u0142 List otwarty do Partii Karola Modzelewskiego i Jacka Kuronia. W marcu 1968 roku bra\u0142 udzia\u0142 w strajkach i manifestacjach studenckich we Wroc\u0142awiu, nale\u017ca\u0142 do Komitetu Mi\u0119dzyuczelnianego i Komitetu Politycznego. 12 kwietnia 1968 roku zosta\u0142 aresztowany i osadzony we wroc\u0142awskim Areszcie \u015aledczym. 18 wrze\u015bnia 1968 roku zosta\u0142 skazany przez S\u0105d Powiatowy tam\u017ce, na kar\u0119 6 miesi\u0119cy pozbawienia wolno\u015bci w zawieszeniu. W latach 1968 &#8211; 1969 pracowa\u0142 w Instytucie Immunologii i Terapii Do\u015bwiadczalnej we Wroc\u0142awiu. W latach 1970 \u2013 1971 studiowa\u0142 na Akademii Medycznej w \u0141odzi. W latach 1971 \u2013 1972 by\u0142 sta\u017cysta w \u0142\u00f3dzkim szpitalu im. Ludwika Rydygiera. W latach 1972 \u2013 1975 by\u0142 doktorant Akademii Medycznej we Wroc\u0142awiu, zosta\u0142 odsuni\u0119ty od pracy z przyczyn politycznych. W 1976 roku zosta\u0142 kierownikiem w ZOZ dla Wroc\u0142awia-\u015ar\u00f3dmie\u015bcie. W latch 1977 \u2013 1979 pracowa\u0142 jako asystent w Specjalistycznym Zespole Psychiatrycznej Opieki Zdrowotnej tam\u017ce. W latach 1979 \u2013 1999 by\u0142 zatrudniony w ZOZ dla Szk\u00f3\u0142 Wy\u017cszych we Wroc\u0142awiu. We wrze\u015bniu 1980 roku wst\u0105pi\u0142 do NSZZ \u201eSolidarno\u015b\u0107\u201d. W tym samym czasie obj\u0105\u0142 funkcj\u0119 przewodnicz\u0105cego Komitetu Za\u0142o\u017cycielskiego. Od grudnia tego samego roku nale\u017ca\u0142 do KZ. Od listopada by\u0142 wiceprzewodnicz\u0105cym, a nast\u0119pnie przewodnicz\u0105cym, a p\u00f3\u017aniej wiceprzewodnicz\u0105cym Regionalnej Sekcji Koordynacyjnej Pracownik\u00f3w S\u0142u\u017cby Zdrowia oraz cz\u0142onkiem KKK PSZ\/Sekcji Krajowej S\u0142u\u017cby Zdrowia. W czerwcu 1981 roku zosta\u0142 delegatem na I WZD Regionu Dolny \u015al\u0105sk. Od lipca tego samego roku wchodzi\u0142 w sk\u0142ad ZR. Na prze\u0142omie wrze\u015bnia i pa\u017adziernika 1981 roku by\u0142 delegatem na I KZD. W listopadzie tego samego roku znalaz\u0142 si\u0119 w gronie sygnatariuszy deklaracji za\u0142o\u017cycielskiej Klub\u00f3w Rzeczypospolitej Samorz\u0105dnej Wolno\u015b\u0107-Sprawiedliwo\u015b\u0107-Niepodleg\u0142o\u015b\u0107. Po wprowadzeniu stanu wojennego, 13 grudnia 1981 roku, zosta\u0142 internowany i osadzony w O\u015brodkach Odosobnienia we Wroc\u0142awiu i Grodkowie. 7 kwietnia 1982 roku zosta\u0142 zwolniony. W latach 1982 &#8211; 1987 by\u0142 cz\u0142onkiem \u201eSolidarno\u015bci Walcz\u0105cej\u201d, od listopada 1982 do roku 1985 wchodzi\u0142 w sk\u0142ad Rady Politycznej SW. Od 30 pa\u017adziernika 1984 roku do roku 1986 nale\u017ca\u0142 do Komitetu Obrony Praw Cz\u0142owieka we Wroc\u0142awiu. W latach 1983 \u2013 1987 by\u0142 wielokrotnie zatrzymywany, dwukrotnie poddany rewizjom oraz  karany przez kolegia ds. wykrocze\u0144. W latach osiemdziesi\u0105tych nale\u017ca\u0142 te\u017c do podziemnej KKK PSZ. Od stycznia 1987 roku pe\u0142ni\u0142 funkcj\u0119 wiceprzewodnicz\u0105cego, a od 23 pa\u017adziernika 1988 roku  wiceprzewodnicz\u0105cego ujawnionej KKK PSZ. Od lutego do kwietnia 1990 roku uczestniczy\u0142 w obradach Okr\u0105g\u0142ego Sto\u0142u w podzespole ds. zdrowia. Od kwietnia do czerwca 1989 roku by\u0142 cz\u0142onkiem KO we Wroc\u0142awiu. W 1991 minister zdrowia i opieki spo\u0142ecznej. W 2013 roku zosta\u0142 odznaczony Krzy\u017cem Oficerskim Orderu Odrodzenia Polski.<br \/>\nOd 5 marca 1969 roku do 17 grudnia 1974 roku by\u0142 rozpracowywany przez Wydz. III KW MO we Wroc\u0142awiu\/Wydz. III KW MO w \u0141odzi w ramach SOO\/KE o kryptonimie \u201eMedyk\u201d. Od 9 grudnia 1982 roku do 16 listopada 1989 roku przez Wydz. III KW MO\/WUSW we Wroc\u0142awiu w ramach KE o kryptonimie \u201eBrutal\u201d.<\/p>\n","protected":false},"excerpt":{"rendered":"<p>Urodzi\u0142 si\u0119 17 wrze\u015bnia 1945 roku w Wilnie, zm. 24 lipca 2014 roku we Wroc\u0142awiu. W 1971 roku uko\u0144czy\u0142 studia na Wydziale Lekarskim w Akademii Medycznej w \u0141odzi. W latach 1956 &#8211; 1957 nale\u017ca\u0142 do ZHP. W latach 1964 &#8211; 1965 by\u0142 cz\u0142onkiem ZSP. W latach 1965 &#8211; 1968 nale\u017ca\u0142 do ZMW. W latach 1972 [&hellip;]<\/p>\n","protected":false},"featured_media":1534,"template":"","meta":[],"_links":{"self":[{"href":"http:\/\/ludzie.fundacja-pih.pl\/index.php\/wp-json\/wp\/v2\/product\/1533"}],"collection":[{"href":"http:\/\/ludzie.fundacja-pih.pl\/index.php\/wp-json\/wp\/v2\/product"}],"about":[{"href":"http:\/\/ludzie.fundacja-pih.pl\/index.php\/wp-json\/wp\/v2\/types\/product"}],"wp:featuredmedia":[{"embeddable":true,"href":"http:\/\/ludzie.fundacja-pih.pl\/index.php\/wp-json\/wp\/v2\/media\/1534"}],"wp:attachment":[{"href":"http:\/\/ludzie.fundacja-pih.pl\/index.php\/wp-json\/wp\/v2\/media?parent=1533"}],"curies":[{"name":"wp","href":"https:\/\/api.w.org\/{rel}","templated":true}]}}