{"id":1539,"date":"2021-01-25T12:56:56","date_gmt":"2021-01-25T12:56:56","guid":{"rendered":"http:\/\/ludzie.fundacja-pih.pl\/?post_type=product&#038;p=1539"},"modified":"2025-05-16T14:14:01","modified_gmt":"2025-05-16T14:14:01","slug":"wawrzen-andrzej","status":"publish","type":"product","link":"http:\/\/ludzie.fundacja-pih.pl\/index.php\/product\/wawrzen-andrzej\/","title":{"rendered":"Wawrze\u0144 Andrzej"},"content":{"rendered":"<p>Urodzi\u0142 si\u0119 29 lipca 1958 roku we Wroc\u0142awiu.<\/p>\n<p>W 1979 roku uko\u0144czy\u0142 Technikum Mechaniczne nr 1 we Wroc\u0142awiu. W latach 1980 &#8211; 1982 pracowa\u0142 jako monter-kierowca w Sp\u00f3\u0142dzielni Mieszkaniowej Energetyk we Wroc\u0142awiu. We wrze\u015bniu 1980 roku wst\u0105pi\u0142 do NSZZ \u201eSolidarno\u015b\u0107\u201d. Tak\u017ce w tym samym okresie zosta\u0142 przewodnicz\u0105cym Ko\u0142a Zak\u0142adowego \u201eSolidarno\u015bci\u201d w swoim  zak\u0142adzie pracy i odby\u0142 szkolenie drukarskie w MKZ we Wroc\u0142awiu. W latach 1980 \u2013 1981 kolportowa\u0142 pisma niezale\u017cne, m.in. \u201eBiuletyn Dolno\u015bl\u0105ski\u201d, \u201eTygodnik Solidarno\u015b\u0107\u201d, \u201eSolidarno\u015b\u0107 Dolno\u015bl\u0105ska\u201d, jak r\u00f3wnie\u017c ksi\u0105\u017cki. W latach 1980 \u2013 1986 by\u0142 szefem biblioteki (kt\u00f3r\u0105 osobi\u015bcie za\u0142o\u017cy\u0142) wydawnictw niezale\u017cnych dzia\u0142aj\u0105cej w prywatnym mieszkaniu. Po wprowadzeniu stanu wojennego, od grudnia 1981 do stycznia 1982 roku, dzia\u0142a\u0142 w zak\u0142adowej \u201eSolidarno\u015bci\u201d podziemnej. 16  stycznia zosta\u0142 zwolniony z pracy. Od lipca 1982 roku do roku 1988 by\u0142 mechanikiem w MPK we Wroc\u0142awiu. Od sierpnia 1982 roku do roku 1989 by\u0142 cz\u0142onkiem, a od roku 1985 przewodnicz\u0105cym TKZ. Uczestniczy\u0142 w zbi\u00f3rkach i sk\u0142adkach, wsp\u00f3\u0142organizowa\u0142 pomoc dla os\u00f3b represjonowanych. W 1982 roku rozpocz\u0105\u0142 wsp\u00f3\u0142prac\u0119 z \u201eSolidarno\u015bci\u0105 Walcz\u0105c\u0105\u201d, a w roku 1983 zosta\u0142 jej zaprzysi\u0119\u017conym cz\u0142onkiem. Drukowa\u0142 podziemne czasopisma m.in. \u201eWiadomo\u015bci Bie\u017c\u0105ce\u201d, \u201eSolidarno\u015b\u0107 Walcz\u0105ca\u201d \u201eJedno\u015bci\u0105 Silni\u201d, a tak\u017ce kartki okoliczno\u015bciowe i kalendarze. Kolportowa\u0142 wydawnictwa konspiracyjne takie jak: \u201eBiuletyn Dolno\u015bl\u0105ski\u201d i \u201eTygodnik Mazowsze\u201d. W latach 1984 \u2013 1989 wspomaga\u0142 Mi\u0119dzyszkolny Komitet Oporu we Wroc\u0142awiu w zakresie druku (dostawca materia\u0142\u00f3w poligraficznych, organizator szkole\u0144). W latach  1984 &#8211; 1989 by\u0142 redaktorem, autorem i drukarzem (przygotowywanie matryc), zak\u0142adowego podziemnego pisma MPK \u201e\u015awit\u201d. Od 1988 roku prowadzi\u0142 dzia\u0142alno\u015b\u0107 gospodarcz\u0105. W 1989 roku wsp\u00f3\u0142zak\u0142ada\u0142 struktury \u201eSolidarno\u015bci Walcz\u0105cej\u201d w MPK. W latach 1989 &#8211; 1990 pe\u0142ni\u0142 funkcj\u0119 redaktora naczelnego, a tak\u017ce by\u0142 autorem i drukarzem pisma \u201eBez Pardonu\u201d. W 2007 roku zosta\u0142 cz\u0142onkiem-za\u0142o\u017cycielem Stowarzyszenia Solidarno\u015b\u0107 Walcz\u0105ca we Wroc\u0142awiu. W 2012 roku zosta\u0142 odznaczony Z\u0142otym Krzy\u017cem Zas\u0142ugi, w 2017 roku Krzy\u017cem Wolno\u015bci i Solidarno\u015bci .<\/p>\n","protected":false},"excerpt":{"rendered":"<p>Urodzi\u0142 si\u0119 29 lipca 1958 roku we Wroc\u0142awiu. W 1979 roku uko\u0144czy\u0142 Technikum Mechaniczne nr 1 we Wroc\u0142awiu. W latach 1980 &#8211; 1982 pracowa\u0142 jako monter-kierowca w Sp\u00f3\u0142dzielni Mieszkaniowej Energetyk we Wroc\u0142awiu. We wrze\u015bniu 1980 roku wst\u0105pi\u0142 do NSZZ \u201eSolidarno\u015b\u0107\u201d. Tak\u017ce w tym samym okresie zosta\u0142 przewodnicz\u0105cym Ko\u0142a Zak\u0142adowego \u201eSolidarno\u015bci\u201d w swoim zak\u0142adzie pracy i [&hellip;]<\/p>\n","protected":false},"featured_media":3077,"template":"","meta":[],"_links":{"self":[{"href":"http:\/\/ludzie.fundacja-pih.pl\/index.php\/wp-json\/wp\/v2\/product\/1539"}],"collection":[{"href":"http:\/\/ludzie.fundacja-pih.pl\/index.php\/wp-json\/wp\/v2\/product"}],"about":[{"href":"http:\/\/ludzie.fundacja-pih.pl\/index.php\/wp-json\/wp\/v2\/types\/product"}],"wp:featuredmedia":[{"embeddable":true,"href":"http:\/\/ludzie.fundacja-pih.pl\/index.php\/wp-json\/wp\/v2\/media\/3077"}],"wp:attachment":[{"href":"http:\/\/ludzie.fundacja-pih.pl\/index.php\/wp-json\/wp\/v2\/media?parent=1539"}],"curies":[{"name":"wp","href":"https:\/\/api.w.org\/{rel}","templated":true}]}}