{"id":1540,"date":"2021-01-25T12:58:05","date_gmt":"2021-01-25T12:58:05","guid":{"rendered":"http:\/\/ludzie.fundacja-pih.pl\/?post_type=product&#038;p=1540"},"modified":"2025-05-16T14:14:02","modified_gmt":"2025-05-16T14:14:02","slug":"winnik-jan","status":"publish","type":"product","link":"http:\/\/ludzie.fundacja-pih.pl\/index.php\/product\/winnik-jan\/","title":{"rendered":"Winnik Jan"},"content":{"rendered":"<p>Urodzi\u0142 si\u0119 22 kwietnia 1944 w Chodaczkowie.<\/p>\n<p>W 1964 roku uko\u0144czy\u0142 Technikum Mechaniczne we Wroc\u0142awiu, nast\u0119pnie studiowa\u0142 na Politechnice Wroc\u0142awskiej. W latach 1964 -1968 nale\u017ca\u0142 do ZSP. W marcu 1968 roku bra\u0142 udzia\u0142 w strajku na Politechnice Wroc\u0142awskiej, organizowa\u0142 kolporta\u017c ulotek. W latach 1970 \u2013 1979 pracowa\u0142 jako konstruktor technolog w Jelcza\u0144skich Zak\u0142adach Samochodowych. W latach 1979 \u2013 1981 by\u0142 zatrudniony jako \u015blusarz-spawacz tam\u017ce. W sierpniu 1980 roku organizowa\u0142 KS w JZS. We wrze\u015bniu 1980 roku wst\u0105pi\u0142 do NSZZ \u201eSolidarno\u015b\u0107\u201d. Od  wrze\u015bnia 1980 do czerwca 1981 roku przewodniczy\u0142 KZ, pe\u0142ni\u0142 funkcj\u0119 wiceprzewodnicz\u0105cego i przewodnicz\u0105cego Komisji Fabrycznej \u201eS\u201d w JZS. W czerwcu 1981 roku zosta\u0142 delegatem na I WZD Region Dolny \u015al\u0105sk. Pe\u0142ni\u0142 funkcj\u0119 wiceprzewodnicz\u0105cego ZR, wchodzi\u0142 w sk\u0142ad Prezydium ZR, by\u0142 delegatem na I KZD, nale\u017ca\u0142 do KK. Po wprowadzeniu stanu wojennego od 13 grudnia 1981 roku do 28 lipca 1984 roku pozostawa\u0142 w ukryciu. Od 6 stycznia 1982 roku by\u0142 poszukiwany listem go\u0144czym. Nast\u0119pnie zosta\u0142 zwolniony z pracy. By\u0142 bliskim wsp\u00f3\u0142pracownikiem RKS \u201eS\u201d Dolny \u015al\u0105sk, konsultowa\u0142 (osobi\u015bcie lub przez \u0142\u0105cznik\u00f3w) formy oporu z ukrywaj\u0105cymi si\u0119 przyw\u00f3dcami podziemnych struktur (m.in.: W\u0142adys\u0142awem Frasyniukiem, Kornelem Morawieckim, Markiem Muszy\u0144skim, Eugeniuszem Szumiejk\u0105). Organizowa\u0142 podziemne struktury w zak\u0142adach pracy. Kolportowa\u0142 wydawnictwa konspiracyjne, gromadzi\u0142 i publikowa\u0142 informacje o represjach. Organizowa\u0142 szkolenia drukarzy, wsp\u00f3\u0142pracowa\u0142 z Radiem Wolna Europa, przekazywa\u0142 informacje i komunikaty. Od 1982 roku wsp\u00f3\u0142pracowa\u0142 z \u201eSolidarno\u015bci\u0105 Walcz\u0105c\u0105\u201d, a od jesieni 1984 roku by\u0142 jej  zaprzysi\u0119\u017conym cz\u0142onkiem. W latach 1984 \u2013 1987 by\u0142 zatrudniony jako \u015blusarz w Sp\u00f3\u0142dzielni Prodrem w Siechnicy. W latach 1984 \u2013 1989 bra\u0142 udzia\u0142 w akcji pomocy represjonowanym. 30 listopada 1984 wsp\u00f3\u0142zak\u0142ada\u0142 Komitet Obrony Praw Cz\u0142owieka we Wroc\u0142awiu. W 1985 roku uczestniczy\u0142 w g\u0142od\u00f3wce rotacyjnej w parafii Narodzenia NMP w Krakowie-Bie\u017canowie. W latach 1986 \u2013 1989 nale\u017ca\u0142 do Dolno\u015bl\u0105skiej Komisji Interwencji i Praworz\u0105dno\u015bci \u201eS\u201d. W dniach 25 \u2013 28 sierpnia 1988 wsp\u00f3\u0142organizowa\u0142 Mi\u0119dzynarodow\u0105 Konferencj\u0119 Praw Cz\u0142owieka w parafii \u015bw. Maksymiliana Kolbego w Krakowie-Mistrzejowicach. Od 9 wrze\u015bnia 1988 roku nale\u017ca\u0142 do RKW \u201eS\u201d Region Dolny \u015al\u0105sk. W latach 1988 \u2013 1998 by\u0142 w\u0142a\u015bcicielem zak\u0142adu \u015blusarskiego. W 1989 organizowa\u0142 KO oraz \u201eS\u201d RI w terenie. W latach 1989 \u2013 1990 by\u0142 delegatem na WZD Regionu Dolny \u015al\u0105sk, wchodzi\u0142 w sk\u0142ad Prezydium ZR, prowadzi\u0142 Dzia\u0142 Interwencji Zwi\u0105zkowych. Od 12 wrze\u015bnia do 15 listopada 1980 roku by\u0142 rozpracowywany przez Wydz. III-A KW MO we Wroc\u0142awiu w ramach SOR o kryptonimie \u201eRedukcja\u201d. Od 1982 w ramach SOR o kryptonimie \u201e\u015alimak\u201d.<\/p>\n","protected":false},"excerpt":{"rendered":"<p>Urodzi\u0142 si\u0119 22 kwietnia 1944 w Chodaczkowie. W 1964 roku uko\u0144czy\u0142 Technikum Mechaniczne we Wroc\u0142awiu, nast\u0119pnie studiowa\u0142 na Politechnice Wroc\u0142awskiej. W latach 1964 -1968 nale\u017ca\u0142 do ZSP. W marcu 1968 roku bra\u0142 udzia\u0142 w strajku na Politechnice Wroc\u0142awskiej, organizowa\u0142 kolporta\u017c ulotek. W latach 1970 \u2013 1979 pracowa\u0142 jako konstruktor technolog w Jelcza\u0144skich Zak\u0142adach Samochodowych. W [&hellip;]<\/p>\n","protected":false},"featured_media":1541,"template":"","meta":[],"_links":{"self":[{"href":"http:\/\/ludzie.fundacja-pih.pl\/index.php\/wp-json\/wp\/v2\/product\/1540"}],"collection":[{"href":"http:\/\/ludzie.fundacja-pih.pl\/index.php\/wp-json\/wp\/v2\/product"}],"about":[{"href":"http:\/\/ludzie.fundacja-pih.pl\/index.php\/wp-json\/wp\/v2\/types\/product"}],"wp:featuredmedia":[{"embeddable":true,"href":"http:\/\/ludzie.fundacja-pih.pl\/index.php\/wp-json\/wp\/v2\/media\/1541"}],"wp:attachment":[{"href":"http:\/\/ludzie.fundacja-pih.pl\/index.php\/wp-json\/wp\/v2\/media?parent=1540"}],"curies":[{"name":"wp","href":"https:\/\/api.w.org\/{rel}","templated":true}]}}