{"id":1542,"date":"2021-01-25T12:59:27","date_gmt":"2021-01-25T12:59:27","guid":{"rendered":"http:\/\/ludzie.fundacja-pih.pl\/?post_type=product&#038;p=1542"},"modified":"2025-05-16T14:14:02","modified_gmt":"2025-05-16T14:14:02","slug":"zabokrzycki-adam","status":"publish","type":"product","link":"http:\/\/ludzie.fundacja-pih.pl\/index.php\/product\/zabokrzycki-adam\/","title":{"rendered":"Zabokrzycki Adam"},"content":{"rendered":"<p>Urodzi\u0142 si\u0119 24 listopada 1948 roku w Stalowej Woli.<\/p>\n<p>W 1980 roku uko\u0144czy\u0142 studia na kierunku filologia angielska na Uniwersytecie Wroc\u0142awskim. Od 1972 roku by\u0142 nauczycielem-korepetytorem j\u0119zyka angielskiego. Po wprowadzeniu stanu wojennego, od 14 grudnia 1981 roku do czerwca 1982 roku drukowa\u0142  podziemne czasopismo \u201eZ Dnia na Dzie\u0144\u201d. Od czerwca 1982 roku do roku 1990 by\u0142 zaprzysi\u0119\u017conym cz\u0142onkiem \u201eSolidarno\u015bci Walcz\u0105cej\u201d. Od czerwca 1982 roku do 17 kwietnia 1988 roku, drukowa\u0142 podziemne czasopisma w tym m.in. \u201eSolidarno\u015b\u0107 Walcz\u0105ca\u201d, \u201eBIS\u201d, \u201eBiuletyn Dolno\u015bl\u0105ski\u201d, \u201eZ Dnia na Dzie\u0144\u201d, \u201eJutrzenka\u201d, \u201eIskierka\u201d, \u201eSolidarno\u015b\u0107 Chemik\u00f3w\u201d oraz ksi\u0105\u017cki, ulotki i znaczki poczty podziemnej. T\u0142umaczy\u0142 z j\u0119zyka angielskiego ksi\u0105\u017cki wydawane w podziemiu i ulotki na j\u0119zyk angielski. Uczestniczy\u0142 w antre\u017cimowych demonstracjach we Wroc\u0142awiu. Trzykrotnie by\u0142 zatrzymywany i trzykrotnie karany kar\u0105 grzywny przez kolegia ds. wykrocze\u0144. Od 1990 roku pracuje jako t\u0142umacz. Od 8 lipca 1986 roku do 30 stycznia 1990 roku by\u0142 rozpracowywany przez Wydz. III-1 WUSW we Wroc\u0142awiu w ramach SOR o kryptonimie \u201eTyka\u201d.<\/p>\n","protected":false},"excerpt":{"rendered":"<p>Urodzi\u0142 si\u0119 24 listopada 1948 roku w Stalowej Woli. W 1980 roku uko\u0144czy\u0142 studia na kierunku filologia angielska na Uniwersytecie Wroc\u0142awskim. Od 1972 roku by\u0142 nauczycielem-korepetytorem j\u0119zyka angielskiego. Po wprowadzeniu stanu wojennego, od 14 grudnia 1981 roku do czerwca 1982 roku drukowa\u0142 podziemne czasopismo \u201eZ Dnia na Dzie\u0144\u201d. Od czerwca 1982 roku do roku 1990 [&hellip;]<\/p>\n","protected":false},"featured_media":1543,"template":"","meta":[],"_links":{"self":[{"href":"http:\/\/ludzie.fundacja-pih.pl\/index.php\/wp-json\/wp\/v2\/product\/1542"}],"collection":[{"href":"http:\/\/ludzie.fundacja-pih.pl\/index.php\/wp-json\/wp\/v2\/product"}],"about":[{"href":"http:\/\/ludzie.fundacja-pih.pl\/index.php\/wp-json\/wp\/v2\/types\/product"}],"wp:featuredmedia":[{"embeddable":true,"href":"http:\/\/ludzie.fundacja-pih.pl\/index.php\/wp-json\/wp\/v2\/media\/1543"}],"wp:attachment":[{"href":"http:\/\/ludzie.fundacja-pih.pl\/index.php\/wp-json\/wp\/v2\/media?parent=1542"}],"curies":[{"name":"wp","href":"https:\/\/api.w.org\/{rel}","templated":true}]}}