{"id":1544,"date":"2021-01-25T13:00:39","date_gmt":"2021-01-25T13:00:39","guid":{"rendered":"http:\/\/ludzie.fundacja-pih.pl\/?post_type=product&#038;p=1544"},"modified":"2025-05-16T14:14:03","modified_gmt":"2025-05-16T14:14:03","slug":"zarach-andrzej","status":"publish","type":"product","link":"http:\/\/ludzie.fundacja-pih.pl\/index.php\/product\/zarach-andrzej\/","title":{"rendered":"Zarach Andrzej"},"content":{"rendered":"<p>Urodzi\u0142 si\u0119 2 czerwca 1948 roku w Ko\u015bcierzynie.<\/p>\n<p>W 1971 roku uko\u0144czy\u0142 studia na Wydziale Matematyki Uniwersytetu Warszawskiego, w 1973 roku zyska\u0142 stopie\u0144 doktora. W 1965 roku zaj\u0105\u0142 I miejsce w Og\u00f3lnopolskiej Olimpiadzie Matematycznej. W 1971 roku wygra\u0142 konkurs im. J\u00f3zefa Marcinkiewicza na najlepsz\u0105 prac\u0119 studenck\u0105 z matematyki (organizowany przez Oddzia\u0142 Polskiego Towarzystwa Matematycznego w Toruniu). W 1974 roku zosta\u0142 laureatem w konkursie dla m\u0142odych matematyk\u00f3w (organizowany przez Polskie Towarzystwo Matematyczne). W latach 1966 \u2013 1969 nale\u017ca\u0142 do ZMS, w latach 1968 \u2013 1969 by\u0142 przewodnicz\u0105cym Zarz\u0105du Wydzia\u0142u, jesieni\u0105 1969 roku zosta\u0142 zawieszony w pe\u0142nionych funkcjach. W 1969 \u2013 1971 nale\u017ca\u0142 do ZSP. Wiosn\u0105 1969 roku pe\u0142ni\u0142 funkcj\u0119 komendanta Komisji Uczelnianej OHP Uniwersytetu Warszawskiego, latem 1969 roku by\u0142 komendant mi\u0119dzynarodowych hufc\u00f3w pracy (tylko w Polsce). Latem 1970 roku pe\u0142ni\u0142 funkcj\u0119 inspektora Sto\u0142ecznej Komendy OHP. W latach 1973 \u2013 1989 by\u0142 zatrudniony jako pracownik naukowy w Instytucie Matematyki i Fizyki Teoretycznej\/Instytucie Matematyki Politechniki Wroc\u0142awskiej. W latach 1979 \u2013 1980 kolportowa\u0142 niezale\u017cne czasopismo \u201eBiuletyn Dolno\u015bl\u0105ski\u201d. W czerwcu 1980 roku zosta\u0142 zwolniony przy sprzeciwie Rady Naukowej IM Politechniki Wroc\u0142awskiej. We wrze\u015bniu tego samego roku zosta\u0142 przywr\u00f3cony do pracy. W latach 1969 \u2013 1980 by\u0142 wielokrotnie zatrzymywany, przes\u0142uchiwany, poddawany rewizjom. We wrze\u015bniu 1980 roku wst\u0105pi\u0142 do NSZZ \u201eSolidarno\u015b\u0107\u201d. W tym samym okresie zosta\u0142 wsp\u00f3\u0142organizatorem \u201eSolidarno\u015bci\u201d na Politechnice Wroc\u0142awskiej, od 3 pa\u017adziernika 1980  roku nale\u017ca\u0142 do Komitetu Za\u0142o\u017cycielskiego. W czerwcu 1981 roku zosta\u0142 delegatem na I WZD Regionu Dolny \u015al\u0105sk, na prze\u0142omie wrze\u015bnia i pa\u017adziernika tego samego roku delegatem na I KZD. Wchodzi\u0142 w sk\u0142ad prezydium KKR. Po wprowadzeniu stanu wojennego, od 13 grudnia 1981 roku przebywa\u0142 w ukryciu. 6 stycznia 1982 roku zosta\u0142 internowany i osadzony kolejno w O\u015brodkach Odosobnienia we Wroc\u0142awiu i Nysie. 5 czerwca 1982 roku zosta\u0142 zwolniony. 5 listopada 1982 roku zosta\u0142 ponownie internowany i osadzony w O\u015brodku Odosobnienia w Strzelinie. Zwolniono go 18 listopada tego samego roku. W latach 1983 \u2013 1990 by\u0142 cz\u0142onkiem \u201eSolidarno\u015bci Walcz\u0105cej\u201d, od 1984 roku wchodzi\u0142 w sk\u0142ad Komitetu Wykonawczego SW, by\u0142 odpowiedzialny za finanse i kontakty z zagranic\u0105 (z kt\u00f3rej otrzymywano pomoc materialn\u0105). W latach 1986 \u2013 1990 wsp\u00f3\u0142pracowa\u0142 z redakcj\u0105 podziemnego pisma \u201eSolidarno\u015b\u0107 Walcz\u0105ca\u201d. W maju 1987 roku zosta\u0142 wsp\u00f3\u0142autorem \u2013 wraz z Kornelem Morawieckim i Wojciechem My\u015bleckim &#8211; Zasad ideowych i programu dzia\u0142ania Solidarno\u015bci Walcz\u0105cej. W latach 1982 \u2013 1988 by\u0142 wielokrotnie zatrzymywany, przes\u0142uchiwany i poddawany rewizjom. 8 lutego 1988 roku zosta\u0142 ukarany grzywn\u0105 przez kolegium ds. wykrocze\u0144. Od listopada 1988 roku przebywa\u0142 na emigracji w USA. Pracowa\u0142 jako profesor matematyki na East Stroudsburg University of Pennsylvania. W latach 1988 \u2013 1990 organizowa\u0142 pomoc finansow\u0105 dla SW, go\u015bci\u0142 w USA przedstawicieli SW: Ew\u0119 Kubasiewicz, K. Morawieckiego i W. My\u015bleckiego. W 2007 roku Andrzej Zarach zosta\u0142 odznaczony Krzy\u017cem Oficerskim Orderu Odrodzenia Polski.<br \/>\nOd 15 sierpnia 1986 roku by\u0142 rozpracowywany przez Wydz. III\/Inspektorat 2 WUSW we Wroc\u0142awiu w ramach SOR o kryptonimach \u201ePiskorz\u201d\/\u201dKuguar\u201d.<\/p>\n","protected":false},"excerpt":{"rendered":"<p>Urodzi\u0142 si\u0119 2 czerwca 1948 roku w Ko\u015bcierzynie. W 1971 roku uko\u0144czy\u0142 studia na Wydziale Matematyki Uniwersytetu Warszawskiego, w 1973 roku zyska\u0142 stopie\u0144 doktora. W 1965 roku zaj\u0105\u0142 I miejsce w Og\u00f3lnopolskiej Olimpiadzie Matematycznej. W 1971 roku wygra\u0142 konkurs im. J\u00f3zefa Marcinkiewicza na najlepsz\u0105 prac\u0119 studenck\u0105 z matematyki (organizowany przez Oddzia\u0142 Polskiego Towarzystwa Matematycznego w [&hellip;]<\/p>\n","protected":false},"featured_media":1545,"template":"","meta":[],"_links":{"self":[{"href":"http:\/\/ludzie.fundacja-pih.pl\/index.php\/wp-json\/wp\/v2\/product\/1544"}],"collection":[{"href":"http:\/\/ludzie.fundacja-pih.pl\/index.php\/wp-json\/wp\/v2\/product"}],"about":[{"href":"http:\/\/ludzie.fundacja-pih.pl\/index.php\/wp-json\/wp\/v2\/types\/product"}],"wp:featuredmedia":[{"embeddable":true,"href":"http:\/\/ludzie.fundacja-pih.pl\/index.php\/wp-json\/wp\/v2\/media\/1545"}],"wp:attachment":[{"href":"http:\/\/ludzie.fundacja-pih.pl\/index.php\/wp-json\/wp\/v2\/media?parent=1544"}],"curies":[{"name":"wp","href":"https:\/\/api.w.org\/{rel}","templated":true}]}}