{"id":1546,"date":"2021-01-25T13:02:47","date_gmt":"2021-01-25T13:02:47","guid":{"rendered":"http:\/\/ludzie.fundacja-pih.pl\/?post_type=product&#038;p=1546"},"modified":"2025-05-16T14:14:04","modified_gmt":"2025-05-16T14:14:04","slug":"zabinska-marianna","status":"publish","type":"product","link":"http:\/\/ludzie.fundacja-pih.pl\/index.php\/product\/zabinska-marianna\/","title":{"rendered":"\u017babi\u0144ska Marianna"},"content":{"rendered":"<p>Urodzi\u0142a si\u0119 4 stycznia 1939 roku w Konopiskach.<\/p>\n<p>W 1962 roku uko\u0144czy\u0142a studia na Wydziale Przemys\u0142owym w Wy\u017cszej Szkole Ekonomicznej we Wroc\u0142awiu. W latach 1956 \u2013 1957 by\u0142a pracownikiem biurowym w Kopalni Rudy Uranowej w Kowarach. W 1957 roku pracowa\u0142a w kowarskim Biurze Meldunkowym. W 1962 roku by\u0142a sta\u017cystk\u0105 w Zak\u0142adach Energetycznych. W okresie od 1962 roku do 1964 roku pracowa\u0142a jako starszy ekonomista w Zak\u0142adach Aparatury Ochrony Ro\u015blin. W latach 1964 \u2013 1968 by\u0142a zatrudniona jako starszy inspektor w Wojew\u00f3dzkim Zwi\u0105zku Sp\u00f3\u0142dzielni Pracy. W latach 1968 \u2013 1971 pracowa\u0142a w Zjednoczeniu Budownictwa Rolnego. W okresie 1971 \u2013 1977 by\u0142a pracownikiem Zjednoczenia Budownictwa Przemys\u0142owego. W okresie od 1977 roku do 1983 roku pe\u0142ni\u0142a funkcj\u0119 g\u0142\u00f3wnego specjalisty w Przedsi\u0119biorstwie Rob\u00f3t Izolacyjnych. Od wrze\u015bnia 1980 roku nale\u017ca\u0142a do NSZZ \u201eSolidarno\u015b\u0107\u201d, by\u0142a cz\u0142onkiem KZ w PRI. Po wprowadzeniu stanu wojennego rozpocz\u0119\u0142a dzia\u0142alno\u015b\u0107 konspiracyjn\u0105. W latach 1982 \u2013 1983, jej mieszanie pe\u0142ni\u0142o funkcj\u0119 tzw. skrzynki kolporta\u017cowej wydawnictw podziemnych RKS \u201eSolidarno\u015b\u0107\u201d Dolny \u015al\u0105sk oraz wydawnictw \u201eSolidarno\u015bci Walcz\u0105cej\u201d w tym m.in. \u201eZ Dnia na Dzie\u0144\u201d, \u201eSolidarno\u015bci Walcz\u0105cej\u201d czy znaczk\u00f3w poczt podziemnych. Od grudnia 1983 roku tj. od chwili aresztowania Kazimierza Klementowskiego, udost\u0119pnia\u0142a swoje mieszkanie tak\u017ce na spotkania przyw\u00f3dc\u00f3w SW m.in. Kornela Morawieckiego, Hanny \u0141ukowskiej-Karniej, Andrzeja Zaracha, Zbigniewa Be\u0142za, Wojciecha My\u015bleckiego, Andrzeja Ko\u0142odzieja czy Jana Paw\u0142owskiego. W 1984 roku zosta\u0142a zaprzysi\u0119\u017con\u0105 cz\u0142onkini\u0105 \u201eSolidarno\u015bci Walcz\u0105cej\u201d. By\u0142a \u0142\u0105czniczk\u0105 Kornela Morawieckiego. Bra\u0142a udzia\u0142 we wroc\u0142awskich demonstracjach antyre\u017cimowych.  W latach 1988 &#8211; 1991 pracowa\u0142a w Zak\u0142adach Elektronicznej Techniki Obliczeniowej we Wroc\u0142awiu. Od 1989 nale\u017ca\u0142a do KZ \u201eSolidarno\u015b\u0107\u201d w ZETO, pe\u0142ni\u0142a funkcj\u0119 skarbnika. W 1991 roku przesz\u0142a na emerytur\u0119.<\/p>\n","protected":false},"excerpt":{"rendered":"<p>Urodzi\u0142a si\u0119 4 stycznia 1939 roku w Konopiskach. W 1962 roku uko\u0144czy\u0142a studia na Wydziale Przemys\u0142owym w Wy\u017cszej Szkole Ekonomicznej we Wroc\u0142awiu. W latach 1956 \u2013 1957 by\u0142a pracownikiem biurowym w Kopalni Rudy Uranowej w Kowarach. W 1957 roku pracowa\u0142a w kowarskim Biurze Meldunkowym. W 1962 roku by\u0142a sta\u017cystk\u0105 w Zak\u0142adach Energetycznych. W okresie od [&hellip;]<\/p>\n","protected":false},"featured_media":1547,"template":"","meta":[],"_links":{"self":[{"href":"http:\/\/ludzie.fundacja-pih.pl\/index.php\/wp-json\/wp\/v2\/product\/1546"}],"collection":[{"href":"http:\/\/ludzie.fundacja-pih.pl\/index.php\/wp-json\/wp\/v2\/product"}],"about":[{"href":"http:\/\/ludzie.fundacja-pih.pl\/index.php\/wp-json\/wp\/v2\/types\/product"}],"wp:featuredmedia":[{"embeddable":true,"href":"http:\/\/ludzie.fundacja-pih.pl\/index.php\/wp-json\/wp\/v2\/media\/1547"}],"wp:attachment":[{"href":"http:\/\/ludzie.fundacja-pih.pl\/index.php\/wp-json\/wp\/v2\/media?parent=1546"}],"curies":[{"name":"wp","href":"https:\/\/api.w.org\/{rel}","templated":true}]}}