{"id":1548,"date":"2021-01-25T13:03:33","date_gmt":"2021-01-25T13:03:33","guid":{"rendered":"http:\/\/ludzie.fundacja-pih.pl\/?post_type=product&#038;p=1548"},"modified":"2025-05-16T14:14:04","modified_gmt":"2025-05-16T14:14:04","slug":"zurko-jerzy","status":"publish","type":"product","link":"http:\/\/ludzie.fundacja-pih.pl\/index.php\/product\/zurko-jerzy\/","title":{"rendered":"\u017burko Jerzy"},"content":{"rendered":"<p>Urodzi\u0142 si\u0119 11 sierpnia 1957 roku w Czerwie\u0144sku.<\/p>\n<p>W 1984 roku uko\u0144czy\u0142 kulturoznawstwo na Uniwersytecie Wroc\u0142awskim, w 1997 roku uzyska\u0142 stopie\u0144 doktora. W latach 1969 \u2013 1972 nale\u017ca\u0142 do ZHP, w latach 1978 \u2013 1980 do SZSP. W pa\u017adzierniku 1980 roku pe\u0142ni\u0142 funkcj\u0119 przewodnicz\u0105cego Komitetu Za\u0142o\u017cycielskiego Niezale\u017cnego Zrzeszenia Student\u00f3w na wydziale kulturoznawstwa Uniwersytetu Wroc\u0142awskiego. Zosta\u0142 r\u00f3wnie\u017c cz\u0142onkiem Zarz\u0105du. Od pa\u017adziernika 1980 roku wspiera\u0142 tak\u017ce Niezale\u017cny Ruch Harcerski Kr\u0119gu Instruktor\u00f3w Harcerskich im. Andrzeja Ma\u0142kowskiego. W lutym 1981 roku organizowa\u0142 strajk student\u00f3w Uniwersytetu Wroc\u0142awskiego w sprawie zarejestrowania NZS. Od wrze\u015bnia do 13 grudnia 1981 roku organizowa\u0142 strajk solidarno\u015bciowy na UWr ze studentami WSP w Radomiu i Wy\u017cszej Oficerskiej Szko\u0142y Po\u017carniczej w Warszawie. W latach 1980 \u2013 1981 by\u0142 tak\u017ce organizatorem, wsp\u00f3\u0142pracownikiem, drukarzem, kolporterem, autorem i redaktorem pism: \u201eNo Wi\u0119c\u201d, \u201eMin\u201d, \u201eMarabut\u201d, \u201eProgres\u201d, \u201eKomunikat\u201d, \u201eSerwis\u201d. W dniach 14 \u2013 15 grudnia 1981 roku bra\u0142 udzia\u0142 w strajku okupacyjnym na Politechnice Wroc\u0142awskiej, nast\u0119pnie ukrywa\u0142 si\u0119 na terenie Wroc\u0142awia. 31 sierpnia 1982 roku zosta\u0142 zatrzymany, 2 wrze\u015bnia 1982 roku zwolniono go z aresztu. Od grudnia 1981 roku \u2013 do lutego 1982 roku wchodzi\u0142 w sk\u0142ad Zarz\u0105du NZS. Od grudnia 1981 roku do pa\u017adziernika 1984 roku dzia\u0142a\u0142 w Akademickiem Ruchu Oporu. Od wrze\u015bnia 1982 roku do wrze\u015bnia 1983 roku by\u0142 cz\u0142onkiem \u201eSolidarno\u015bci Walcz\u0105cej\u201d. 28 lutego 1984 roku zosta\u0142 aresztowany, a w czasie przes\u0142uchania i w trakcie przebywania w celi zosta\u0142 kilkakrotnie pobity. 27 lipca 1984 roku zwolniono go na mocy amnestii. W 1984 roku pracowa\u0142 jako bibliotekarz w Zak\u0142adzie Narodowym im. Ossoli\u0144skich we Wroc\u0142awiu. W latach 1984 \u2013 1987 by\u0142 zatrudniony w Bibliotece Uniwersytetu Wroc\u0142awskiego. W latach 1986 \u2013 1989 dzia\u0142a\u0142 w strukturach Ruchu WiP. Wsp\u00f3\u0142organizowa\u0142 i uczestniczy\u0142 w manifestacji wroc\u0142awskiego Ruchu WiP, by\u0142 te\u017c wsp\u00f3\u0142pracownikiem, drukarzem, kolporterem, autorem i redaktorem pism: \u201eZeszyty Duszpasterstwa Pokoju im. Ottona Schimka\u201d, \u201eWiP\u201d, \u201eCo By\u0142o?\u201d, \u201eWiPek\u201d. Wielokrotnie zatrzymywano go na 48 godzin. Trzykrotnie zosta\u0142 skazany przez kolegium ds. wykrocze\u0144 na kar\u0119 grzywny. W dniach 25 \u2013 28 sierpnia 1988 roku uczestniczy\u0142 w Mi\u0119dzynarodowej Konferencji Praw Cz\u0142owieka w parafii \u015bw. Maksymiliana Kolbego w Krakowie-Mistrzejowicach. W maju 1988 roku bra\u0142 udzia\u0142 i doradza\u0142 studentom UWr w czasie dwudniowego strajku. W maju i w czerwcu 1988 roku wsp\u00f3\u0142organizowa\u0142 i uczestniczy\u0142 w g\u0142od\u00f3wce zorganizowanej we Wroc\u0142awiu przez Ruch WiP oraz Solidarno\u015b\u0107 Polsko-Czechos\u0142owack\u0105 o uwolnienie wi\u0119zionych za odmow\u0119 s\u0142u\u017cby lub z\u0142o\u017cenia przysi\u0119gi wojskowej oraz sygnatariuszy czechos\u0142owackiej Karty 77. W latach 1988 \u2013 1991 by\u0142 opiekunem w Towarzystwie Pomocy \u015bw. Brata Alberta. Od 1997 roku by\u0142 adiunktem w Instytucie Socjologii UWr. Od 17 sierpnia 1987 roku by\u0142 rozpracowywany w ramach SOR o kryptonimie \u201eWiP.\u201d<\/p>\n","protected":false},"excerpt":{"rendered":"<p>Urodzi\u0142 si\u0119 11 sierpnia 1957 roku w Czerwie\u0144sku. W 1984 roku uko\u0144czy\u0142 kulturoznawstwo na Uniwersytecie Wroc\u0142awskim, w 1997 roku uzyska\u0142 stopie\u0144 doktora. W latach 1969 \u2013 1972 nale\u017ca\u0142 do ZHP, w latach 1978 \u2013 1980 do SZSP. W pa\u017adzierniku 1980 roku pe\u0142ni\u0142 funkcj\u0119 przewodnicz\u0105cego Komitetu Za\u0142o\u017cycielskiego Niezale\u017cnego Zrzeszenia Student\u00f3w na wydziale kulturoznawstwa Uniwersytetu Wroc\u0142awskiego. Zosta\u0142 [&hellip;]<\/p>\n","protected":false},"featured_media":3104,"template":"","meta":[],"_links":{"self":[{"href":"http:\/\/ludzie.fundacja-pih.pl\/index.php\/wp-json\/wp\/v2\/product\/1548"}],"collection":[{"href":"http:\/\/ludzie.fundacja-pih.pl\/index.php\/wp-json\/wp\/v2\/product"}],"about":[{"href":"http:\/\/ludzie.fundacja-pih.pl\/index.php\/wp-json\/wp\/v2\/types\/product"}],"wp:featuredmedia":[{"embeddable":true,"href":"http:\/\/ludzie.fundacja-pih.pl\/index.php\/wp-json\/wp\/v2\/media\/3104"}],"wp:attachment":[{"href":"http:\/\/ludzie.fundacja-pih.pl\/index.php\/wp-json\/wp\/v2\/media?parent=1548"}],"curies":[{"name":"wp","href":"https:\/\/api.w.org\/{rel}","templated":true}]}}