{"id":1551,"date":"2021-01-25T13:05:54","date_gmt":"2021-01-25T13:05:54","guid":{"rendered":"http:\/\/ludzie.fundacja-pih.pl\/?post_type=product&#038;p=1551"},"modified":"2025-05-16T14:14:05","modified_gmt":"2025-05-16T14:14:05","slug":"wroblewski-edward","status":"publish","type":"product","link":"http:\/\/ludzie.fundacja-pih.pl\/index.php\/product\/wroblewski-edward\/","title":{"rendered":"Wr\u00f3blewski Edward"},"content":{"rendered":"<p>Urodzi\u0142 si\u0119 17 sierpnia 1949 roku w Mysz\u0119cinie, a zmar\u0142 16 pa\u017adziernika 2011 r. w Gliwicach.<\/p>\n<p>Pracowa\u0142 jako mechanik w Kombinacie Budownictwa Mieszkaniowego, Przemys\u0142u W\u0119glowego (KBMPW) \u201eFAMONT\u201d- zak\u0142ad \u201eFADOM\u201d (Fabryka Dom\u00f3w) w Gliwicach, nast\u0119pnie jako kierowca na \u201eBazie Sprz\u0119tu i Transportu\u201d tego samego Kombinatu. Nale\u017ca\u0142 do NSZZ \u201eSolidarno\u015b\u0107\u201d. W stanie wojennym \u015bci\u015ble wsp\u00f3\u0142pracowa\u0142 ze Zbigniewem Sawickim. Organizowa\u0142 fundusze na dzia\u0142alno\u015b\u0107 konspiracyjn\u0105. Od 5 listopada 1982 roku do 9 grudnia 1982 roku by\u0142 internowany i osadzony w O\u015brodku Odosobnienia w Zabrzu \u2013 Zaborzu. W 1985 roku, razem ze Zbigniewem Sawickim, przy\u0142\u0105czy\u0142 si\u0119 do gliwickiej grupy \u201eSolidarno\u015bci Walcz\u0105cej\u201d, oddzia\u0142 Katowice. W ramach dzia\u0142alno\u015bci w tej organizacji zajmowa\u0142 si\u0119 organizowaniem funduszy i kolporta\u017cem prasy SW. By\u0142 wielokrotnie aresztowany i inwigilowany metodami operacyjnymi. Rozpracowywany przez SB Katowice w SOR o kryptonimie \u201eBalon\u201d. <\/p>\n","protected":false},"excerpt":{"rendered":"<p>Urodzi\u0142 si\u0119 17 sierpnia 1949 roku w Mysz\u0119cinie, a zmar\u0142 16 pa\u017adziernika 2011 r. w Gliwicach. Pracowa\u0142 jako mechanik w Kombinacie Budownictwa Mieszkaniowego, Przemys\u0142u W\u0119glowego (KBMPW) \u201eFAMONT\u201d- zak\u0142ad \u201eFADOM\u201d (Fabryka Dom\u00f3w) w Gliwicach, nast\u0119pnie jako kierowca na \u201eBazie Sprz\u0119tu i Transportu\u201d tego samego Kombinatu. Nale\u017ca\u0142 do NSZZ \u201eSolidarno\u015b\u0107\u201d. W stanie wojennym \u015bci\u015ble wsp\u00f3\u0142pracowa\u0142 ze Zbigniewem [&hellip;]<\/p>\n","protected":false},"featured_media":3150,"template":"","meta":[],"_links":{"self":[{"href":"http:\/\/ludzie.fundacja-pih.pl\/index.php\/wp-json\/wp\/v2\/product\/1551"}],"collection":[{"href":"http:\/\/ludzie.fundacja-pih.pl\/index.php\/wp-json\/wp\/v2\/product"}],"about":[{"href":"http:\/\/ludzie.fundacja-pih.pl\/index.php\/wp-json\/wp\/v2\/types\/product"}],"wp:featuredmedia":[{"embeddable":true,"href":"http:\/\/ludzie.fundacja-pih.pl\/index.php\/wp-json\/wp\/v2\/media\/3150"}],"wp:attachment":[{"href":"http:\/\/ludzie.fundacja-pih.pl\/index.php\/wp-json\/wp\/v2\/media?parent=1551"}],"curies":[{"name":"wp","href":"https:\/\/api.w.org\/{rel}","templated":true}]}}