{"id":1559,"date":"2021-01-25T13:08:45","date_gmt":"2021-01-25T13:08:45","guid":{"rendered":"http:\/\/ludzie.fundacja-pih.pl\/?post_type=product&#038;p=1559"},"modified":"2025-05-16T14:14:07","modified_gmt":"2025-05-16T14:14:07","slug":"drzazgowski-tadeusz","status":"publish","type":"product","link":"http:\/\/ludzie.fundacja-pih.pl\/index.php\/product\/drzazgowski-tadeusz\/","title":{"rendered":"Drzazgowski Tadeusz"},"content":{"rendered":"<p>Urodzi\u0142 si\u0119 20 pa\u017adziernika 1945 roku w Bytowie.<\/p>\n<p>Dzia\u0142a\u0142 pod pseudonimem \u201eSpokojny\u201d. Dzia\u0142alno\u015b\u0107 opozycyjn\u0105 podj\u0105\u0142 w latach siedemdziesi\u0105tych XX wieku i sta\u0142 si\u0119 w\u00f3wczas obiektem zainteresowania SB. We wrze\u015bniu 1980 roku wst\u0105pi\u0142 do NSZZ \u201eSolidarno\u015b\u0107\u201d, nale\u017ca\u0142 do Komitetu Za\u0142o\u017cycielskiego w GPBW. W 1981 roku zosta\u0142 cz\u0142onkiem Gliwickieh Grupy Dzia\u0142ania KPN. Po wsprowadzeniu stanu wojennego \u2013 od 13 grudnia 1981 roku do roku 1990 ukrywa\u0142 si\u0119. 13 grudnia 1981 roku by\u0142 wsp\u00f3\u0142tw\u00f3rc\u0105 II Garnituru Gliwickiej Delegatury \u201eSolidarno\u015bci\u201d, tego samego dnia wydrukowa\u0142 (z Bogus\u0142awem Choin\u0105 i Andrzejem Jakubcem) na dzieci\u0119cej drukarence ulotki z has\u0142ami: \u201ePrecz z komun\u0105\u201d, \u201eWypu\u015bci\u0107 internowanych\u201d, \u201ePrzywr\u00f3ci\u0107 Solidarno\u015b\u0107\u201d, nast\u0119pnie je rozrzuci\u0142. 14 grudnia tego samego roku wydrukowa\u0142 (z Bogus\u0142awem Choin\u0105 i Andrzejem Jakubcem) na ramce pierwszy numer \u201eBiuletynu II Garnituru Gliwickiej Delegatury\u201d. 31 grudnia 1981 roku zorganizowa\u0142 wysy\u0142k\u0119 ulotek \u201epoczt\u0105 balonow\u0105\u201d (baloniki nape\u0142niano gazem ziemnym). W 1982 roku zosta\u0142 szefem i koordynatorem prac IIGGD\u201eS\u201d, zrzeszaj\u0105cej kilkana\u015bcie grup. 3 maja 1982 roku zorganizowa\u0142 patriotyczn\u0105 manifestacj\u0119 w Gliwicach. By\u0142 pomys\u0142odawc\u0105 Radia \u201eS\u201d IIGGD\u201eS\u201d i MKO Zabrze, u\u017cytego do zorganizowania drugiej manifestacji w dniu 31 sierpnia 1982 roku. 8 pa\u017adziernika 1982 roku \u2013 w odpowiedzi na ustaw\u0119 delegalizuj\u0105c\u0105 \u201eS\u201d \u2013 zorganizowa\u0142 akcj\u0119 opiecz\u0119towania has\u0142em \u201eSolidarno\u015b\u0107 \u017cyje\u201d 150 autobus\u00f3w komunikacji miejskiej w gliwickiej zajezdni. W 1983 roku odda\u0142 kierowanie Delegatur\u0105 Piotrowi Kowrydze. W tym samym roku za\u0142o\u017cy\u0142 kilka drukar\u0144, wyskoli\u0142 kilkana\u015bcie zespo\u0142\u00f3w drukarskich g\u0142\u00f3wnie dla \u201eSolidarno\u015bci Walcz\u0105cej\u201d na G\u00f3rnym \u015al\u0105sku i we Wroc\u0142awiu. Od sierpnia 1985 roku, po dekonspiracji drukarni podziemnej zacz\u0105\u0142 by\u0107 poszukiwany listem go\u0144czym. By\u0142 inicjatorem antologii poezji powsta\u0142ej w grudniu 1981 roku i styczniu 1982 roku pt. \u201eReduta \u015al\u0105ska\u201d. By\u0142 r\u00f3wnie\u017c wsp\u00f3\u0142autorem opracowania z maja 1982 roku pt. \u201eSpo\u0142eczne koszty oporu spo\u0142ecznego\u201d. W 2011 roku zosta\u0142 odznaczony Krzy\u017cem Kawalerskim Orderu Odrodzenia Polski. W latach 1980 &#8211; 1982 by\u0142 rozpracowywany przez Wydz. V-2 KW MO w Katowicach w ramach SOS o kryptonimie \u201eMurarz\u201d. Do 1988 przez p. V-2 RUSW w Gliwicach w ramach SOR o kryptonimie \u201eBalon\u201d.<\/p>\n","protected":false},"excerpt":{"rendered":"<p>Urodzi\u0142 si\u0119 20 pa\u017adziernika 1945 roku w Bytowie. Dzia\u0142a\u0142 pod pseudonimem \u201eSpokojny\u201d. Dzia\u0142alno\u015b\u0107 opozycyjn\u0105 podj\u0105\u0142 w latach siedemdziesi\u0105tych XX wieku i sta\u0142 si\u0119 w\u00f3wczas obiektem zainteresowania SB. We wrze\u015bniu 1980 roku wst\u0105pi\u0142 do NSZZ \u201eSolidarno\u015b\u0107\u201d, nale\u017ca\u0142 do Komitetu Za\u0142o\u017cycielskiego w GPBW. W 1981 roku zosta\u0142 cz\u0142onkiem Gliwickieh Grupy Dzia\u0142ania KPN. Po wsprowadzeniu stanu wojennego \u2013 [&hellip;]<\/p>\n","protected":false},"featured_media":1560,"template":"","meta":[],"_links":{"self":[{"href":"http:\/\/ludzie.fundacja-pih.pl\/index.php\/wp-json\/wp\/v2\/product\/1559"}],"collection":[{"href":"http:\/\/ludzie.fundacja-pih.pl\/index.php\/wp-json\/wp\/v2\/product"}],"about":[{"href":"http:\/\/ludzie.fundacja-pih.pl\/index.php\/wp-json\/wp\/v2\/types\/product"}],"wp:featuredmedia":[{"embeddable":true,"href":"http:\/\/ludzie.fundacja-pih.pl\/index.php\/wp-json\/wp\/v2\/media\/1560"}],"wp:attachment":[{"href":"http:\/\/ludzie.fundacja-pih.pl\/index.php\/wp-json\/wp\/v2\/media?parent=1559"}],"curies":[{"name":"wp","href":"https:\/\/api.w.org\/{rel}","templated":true}]}}