{"id":1561,"date":"2021-01-25T13:09:30","date_gmt":"2021-01-25T13:09:30","guid":{"rendered":"http:\/\/ludzie.fundacja-pih.pl\/?post_type=product&#038;p=1561"},"modified":"2025-05-16T14:14:07","modified_gmt":"2025-05-16T14:14:07","slug":"siemaszko-zbigniew","status":"publish","type":"product","link":"http:\/\/ludzie.fundacja-pih.pl\/index.php\/product\/siemaszko-zbigniew\/","title":{"rendered":"Siemaszko Zbigniew"},"content":{"rendered":"<p>Urodzi\u0142 si\u0119 4 lutego 1942 roku w Wilnie.<\/p>\n<p>W 1945 roku wraz z rodzicami zamieszka\u0142 w Gliwicach. W latach 1962 \u2013 1964 odbywa\u0142 s\u0142u\u017cb\u0119 wojskow\u0105. Po jej zako\u0144czeniu by\u0142 zatrudniony jako laborant w Instytucie Metalurgii \u017belaza w Gliwicach. Pracowa\u0142 tam do 1992 roku. We wrze\u015bniu 1980 roku wst\u0105pi\u0142 do NSZZ \u201eSolidarno\u015b\u0107\u201d. W marcu 1981 roku zwi\u0105za\u0142 si\u0119 z Delegatur\u0105 Zarz\u0105du Regionu \u015al\u0105sko-D\u0105browskiego NSZZ \u201eSolidarno\u015b\u0107\u201d. Podejmowa\u0142 si\u0119 r\u00f3\u017cnorodnych dzia\u0142a\u0144 zwi\u0105zanych m.in. z plakatowaniem i kolporta\u017cem prasy niezale\u017cnej. W latach 1981 &#8211; 1992 nale\u017ca\u0142 do Konfederacji Polski Niepodleg\u0142ej. W KPN szczeg\u00f3lnie anga\u017cowa\u0142 si\u0119 w akcje rozlepiania plakat\u00f3w, malowania antyre\u017cimowych napis\u00f3w na murach oraz w dystrybucj\u0119 nielegalnych wydawnictw bezdebitowych. W 1981 roku uko\u0144czy\u0142 Liceum Og\u00f3lnokszta\u0142c\u0105ce dla Pracuj\u0105cych w Gliwicach. By\u0142 dwukrotnie internowany. Pierwszy raz od 10 stycznia do 23 lipca 1982 roku, drugi raz od 5 listopada do 10 grudnia tego samego roku. Przebywa\u0142 w O\u015brodku Odosobnienia w Zabrzu-Zaborzu, gdzie w czasie pobytu wykonywa\u0142 patriotyczne i religijne emblematy, znaczki, zdobienia koszul oraz szkice sytuacyjne o\u015brodka.<br \/>\nPo wyj\u015bciu z pierwszego internowania by\u0142 szykanowany i inwigilowany za wywieszenie bia\u0142o-czerwonej flagi z kirem na balkonie swojego mieszkania 13 sierpnia 1982 roku. W latach 1982 -1988 by\u0142 rozpracowywany przez gliwick\u0105 S\u0142u\u017cb\u0119 Bezpiecze\u0144stwa w ramach Sprawy Operacyjnego Rozpracowania o kryptonimie \u201eBalon\u201d oraz w ramach Sprawy Operacyjnego Sprawdzenia \u201ePi\u0142sudczyk\u201d. W latach 1983 &#8211; 1992 aktywnie dzia\u0142a\u0142 w strukturach Gliwickiej Grupy \u201eSolidarno\u015bci Walcz\u0105cej\u201d. W ramach tej aktywno\u015bci kolportowa\u0142 wydawnictwa SW. Dzi\u0119ki zdolno\u015bciom artystycznym sporz\u0105dza\u0142 karty okoliczno\u015bciowe upami\u0119tniaj\u0105ce wa\u017cne rocznice w historii Polski.<br \/>\nBy\u0142 tw\u00f3rc\u0105 licznych o\u0142tarzy patriotycznych prezentowanych w ko\u015bciele pw. Podwy\u017cszenia Krzy\u017ca \u015awi\u0119tego w Gliwicach. By\u0142 wsp\u00f3\u0142pracownikiem o. Jana Siemi\u0144skiego i dzia\u0142a\u0142 w gliwickim Duszpasterstwie Ludzi Pracy. Zosta\u0142 odznaczony Krzy\u017cem Wolno\u015bci i Solidarno\u015bci. <\/p>\n","protected":false},"excerpt":{"rendered":"<p>Urodzi\u0142 si\u0119 4 lutego 1942 roku w Wilnie. W 1945 roku wraz z rodzicami zamieszka\u0142 w Gliwicach. W latach 1962 \u2013 1964 odbywa\u0142 s\u0142u\u017cb\u0119 wojskow\u0105. Po jej zako\u0144czeniu by\u0142 zatrudniony jako laborant w Instytucie Metalurgii \u017belaza w Gliwicach. Pracowa\u0142 tam do 1992 roku. We wrze\u015bniu 1980 roku wst\u0105pi\u0142 do NSZZ \u201eSolidarno\u015b\u0107\u201d. W marcu 1981 roku [&hellip;]<\/p>\n","protected":false},"featured_media":3130,"template":"","meta":[],"_links":{"self":[{"href":"http:\/\/ludzie.fundacja-pih.pl\/index.php\/wp-json\/wp\/v2\/product\/1561"}],"collection":[{"href":"http:\/\/ludzie.fundacja-pih.pl\/index.php\/wp-json\/wp\/v2\/product"}],"about":[{"href":"http:\/\/ludzie.fundacja-pih.pl\/index.php\/wp-json\/wp\/v2\/types\/product"}],"wp:featuredmedia":[{"embeddable":true,"href":"http:\/\/ludzie.fundacja-pih.pl\/index.php\/wp-json\/wp\/v2\/media\/3130"}],"wp:attachment":[{"href":"http:\/\/ludzie.fundacja-pih.pl\/index.php\/wp-json\/wp\/v2\/media?parent=1561"}],"curies":[{"name":"wp","href":"https:\/\/api.w.org\/{rel}","templated":true}]}}