{"id":1566,"date":"2021-01-25T13:25:05","date_gmt":"2021-01-25T13:25:05","guid":{"rendered":"http:\/\/ludzie.fundacja-pih.pl\/?post_type=product&#038;p=1566"},"modified":"2025-05-16T14:14:09","modified_gmt":"2025-05-16T14:14:09","slug":"pawlowski-jan","status":"publish","type":"product","link":"http:\/\/ludzie.fundacja-pih.pl\/index.php\/product\/pawlowski-jan\/","title":{"rendered":"Paw\u0142owski Jan"},"content":{"rendered":"<p>Urodzi\u0142 si\u0119 15 maja 1945 roku w Stanis\u0142awowie, zm. 12 listopada 2005 roku we Wroc\u0142awiu.<\/p>\n<p>W 1968 roku uko\u0144czy\u0142 studia w zakresie fizyki na Uniwersytecie Wroc\u0142awskim. W 1946 roku wraz z rodzin\u0105 przyby\u0142 na Ziemie Odzyskane. W latach 1968 \u2013 1979 by\u0142 zatrudniony jako pracownik naukowy na Uniwersytecie Wroc\u0142awskim i Politechnice Wroc\u0142awskiej. W latach 1980 \u2013 1986 by\u0142 pracownikiem administracji oraz Instytutu Matematyki Politechniki Wroc\u0142awskiej. Od 1979 roku kolportowa\u0142 niezale\u017cne wydawnictwa. We wrze\u015bniu 1980 roku wst\u0105pi\u0142 do NSZZ \u201eSolidarno\u015b\u0107\u201d. Po wprowadzeniu stanu wojennego, skonstruowa\u0142 aparatur\u0119 umo\u017cliwiaj\u0105c\u0105 pods\u0142uchiwanie rozm\u00f3w radiowych funkcjonariuszy MO i SB. Na pocz\u0105tku 1982 roku zorganizowa\u0142 kom\u00f3rk\u0119 konspiracyjn\u0105 struktury RKS \u201eSolidarno\u015b\u0107\u201d, s\u0142u\u017c\u0105c\u0105 do rozpoznawania dzia\u0142a\u0144 s\u0142u\u017cb specjalnych. W czerwcu 1982 roku wst\u0105pi\u0142 do \u201eSolidarno\u015bci Walcz\u0105cej\u201d. By\u0142 tw\u00f3rca urz\u0105dze\u0144 umo\u017cliwiaj\u0105cych sta\u0142y nas\u0142uch i nagrywanie wszystkich komunikat\u00f3w radiowych jednostek zajmuj\u0105cych si\u0119 zwalczaniem opozycji. Zosta\u0142 g\u0142\u00f3wnym tw\u00f3rc\u0105 kontrwywiadu SW. Od lata 1982 roku jego zesp\u00f3\u0142 zajmowa\u0142 si\u0119 analiz\u0105 rozm\u00f3w radiowych SB, a nast\u0119pnie &#8211; od chwili kiedy SB zorientowa\u0142a si\u0119, \u017ce jest pods\u0142uchiwana &#8211; rozszyfrowywaniem komunikat\u00f3w oraz lokalizowaniem punkt\u00f3w operacyjnych SB i analizowaniem materia\u0142\u00f3w nap\u0142ywaj\u0105cych od funkcjonariuszy wsp\u00f3\u0142pracuj\u0105cych z opozycj\u0105. W latach 1982 &#8211; 1989 Jan Paw\u0142owski by\u0142 redaktorem, wydawc\u0105 i kolporterem wniosk\u00f3w ze swojej pracy, ostrze\u017cenia te wielokrotnie uchroni\u0142y dzia\u0142aczy przed aresztowaniem. Od 1986 roku by\u0142 zatrudniony w firmach bran\u017cy elektronicznej i informatycznej. Jan Paw\u0142owski zosta\u0142 odznaczony  medalem Zas\u0142u\u017cony dla Policji, za\u015b po\u015bmiertnie, w 2007 roku, Krzy\u017cem Oficerskim Orderu Odrodzenia Polski.<\/p>\n","protected":false},"excerpt":{"rendered":"<p>Urodzi\u0142 si\u0119 15 maja 1945 roku w Stanis\u0142awowie, zm. 12 listopada 2005 roku we Wroc\u0142awiu. W 1968 roku uko\u0144czy\u0142 studia w zakresie fizyki na Uniwersytecie Wroc\u0142awskim. W 1946 roku wraz z rodzin\u0105 przyby\u0142 na Ziemie Odzyskane. W latach 1968 \u2013 1979 by\u0142 zatrudniony jako pracownik naukowy na Uniwersytecie Wroc\u0142awskim i Politechnice Wroc\u0142awskiej. W latach 1980 [&hellip;]<\/p>\n","protected":false},"featured_media":1572,"template":"","meta":[],"_links":{"self":[{"href":"http:\/\/ludzie.fundacja-pih.pl\/index.php\/wp-json\/wp\/v2\/product\/1566"}],"collection":[{"href":"http:\/\/ludzie.fundacja-pih.pl\/index.php\/wp-json\/wp\/v2\/product"}],"about":[{"href":"http:\/\/ludzie.fundacja-pih.pl\/index.php\/wp-json\/wp\/v2\/types\/product"}],"wp:featuredmedia":[{"embeddable":true,"href":"http:\/\/ludzie.fundacja-pih.pl\/index.php\/wp-json\/wp\/v2\/media\/1572"}],"wp:attachment":[{"href":"http:\/\/ludzie.fundacja-pih.pl\/index.php\/wp-json\/wp\/v2\/media?parent=1566"}],"curies":[{"name":"wp","href":"https:\/\/api.w.org\/{rel}","templated":true}]}}