{"id":1568,"date":"2021-01-25T13:28:20","date_gmt":"2021-01-25T13:28:20","guid":{"rendered":"http:\/\/ludzie.fundacja-pih.pl\/?post_type=product&#038;p=1568"},"modified":"2025-05-16T14:14:09","modified_gmt":"2025-05-16T14:14:09","slug":"zawadzki-andrzej","status":"publish","type":"product","link":"http:\/\/ludzie.fundacja-pih.pl\/index.php\/product\/zawadzki-andrzej\/","title":{"rendered":"Zawadzki Andrzej"},"content":{"rendered":"<p>Urodzi\u0142 si\u0119 przed 1905 rokiem, zm. w 2006 roku w Detroit.<\/p>\n<p>W 1969 roku wyemigrowa\u0142 do Stan\u00f3w Zjednoczonych. Wcze\u015bniej  pracowa\u0142 w Instytucie Elektrotechniki w Mi\u0119dzylesiu jako docent. W Stanach Zjednoczonych zaanga\u017cowa\u0142 si\u0119 w dzia\u0142alno\u015b\u0107 polonijn\u0105, a po powstaniu \u201eSolidarno\u015bci Walcz\u0105cej\u201d w pomoc &#8211; zar\u00f3wno Kornelowi Morawieckiemu, jak i samej organizacji. Propagowa\u0142 idee SW w\u015br\u00f3d ameryka\u0144skiej polonii.  <\/p>\n","protected":false},"excerpt":{"rendered":"<p>Urodzi\u0142 si\u0119 przed 1905 rokiem, zm. w 2006 roku w Detroit. W 1969 roku wyemigrowa\u0142 do Stan\u00f3w Zjednoczonych. Wcze\u015bniej pracowa\u0142 w Instytucie Elektrotechniki w Mi\u0119dzylesiu jako docent. W Stanach Zjednoczonych zaanga\u017cowa\u0142 si\u0119 w dzia\u0142alno\u015b\u0107 polonijn\u0105, a po powstaniu \u201eSolidarno\u015bci Walcz\u0105cej\u201d w pomoc &#8211; zar\u00f3wno Kornelowi Morawieckiemu, jak i samej organizacji. Propagowa\u0142 idee SW w\u015br\u00f3d ameryka\u0144skiej [&hellip;]<\/p>\n","protected":false},"featured_media":906,"template":"","meta":[],"_links":{"self":[{"href":"http:\/\/ludzie.fundacja-pih.pl\/index.php\/wp-json\/wp\/v2\/product\/1568"}],"collection":[{"href":"http:\/\/ludzie.fundacja-pih.pl\/index.php\/wp-json\/wp\/v2\/product"}],"about":[{"href":"http:\/\/ludzie.fundacja-pih.pl\/index.php\/wp-json\/wp\/v2\/types\/product"}],"wp:featuredmedia":[{"embeddable":true,"href":"http:\/\/ludzie.fundacja-pih.pl\/index.php\/wp-json\/wp\/v2\/media\/906"}],"wp:attachment":[{"href":"http:\/\/ludzie.fundacja-pih.pl\/index.php\/wp-json\/wp\/v2\/media?parent=1568"}],"curies":[{"name":"wp","href":"https:\/\/api.w.org\/{rel}","templated":true}]}}