{"id":1578,"date":"2021-01-27T08:57:59","date_gmt":"2021-01-27T08:57:59","guid":{"rendered":"http:\/\/ludzie.fundacja-pih.pl\/?post_type=product&#038;p=1578"},"modified":"2025-05-16T14:14:13","modified_gmt":"2025-05-16T14:14:13","slug":"blumberg-ludwik-jelenia-gora","status":"publish","type":"product","link":"http:\/\/ludzie.fundacja-pih.pl\/index.php\/product\/blumberg-ludwik-jelenia-gora\/","title":{"rendered":"Blumberg Ludwik (Jelenia G\u00f3ra)"},"content":{"rendered":"<div class=\"head\">\n<h4>Ludwik Blumberg, ur. 3 V 1938 w Wilnie (obecnie Litwa), zm. 20 III 2010 we Wroc\u0142awiu. Uko\u0144czy\u0142 Zasadnicz\u0105 Szko\u0142\u0119 Mechanizacji Rolnictwa w \u015awiebodzinie (1956).<\/h4>\n<\/div>\n<p>1957\u20131975 pracownik kolejno: Miejskiego Przedsi\u0119biorstwa Gospodarki Komunalnej w \u015awiebodzinie, Pa\u0144stwowego O\u015brodka Maszynowego w Wolinie, Okr\u0119gowej Sp\u00f3\u0142dzielni Mleczarskiej tam\u017ce, 1975\u20131991 kierowca w Przedsi\u0119biorstwie Transportowym Handlu Wewn\u0119trznego w Jeleniej G\u00f3rze. 1964\u20131970 w PZPR.<\/p>\n<p>Od IX 1980 w \u201eS\u201d, przewodnicz\u0105cy Komitetu Za\u0142o\u017cycielskiego, nast\u0119pnie wiceprzewodnicz\u0105cy KZ w PTHW; w 1981 delegat na I WZD. I\/II 1981 uczestnik strajku w jeleniog\u00f3rskim klubie Gencjana. 14 II 1981 organizator, uczestnik kilkugodzinnego protestu w PTHW.<\/p>\n<p>1982\u20131986 przewodnicz\u0105cy TKZ w PTHW; 1983\u20131989 cz\u0142onek Solidarno\u015bci Walcz\u0105cej, uczestnik wielu akcji ulotkowych, plakatowych i manifestacji; w 1985 wsp\u00f3\u0142wydawca (m.in. z Chrystoforoszem Tulaszem) \u201eGencjany\u201d, podziemnego pisma SW Oddzia\u0142 w Jeleniej G\u00f3rze, 1982\u20131983 wsp\u00f3\u0142pracownik i kolporter pisma \u201eOdroczenie\u201d, 1982\u20131989 kolporter m.in. \u201eMy\u015bli\u201d, \u201eZ Dnia na Dzie\u0144\u201d, \u201eSolidarno\u015bci Walcz\u0105cej\u201d, \u201eGencjany\u201d, \u201eOdroczenia\u201d, \u201eZerwij Kajdany, Po\u0142am Bat&#8230;\u201d, ulotek, ksi\u0105\u017cek wydawnictw NOWa i Kr\u0105g. Wsp\u00f3\u0142organizator zbi\u00f3rek pieni\u0119dzy na pomoc represjonowanym. Wielokrotnie z \u017con\u0105 Halin\u0105 Blumberg zatrzymywany, przes\u0142uchiwany, poddawany rewizjom. 25 VIII 1982 aresztowany, przetrzymywany w A\u015a w Jeleniej G\u00f3rze, 6 XII 1982 zwolniony. 1983\u20131989 dzia\u0142acz Duszpasterstwa Ludzi Pracy i KIK w Jeleniej G\u00f3rze. 1 XI 1984 inicjator, uczestnik manifestacji, podczas kt\u00f3rej na cmentarzu komunalnym w Jeleniej G\u00f3rze ustawiono krzy\u017c upami\u0119tniaj\u0105cy ofiary komunizmu. 27 XI 1986 z \u017con\u0105 skazany przez kolegium ds. wykrocze\u0144 na kar\u0119 grzywny za udzia\u0142 11 V 1986 w I Pielgrzymce Ludzi Pracy do sanktuarium Wniebowzi\u0119cia NMP w Krzeszowie.<\/p>\n<p>1989\u20131991 przewodnicz\u0105cy KZ \u201eS\u201d w PTHW. 1991\u20132000 w\u0142asna dzia\u0142alno\u015b\u0107 gospodarcza. Od 2001 na emeryturze; dzia\u0142acz Biura Porad Obywatelskich.<\/p>\n<p>24 VIII \u2013 30 XII 1982 rozpracowywany przez Wydz. V SB KW MO w Jeleniej G\u00f3rze w ramach SOS krypt. Odroczenie; 1986 \u2013 IV 1990 przez Wydz. III WUSW w Jeleniej G\u00f3rze w ramach SOR krypt. O\u015bmiornica.<\/p>\n<div><em>Micha\u0142 Orlicz<\/em><\/div>\n","protected":false},"excerpt":{"rendered":"<p>Ludwik Blumberg, ur. 3 V 1938 w Wilnie (obecnie Litwa), zm. 20 III 2010 we Wroc\u0142awiu. Uko\u0144czy\u0142 Zasadnicz\u0105 Szko\u0142\u0119 Mechanizacji Rolnictwa w \u015awiebodzinie (1956). 1957\u20131975 pracownik kolejno: Miejskiego Przedsi\u0119biorstwa Gospodarki Komunalnej w \u015awiebodzinie, Pa\u0144stwowego O\u015brodka Maszynowego w Wolinie, Okr\u0119gowej Sp\u00f3\u0142dzielni Mleczarskiej tam\u017ce, 1975\u20131991 kierowca w Przedsi\u0119biorstwie Transportowym Handlu Wewn\u0119trznego w Jeleniej G\u00f3rze. 1964\u20131970 w PZPR. [&hellip;]<\/p>\n","protected":false},"featured_media":1579,"template":"","meta":[],"_links":{"self":[{"href":"http:\/\/ludzie.fundacja-pih.pl\/index.php\/wp-json\/wp\/v2\/product\/1578"}],"collection":[{"href":"http:\/\/ludzie.fundacja-pih.pl\/index.php\/wp-json\/wp\/v2\/product"}],"about":[{"href":"http:\/\/ludzie.fundacja-pih.pl\/index.php\/wp-json\/wp\/v2\/types\/product"}],"wp:featuredmedia":[{"embeddable":true,"href":"http:\/\/ludzie.fundacja-pih.pl\/index.php\/wp-json\/wp\/v2\/media\/1579"}],"wp:attachment":[{"href":"http:\/\/ludzie.fundacja-pih.pl\/index.php\/wp-json\/wp\/v2\/media?parent=1578"}],"curies":[{"name":"wp","href":"https:\/\/api.w.org\/{rel}","templated":true}]}}