{"id":1586,"date":"2021-01-27T09:05:50","date_gmt":"2021-01-27T09:05:50","guid":{"rendered":"http:\/\/ludzie.fundacja-pih.pl\/?post_type=product&#038;p=1586"},"modified":"2025-05-16T14:14:15","modified_gmt":"2025-05-16T14:14:15","slug":"domagalski-labedzki-wlodzimierz","status":"publish","type":"product","link":"http:\/\/ludzie.fundacja-pih.pl\/index.php\/product\/domagalski-labedzki-wlodzimierz\/","title":{"rendered":"Domagalski-\u0141ab\u0119dzki W\u0142odzimierz"},"content":{"rendered":"<p>Domagalski-\u0141ab\u0119dzki W\u0142odzimierz, ur. 4 maja 1957 r. w \u0141odzi. (\u0141\u00f3d\u017a)<br \/>\nW 1981 uko\u0144czy\u0142 studia w Instytucie Historii Uniwersytetu \u0141\u00f3dzkiego, a w 1987 zosta\u0142 absolwentem Instytutu Bibliotekoznawstwa tej samej uczelni. Od wrze\u015bnia 1980 r. do 1981 dzia\u0142a\u0142 w strukturach Niezale\u017cnego Zrzeszenia Student\u00f3w na Uniwersytecie \u0141\u00f3dzkim. Na prze\u0142omie stycznia i lutego 1981 r. bra\u0142 udzia\u0142 w strajku student\u00f3w \u0142\u00f3dzkich uczelni o rejestracj\u0119 NZS. W latach 1981\u20131983 pracowa\u0142 jako nauczyciel historii w szko\u0142ach podstawowych nr 24 i 184 w \u0141odzi. W latach 1983\u20131990 by\u0142 zatrudniony w Wojew\u00f3dzkiej i Miejskiej Bibliotece Publicznej tam\u017ce. Od 1983 nale\u017ca\u0142 do TKZ \u201eS\u201d w WiMBP, wsp\u00f3\u0142organizowa\u0142 samokszta\u0142cenie w \u0142\u00f3dzkim \u015brodowisku studenckim, organizowa\u0142 kolporta\u017c wydawnictw podziemnych. W latach 1985\u20131989 wsp\u00f3\u0142organizowa\u0142 hurtow\u0105 sie\u0107 kolporta\u017cu wydawnictw podziemnych, w tym m.in. \u201eTygodnika Mazowsze\u201d, \u201ePWA. Przegl\u0105d Wiadomo\u015bci Agencyjnych\u201d a tak\u017ce ksi\u0105\u017cek niezale\u017cnych wydawnictw, m.in. Oficyny Libera\u0142\u00f3w, Niepodleg\u0142o\u015bci, Wersu, Prawego Marginesu, Kr\u0119gu, jak r\u00f3wnie\u017c hurtow\u0105 sie\u0107 kolporta\u017cu wydawnictw podziemnych w \u0141odzi. W latach 1987\u20131989 redagowa\u0142 pisma podziemne: \u201eWolno\u015b\u0107\u201d i \u201eUnia\u201d.  W latach 1987\u20131989 nale\u017ca\u0142 do Duszpasterstwa Ludzi Pracy przy parafii \u015bw. El\u017cbiety W\u0119gierskiej w \u0141odzi, redagowa\u0142 te\u017c \u201eInformatora Duszpasterstwa Ludzi Pracy\u201d. Pod koniec 1988 r. wraz z Krzysztofem Napieralskim i Piotrem Jaworskim wsp\u00f3\u0142tworzy\u0142 \u0142\u00f3dzki oddzia\u0142 SW. Od 2008 jest dzia\u0142aczem Stowarzyszenia Solidarno\u015b\u0107 Walcz\u0105ca. W 2007 zosta\u0142 odznaczony Krzy\u017cem Oficerskim Orderu Odrodzenia Polski.<\/p>\n","protected":false},"excerpt":{"rendered":"<p>Domagalski-\u0141ab\u0119dzki W\u0142odzimierz, ur. 4 maja 1957 r. w \u0141odzi. (\u0141\u00f3d\u017a) W 1981 uko\u0144czy\u0142 studia w Instytucie Historii Uniwersytetu \u0141\u00f3dzkiego, a w 1987 zosta\u0142 absolwentem Instytutu Bibliotekoznawstwa tej samej uczelni. Od wrze\u015bnia 1980 r. do 1981 dzia\u0142a\u0142 w strukturach Niezale\u017cnego Zrzeszenia Student\u00f3w na Uniwersytecie \u0141\u00f3dzkim. Na prze\u0142omie stycznia i lutego 1981 r. bra\u0142 udzia\u0142 w strajku [&hellip;]<\/p>\n","protected":false},"featured_media":1587,"template":"","meta":[],"_links":{"self":[{"href":"http:\/\/ludzie.fundacja-pih.pl\/index.php\/wp-json\/wp\/v2\/product\/1586"}],"collection":[{"href":"http:\/\/ludzie.fundacja-pih.pl\/index.php\/wp-json\/wp\/v2\/product"}],"about":[{"href":"http:\/\/ludzie.fundacja-pih.pl\/index.php\/wp-json\/wp\/v2\/types\/product"}],"wp:featuredmedia":[{"embeddable":true,"href":"http:\/\/ludzie.fundacja-pih.pl\/index.php\/wp-json\/wp\/v2\/media\/1587"}],"wp:attachment":[{"href":"http:\/\/ludzie.fundacja-pih.pl\/index.php\/wp-json\/wp\/v2\/media?parent=1586"}],"curies":[{"name":"wp","href":"https:\/\/api.w.org\/{rel}","templated":true}]}}