{"id":1589,"date":"2021-01-27T09:08:34","date_gmt":"2021-01-27T09:08:34","guid":{"rendered":"http:\/\/ludzie.fundacja-pih.pl\/?post_type=product&#038;p=1589"},"modified":"2025-05-16T14:14:16","modified_gmt":"2025-05-16T14:14:16","slug":"duszkiewicz-krzysztof-cezary","status":"publish","type":"product","link":"http:\/\/ludzie.fundacja-pih.pl\/index.php\/product\/duszkiewicz-krzysztof-cezary\/","title":{"rendered":"Duszkiewicz Krzysztof Cezary"},"content":{"rendered":"<p>Urodzi\u0142 si\u0119 22 pa\u017adziernika 1957 roku w Lublinie.<\/p>\n<p>W 1980 roku uko\u0144czy\u0142 studia w zakresie fizyki na Uniwersytecie Marii Curie-Sk\u0142odowskiej w Lublinie. W latach 1980 \u2013 1987 pracowa\u0142 jako doktorant i asystent w Zak\u0142adzie Logiki UMCS. Na prze\u0142omie lat 1982\/1983 wsp\u00f3\u0142zak\u0142ada\u0142 lubelski oddzia\u0142u \u201eSolidarno\u015bci Walcz\u0105cej\u201d. W latach 1983 \u2013 1987 pe\u0142ni\u0142 funkcj\u0119 redaktora naczelnego podziemnego pisma \u201eSW Lublin\u201d oraz serii broszur \u201eBiblioteczka SW Lublin\u201d. By\u0142 r\u00f3wnie\u017c autorem, t\u0142umaczem, projektantem szaty graficznej, wsp\u00f3\u0142organizatorem druku i organizatorem kolporta\u017cu ww wydawnictw. 23 maja 1984 roku zosta\u0142 zatrzymany w zwi\u0105zku z kolporta\u017cem ulotek nawo\u0142uj\u0105cych do bojkotu wybor\u00f3w do rad narodowych, aresztowany i osadzony Areszcie \u015aledczym w Lublinie. 25 lipca 1984 roku zosta\u0142 zwolniony na mocy amnestii. Od roku 1985 by\u0142 wielokrotnie zatrzymywany i zastraszany. W kwietniu 1987 roku wyemigrowa\u0142 do Stan\u00f3w Zjednaczonych. W latach 1984 \u2013 1987 by\u0142 rozpracowywany przez Wydzia\u0142 III WUSW w Lublinie w ramach sprawy o kryptonimie \u201eM\u0105ciciele\u201d\/\u201dO\u015bmiornica\u201d.<\/p>\n","protected":false},"excerpt":{"rendered":"<p>Urodzi\u0142 si\u0119 22 pa\u017adziernika 1957 roku w Lublinie. W 1980 roku uko\u0144czy\u0142 studia w zakresie fizyki na Uniwersytecie Marii Curie-Sk\u0142odowskiej w Lublinie. W latach 1980 \u2013 1987 pracowa\u0142 jako doktorant i asystent w Zak\u0142adzie Logiki UMCS. Na prze\u0142omie lat 1982\/1983 wsp\u00f3\u0142zak\u0142ada\u0142 lubelski oddzia\u0142u \u201eSolidarno\u015bci Walcz\u0105cej\u201d. W latach 1983 \u2013 1987 pe\u0142ni\u0142 funkcj\u0119 redaktora naczelnego podziemnego [&hellip;]<\/p>\n","protected":false},"featured_media":1590,"template":"","meta":[],"_links":{"self":[{"href":"http:\/\/ludzie.fundacja-pih.pl\/index.php\/wp-json\/wp\/v2\/product\/1589"}],"collection":[{"href":"http:\/\/ludzie.fundacja-pih.pl\/index.php\/wp-json\/wp\/v2\/product"}],"about":[{"href":"http:\/\/ludzie.fundacja-pih.pl\/index.php\/wp-json\/wp\/v2\/types\/product"}],"wp:featuredmedia":[{"embeddable":true,"href":"http:\/\/ludzie.fundacja-pih.pl\/index.php\/wp-json\/wp\/v2\/media\/1590"}],"wp:attachment":[{"href":"http:\/\/ludzie.fundacja-pih.pl\/index.php\/wp-json\/wp\/v2\/media?parent=1589"}],"curies":[{"name":"wp","href":"https:\/\/api.w.org\/{rel}","templated":true}]}}