{"id":1599,"date":"2021-01-27T09:18:46","date_gmt":"2021-01-27T09:18:46","guid":{"rendered":"http:\/\/ludzie.fundacja-pih.pl\/?post_type=product&#038;p=1599"},"modified":"2025-05-16T14:14:19","modified_gmt":"2025-05-16T14:14:19","slug":"handrysik-jozef-kepno","status":"publish","type":"product","link":"http:\/\/ludzie.fundacja-pih.pl\/index.php\/product\/handrysik-jozef-kepno\/","title":{"rendered":"Handrysik J\u00f3zef (K\u0119pno)"},"content":{"rendered":"<div class=\"head\">\n<h5>J\u00f3zef Handrysik, ur. 11 II 1942 w Piotr\u00f3wce k. K\u0119pna, zm. 4 I 1994 w K\u0119pnie. Uko\u0144czy\u0142 Policealne Medyczne Studium Zawodowe we Wroc\u0142awiu, Wydz. Techniki Dentystycznej (1963).<\/h5>\n<\/div>\n<p>1964\u20131994 technik dentystyczny w k\u0119pi\u0144skim o\u015brodku zdrowia.<\/p>\n<p>Od IX 1980 w \u201eS\u201d, inicjator Komitetu Za\u0142o\u017cycielskiego, nast\u0119pnie przewodnicz\u0105cy KZ, od XI 1980 wiceprzewodnicz\u0105cy Mi\u0119dzyzak\u0142adowej Komisji Porozumiewawczej, od 15 VI 1981 wiceprzewodnicz\u0105cy MKP Ziemi K\u0119pi\u0144skiej, VI\u2013VII 1981 delegat na I WZD Wojew\u00f3dztwa Kaliskiego, cz\u0142onek ZR Wielkopolska P\u0142d.<\/p>\n<p>Od 1982 wsp\u00f3\u0142pracownik podziemnych struktur wroc\u0142awskich, wsp\u00f3\u0142dzia\u0142a\u0142 z Kazimierzem Klementowskim z Solidarno\u015bci Walcz\u0105cej, 1982\u20131984 lider grupy Harpun (we wsp\u00f3\u0142pracy z Mari\u0105 Bykowsk\u0105, W\u0142odzimierzem J\u0119drasikiem, Wies\u0142awem Ko\u0142odziejczykiem, Henrykiem M\u00fcllerem), drukarz, kolporter wydawnictw podziemnych z Wroc\u0142awia (m.in. \u201eZ Dnia na Dzie\u0144\u201d, \u201eBiuletyn Dolno\u015bl\u0105ski\u201d, \u201eReplika\u201d), punkt kolporta\u017cowy prowadzi\u0142 w miejscu pracy (do 1 IV 1983). Wielokrotne rewizje w mieszkaniu w Piotr\u00f3wce, nast\u0119pnie w K\u0119pnie. Dzia\u0142acz katolicki, wsp\u00f3\u0142pracownik proboszcz\u00f3w parafii \u015bw. Marcina w K\u0119pnie: ks. Mariana Magnuszewskiego (w 1983) i ks. Zbigniewa Rapiora (1983\u20131989), 1984\u20131988 cz\u0142onek M\u0142odzie\u017cowej Grupy Pi\u0105tkowej przy parafii \u015bw. Marcina w K\u0119pnie.<\/p>\n<p>Od 1989 wsp\u00f3\u0142organizator reaktywowania struktur \u201eS\u201d w K\u0119pnie oraz w ZOZ, w IV 1989 cz\u0142onek Zarz\u0105du Mi\u0119dzyzak\u0142adowej Komisji Organizacyjnej \u201eS\u201d Ziemi K\u0119pi\u0144skiej, przewodnicz\u0105cy Tymczasowej Komisji Organizacyjnej przy ZOZ w K\u0119pnie, we IX 1989 przewodnicz\u0105cy KZ, cz\u0142onek KO \u201eS\u201d Ziemi K\u0119pi\u0144skiej.<\/p>\n<p>Od 6 I 1982 rozpracowywany przez Wydz. IV KW MO w Kaliszu w ramach SOR krypt. Rower dot. kolporta\u017cu ulotek na terenie K\u0119pna; 12 IV 1983 \u2013 14 IV 1986 przez Wydz. IV KW MO\/WUSW w Kaliszu w ramach SOR krypt. Metro.<\/p>\n<div><em>Gra\u017cyna Schlender<\/em><\/div>\n","protected":false},"excerpt":{"rendered":"<p>J\u00f3zef Handrysik, ur. 11 II 1942 w Piotr\u00f3wce k. K\u0119pna, zm. 4 I 1994 w K\u0119pnie. Uko\u0144czy\u0142 Policealne Medyczne Studium Zawodowe we Wroc\u0142awiu, Wydz. Techniki Dentystycznej (1963). 1964\u20131994 technik dentystyczny w k\u0119pi\u0144skim o\u015brodku zdrowia. Od IX 1980 w \u201eS\u201d, inicjator Komitetu Za\u0142o\u017cycielskiego, nast\u0119pnie przewodnicz\u0105cy KZ, od XI 1980 wiceprzewodnicz\u0105cy Mi\u0119dzyzak\u0142adowej Komisji Porozumiewawczej, od 15 VI [&hellip;]<\/p>\n","protected":false},"featured_media":906,"template":"","meta":[],"_links":{"self":[{"href":"http:\/\/ludzie.fundacja-pih.pl\/index.php\/wp-json\/wp\/v2\/product\/1599"}],"collection":[{"href":"http:\/\/ludzie.fundacja-pih.pl\/index.php\/wp-json\/wp\/v2\/product"}],"about":[{"href":"http:\/\/ludzie.fundacja-pih.pl\/index.php\/wp-json\/wp\/v2\/types\/product"}],"wp:featuredmedia":[{"embeddable":true,"href":"http:\/\/ludzie.fundacja-pih.pl\/index.php\/wp-json\/wp\/v2\/media\/906"}],"wp:attachment":[{"href":"http:\/\/ludzie.fundacja-pih.pl\/index.php\/wp-json\/wp\/v2\/media?parent=1599"}],"curies":[{"name":"wp","href":"https:\/\/api.w.org\/{rel}","templated":true}]}}