{"id":1609,"date":"2021-01-27T09:31:05","date_gmt":"2021-01-27T09:31:05","guid":{"rendered":"http:\/\/ludzie.fundacja-pih.pl\/?post_type=product&#038;p=1609"},"modified":"2025-05-16T14:14:23","modified_gmt":"2025-05-16T14:14:23","slug":"kolankiewicz-wieslaw","status":"publish","type":"product","link":"http:\/\/ludzie.fundacja-pih.pl\/index.php\/product\/kolankiewicz-wieslaw\/","title":{"rendered":"Kolankiewicz Wies\u0142aw"},"content":{"rendered":"<p>Urodzi\u0142 si\u0119 11 lipca 1947 roku w Bisztynku, zm. 30 marca 2003 roku w Londynie.<\/p>\n<p>W 1966 roku uko\u0144czy\u0142 Technikum Mechaniczne w K\u0119trzynie. W latach 1966 \u2013 1980 by\u0142 zatrudniony kolejno w: Mechanicznych Zak\u0142adach Produkcyjnych WZGS w Gi\u017cycku, Pracowniczym O\u015brodku Maszynowym w Wydminach, POM w Gajewie. W pa\u017adzierniku 1980 wst\u0105i\u0142 do NSZZ \u201eSolidarno\u015b\u0107\u201d. 9 pa\u017adziernika tego samego roku zorganizowa\u0142 spotkanie, na kt\u00f3rym zawi\u0105za\u0142 si\u0119 MKZ Region Mazury w Gi\u017cycku. Do 15 grudnia 1980 roku Wies\u0142aw Kolankiewicz by\u0142 jego przewodnicz\u0105cym. W latach 1981 \u2013 1983 pracowa\u0142 jako starszy specjalista bhp w Rominckim Kombinacie Rolnym w Go\u0142dapi, w latach 1983 \u2013 1984 wykonywa\u0142 prace dorywcze. W latach 1983 \u2013 1989 kolportowa\u0142 podziemn\u0105 pras\u0119, w tym tytu\u0142y takie jak: \u201eTygodnik Mazowsze\u201d, \u201eKres\u201d, \u201eSolidarno\u015b\u0107 Walcz\u0105ca\u201d. Rozprowadza\u0142 tak\u017ce ulotki, znaczki poczt podziemnych oraz tzw. cegie\u0142ki na pomoc represjonowanym. W zwi\u0105zku z prowadzon\u0105 dzia\u0142alno\u015bci\u0105 zwolniono go z pracy, inwigilowano, przes\u0142uchiwano, wielokrotnie przeprowadzano rewizje w jego mieszkaniu. W latach 1984 \u2013 1987 pracowa\u0142 jako konserwator w Sp\u00f3\u0142dzielni Pracy Jedno\u015b\u0107 w Go\u0142dapi. W czerwcu 1985 roku kolportowa\u0142 ulotki nawo\u0142uj\u0105ce do bojkotu wybor\u00f3w do Sejmu PRL. Od 1985 roku wsp\u00f3\u0142organizowa\u0142 i nale\u017ca\u0142 do RKW \u201eS\u201d Regionu Pojezierze. Od 1987 roku udost\u0119pnia\u0142 swoje mieszkanie na oficjaln\u0105 siedzib\u0119 RKW. By\u0142 wsp\u00f3\u0142za\u0142o\u017cycielem reaktywowanego w 1986 roku \u201eKresu\u201d, a do roku 1989 tak\u017ce jego g\u0142\u00f3wnym drukarzem. Drukowa\u0142 te\u017c ulotki RKW. W 1987 roku  pracowa\u0142 w Zak\u0142adzie Technicznego Wyposa\u017cenia Wn\u0119trz w Go\u0142dapi. W latach 1987 \u2013 1989 nale\u017ca\u0142 do \u201eSolidarno\u015bci Walcz\u0105cej\u201d. W 1988 roku, w zwi\u0105zku z wyborami do rad narodowych, uczestniczy\u0142 w akcji wzywaj\u0105cej do bojkotu tych wybor\u00f3w. W pa\u017adzierniku tego samego roku zosta\u0142 pobity przez ZOMO po Mszy za Ojczyzn\u0119 w Warszawie, aresztowany i skazany przez kolegium ds. wykrocze\u0144 na kar\u0119 grzywny i 60 dni aresztu. Osadzono go w Areszcie \u015aledczym Warszawa-S\u0142u\u017cewiec, a po odwo\u0142aniu si\u0119 od wyroku, w listopadzie 1988 roku uniewinniono i uwolniono. Od 11 lutego 1989 roku wchodzi\u0142 w sk\u0142ad MKO \u201eS\u201d w Go\u0142dapi. Od 16 kwietnia 1989 roku by\u0142 cz\u0142onkiem TZR \u201eS\u201d Region Pojezierze. W lipcu 1989 roku wyst\u0105pi\u0142 z \u201eSolidarno\u015bci\u201d. W 1993 roku przeprowadzi\u0142 si\u0119 do Wielkiej Brytanii.<\/p>\n","protected":false},"excerpt":{"rendered":"<p>Urodzi\u0142 si\u0119 11 lipca 1947 roku w Bisztynku, zm. 30 marca 2003 roku w Londynie. W 1966 roku uko\u0144czy\u0142 Technikum Mechaniczne w K\u0119trzynie. W latach 1966 \u2013 1980 by\u0142 zatrudniony kolejno w: Mechanicznych Zak\u0142adach Produkcyjnych WZGS w Gi\u017cycku, Pracowniczym O\u015brodku Maszynowym w Wydminach, POM w Gajewie. W pa\u017adzierniku 1980 wst\u0105i\u0142 do NSZZ \u201eSolidarno\u015b\u0107\u201d. 9 pa\u017adziernika [&hellip;]<\/p>\n","protected":false},"featured_media":1610,"template":"","meta":[],"_links":{"self":[{"href":"http:\/\/ludzie.fundacja-pih.pl\/index.php\/wp-json\/wp\/v2\/product\/1609"}],"collection":[{"href":"http:\/\/ludzie.fundacja-pih.pl\/index.php\/wp-json\/wp\/v2\/product"}],"about":[{"href":"http:\/\/ludzie.fundacja-pih.pl\/index.php\/wp-json\/wp\/v2\/types\/product"}],"wp:featuredmedia":[{"embeddable":true,"href":"http:\/\/ludzie.fundacja-pih.pl\/index.php\/wp-json\/wp\/v2\/media\/1610"}],"wp:attachment":[{"href":"http:\/\/ludzie.fundacja-pih.pl\/index.php\/wp-json\/wp\/v2\/media?parent=1609"}],"curies":[{"name":"wp","href":"https:\/\/api.w.org\/{rel}","templated":true}]}}