{"id":1611,"date":"2021-01-27T09:33:34","date_gmt":"2021-01-27T09:33:34","guid":{"rendered":"http:\/\/ludzie.fundacja-pih.pl\/?post_type=product&#038;p=1611"},"modified":"2025-05-16T14:14:23","modified_gmt":"2025-05-16T14:14:23","slug":"kolecki-ryszard-brzeg","status":"publish","type":"product","link":"http:\/\/ludzie.fundacja-pih.pl\/index.php\/product\/kolecki-ryszard-brzeg\/","title":{"rendered":"Ko\u0142ecki Ryszard (Brzeg)"},"content":{"rendered":"<p>Urodzi\u0142 si\u0119 1 stycznia 1948 roku w Starych Kolniach. <\/p>\n<p>W 1969 uko\u0144czy\u0142 Technikum Budowlane we Wroc\u0142awiu. W latach 1960 \u2013 1980 nale\u017ca\u0142 do ZHP, gdzie pe\u0142ni\u0142 funkcj\u0119 instruktora, podharcmistrza, a od 1969 roku komendanta Szczepu Dru\u017cyn ZHP w Zespole Szk\u00f3\u0142 Budowlanych w Brzegu. W latach 1969 \u2013 1980 nale\u017ca\u0142 do ZNP. W okresie od 1969 roku do 1983 roku pracowa\u0142 jako nauczyciel, wychowawca oraz kierownik internatu w ZSB w Brzegu. We wrze\u015bniu 1980 roku wst\u0105pi\u0142 do NSZZ \u201eSolidarno\u015b\u0107\u201d oraz wsp\u00f3\u0142organizowa\u0142 Ko\u0142o \u201eS\u201d w ZSB. Od 14 listopada 1980 roku \u2013 do lutego 1981 roku by\u0142 wiceprzewodnicz\u0105cym Tymczasowej Komisji Mi\u0119dzyszkolnej \u201eS\u201d Pracownik\u00f3w O\u015bwiaty i Wychowania w Brzegu. Od 16 lutego 1981 roku pe\u0142ni\u0142 funkcj\u0119 wiceprzewodnicz\u0105cego Komisji Zak\u0142adowej POiW tam\u017ce. Od 2 pa\u017adziernika 1980 roku do kwietnia 1981 roku, wchodzi\u0142 w sk\u0142ad MKZ\/MKK tam\u017ce. Od 4 maja 1981 roku nale\u017ca\u0142 do prezydium MKK Ziemi Brzeskiej. W dniach 29\u201330 czerwca 1981 roku by\u0142 delegatem na I WZD Regionu Dolny \u015al\u0105sk i cz\u0142onkiem ZR. W 1981 roku by\u0142 r\u00f3wnie\u017c delegatem na regionalne spotkania \u201eS\u201d POiW Regionu Dolny \u015al\u0105sk i \u015al\u0105ska Opolskiego (cz\u0142onek Regionalnej Komisji Koordynacyjnej) oraz na krajowe zebranie POiW we Wroc\u0142awiu. Od grudnia 1981 roku do 1989 roku pe\u0142ni\u0142 funkcj\u0119 wiceprzewodnicz\u0105cego, a od czerwca 1983 roku przewodnicz\u0105cego TKZ POiW. W okresie od 17 lutego 1982 roku do lutego 1989 roku by\u0142 wsp\u00f3\u0142za\u0142o\u017cycielem oraz cz\u0142onkiem Tajnej MKK Ziemi Brzeskiej. Od listopada 1982 roku do roku 1989 by\u0142 zaprzysi\u0119\u017conym cz\u0142onkiem \u201eSolidarno\u015bci Walcz\u0105cej\u201d. Od grudnia 1981 roku do roku 1983 uczestniczy\u0142 w pomocy rodzinom os\u00f3b internowanych i represjonowanych. W latach 1983\u20131990 dzia\u0142a\u0142 w Duszpasterstwie Ludzi Pracy przy parafii \u015bw. Miko\u0142aja w Brzegu, a nast\u0119pnie, po zmianie afiliacji, od 1987 roku w parafii Podwy\u017cszenia Krzy\u017ca \u015awi\u0119tego tam\u017ce. W latach 1982 \u2013 1989 wsp\u00f3\u0142zak\u0142ada\u0142, organizowa\u0142 druk, a tak\u017ce drukowa\u0142 (do stycznia 1987 roku regularnie, w okresie p\u00f3\u017aniejszym rotacyjnie) podziemne czasopisma: \u201eProstownik\u201d, \u201eZ Dnia na Dzie\u0144\u201d i \u201eSolidarno\u015b\u0107 Walcz\u0105ca\u201d. W latach 1982 \u2013 1989 by\u0142 organizatorem sieci kolporta\u017cu i kolporterem podziemnych wydawnictw w tym m.in. ulotek, kaset, ksi\u0105\u017cek i czasopism takich jak\u201d \u201eSolidarno\u015b\u0107 Walcz\u0105ca\u201d, \u201eZ Dnia na Dzie\u0144\u201d, \u201eTygodnik Mazowsze\u201d, \u201eBiuletyn Dolno\u015bl\u0105ski\u201d, \u201eRegion\u201d, \u201eOgniwo\u201d. W latach 1983 \u2013 1984 pracowa\u0142 jako mistrz budowlany w Nadle\u015bnictwie w Brzegu. 6 listopada 1983 roku zosta\u0142 zatrzymany i by\u0142 przes\u0142uchiwany w zwi\u0105zku ze spraw\u0105 Janusza Kajdzika. 17 listopada tego samego roku, zosta\u0142 poddany rewizji w pracy, zrewidowano tak\u017ce jego mieszkanie. 18 listopada ponownie go przes\u0142uchano. W latach 1984 \u2013 1987 by\u0142 zatrudniony jako kierownik rob\u00f3t budowlanych, grupy remontowo-budowlanej w Klubie Sportowym Stal w Brzegu. W latach 1987 \u2013 1996 prowadzi\u0142  dzia\u0142alno\u015b\u0107 gospodarcz\u0105. Od kwietnia do czerwca 1989 roku nale\u017ca\u0142 do KO \u201eS\u201d w Brzegu, wykonywa\u0142 plakaty i ulotki wyborcze, uczestniczy\u0142 w kolporta\u017cu materia\u0142\u00f3w wyborczych oraz akcjach ulotkowych i w akcjach plakatowania. W latach dziewi\u0119\u0107dziesi\u0105tych przedsi\u0119biorca. W 2008 roku przeszed\u0142 na emerytur\u0119.<\/p>\n","protected":false},"excerpt":{"rendered":"<p>Urodzi\u0142 si\u0119 1 stycznia 1948 roku w Starych Kolniach. W 1969 uko\u0144czy\u0142 Technikum Budowlane we Wroc\u0142awiu. W latach 1960 \u2013 1980 nale\u017ca\u0142 do ZHP, gdzie pe\u0142ni\u0142 funkcj\u0119 instruktora, podharcmistrza, a od 1969 roku komendanta Szczepu Dru\u017cyn ZHP w Zespole Szk\u00f3\u0142 Budowlanych w Brzegu. W latach 1969 \u2013 1980 nale\u017ca\u0142 do ZNP. W okresie od 1969 [&hellip;]<\/p>\n","protected":false},"featured_media":906,"template":"","meta":[],"_links":{"self":[{"href":"http:\/\/ludzie.fundacja-pih.pl\/index.php\/wp-json\/wp\/v2\/product\/1611"}],"collection":[{"href":"http:\/\/ludzie.fundacja-pih.pl\/index.php\/wp-json\/wp\/v2\/product"}],"about":[{"href":"http:\/\/ludzie.fundacja-pih.pl\/index.php\/wp-json\/wp\/v2\/types\/product"}],"wp:featuredmedia":[{"embeddable":true,"href":"http:\/\/ludzie.fundacja-pih.pl\/index.php\/wp-json\/wp\/v2\/media\/906"}],"wp:attachment":[{"href":"http:\/\/ludzie.fundacja-pih.pl\/index.php\/wp-json\/wp\/v2\/media?parent=1611"}],"curies":[{"name":"wp","href":"https:\/\/api.w.org\/{rel}","templated":true}]}}