{"id":1613,"date":"2021-01-27T09:36:09","date_gmt":"2021-01-27T09:36:09","guid":{"rendered":"http:\/\/ludzie.fundacja-pih.pl\/?post_type=product&#038;p=1613"},"modified":"2025-05-16T14:14:25","modified_gmt":"2025-05-16T14:14:25","slug":"kotecki-franciszek-brzeg","status":"publish","type":"product","link":"http:\/\/ludzie.fundacja-pih.pl\/index.php\/product\/kotecki-franciszek-brzeg\/","title":{"rendered":"Kotecki Franciszek (Brzeg)"},"content":{"rendered":"<p>Urodzi\u0142 si\u0119 26 lutego 1946 roku w Brzegu, a zmar\u0142 12 maja 2014 roku tam\u017ce.<\/p>\n<p>W 1963 roku uko\u0144czy\u0142 ZSZ w Brzegu. W latach 1962 \u2013 1972 pracowa\u0142 w Fabryce Siewnik\u00f3w Brzeg oraz brzeskiej Fabryce Maszyn Rolniczych Agromet. W latach 1972 \u2013 1995 by\u0142 zatrudniony jako garbarz sk\u00f3r w \u015al\u0105skich Zak\u0142adach Przemys\u0142u Sk\u00f3rzanego \u201eOtm\u0119t\u201d \u2013 Garbarnia Brzeg. W pa\u017adzierniku 1980 roku wst\u0105pi\u0142 do NSZZ \u201eSolidarno\u015b\u0107\u201d, zosta\u0142 przewodnicz\u0105cym Komitetu Za\u0142o\u017cycielskiego a nast\u0119pnie wiceprzewodnicz\u0105cym KZ. Wchodzi\u0142 w sk\u0142ad Komisji Porozumiewawczej Przedsi\u0119biorstwa \u015aZPS Otm\u0119t. Od 2 pa\u017adziernika 1980 roku do maja 1981 roku by\u0142 cz\u0142onkiem MKZ w Brzegu. Od 12 kwietnia 1981 roku nale\u017ca\u0142 do Prezydium Zarz\u0105du MKK w Brzegu. Po wprowadzeniu stanu wojennego, 14 grudnia 1981 roku wzi\u0105\u0142 udzia\u0142 w prote\u015bcie w zak\u0142adzie pracy. Od grudnia 1981 roku do 1989 roku wchodzi\u0142 w sk\u0142ad TKZ. Od 17 lutego 1982 roku do lutego 1989 roku by\u0142 cz\u0142onkiem Tajnej MKK Ziemia Brzeska. Od grudnia 1981 roku do roku 1983 dzia\u0142a\u0142 w Komitecie Pomocy Internowanym i Aresztowanym w Brzegu. Od grudnia 1981 roku do 1989 roku organizowa\u0142 sie\u0107 kolporta\u017cu i kolportowa\u0142 w Brzegu i okolicach ulotki, podziemne ksi\u0105\u017cki i czasopisma w tym m.in. tytu\u0142y takie jak: \u201eSolidarno\u015b\u0107 Walcz\u0105ca\u201d, \u201eZ Dnia na Dzie\u0144\u201d, \u201eProstownik\u201d, \u201eGross Rosen\u201d, \u201eTygodnik Mazowsze\u201d, \u201eBez Cenzury\u201d, \u201eBiuletyn Dolno\u015bl\u0105ski\u201d, \u201eRegion\u201d, \u201eOgniwo\u201d. Od lutego 1982 roku do lutego 1989 roku wsp\u00f3\u0142zak\u0142ada\u0142m i wsp\u00f3\u0142pracowa\u0142 z redakcj\u0105 podziemnego pisma \u201eProstownik\u201d. Organizowa\u0142 tak\u017ce druk i drukowa\u0142 takie czasopisma jak: \u201eProstownik\u201d, \u201eZ Dnia na Dzie\u0144\u201d i \u201eSolidarno\u015b\u0107 Walcz\u0105ca\u201d. 13 maja 1982 roku wzi\u0105\u0142 udzia\u0142 w strajku w zak\u0142adzie pracy. W latach 1982 \u2013 1989 by\u0142 wsp\u00f3\u0142pracownikiem \u201eSolidarno\u015bci Walcz\u0105cej\u201d. 31 sierpnia 1982 roku zosta\u0142 zatrzymany, 2 wrze\u015bnia tego samego roku internowany. By\u0142 przetrzymywany w O\u015brodku Odosobnienia w Grodkowie. 25 listopada 1982 roku zwolniono go. W 1983 roku zosta\u0142 zwolniony z pracy. Nast\u0119pnie pracowa\u0142 kolejno: w prywatnych warsztatach rzemie\u015blniczych, w Brzeskich Zak\u0142adach Urz\u0105dze\u0144 Wagonowych Bewag, we w\u0142asnej firmie, w Urz\u0119dzie Miasta i Gminy w Brzegu. W latach 1983 \u2013 1990 dzia\u0142a\u0142 w Duszpasterstwie Ludzi Pracy przy brzeskiej parafii \u015bw. Miko\u0142aja, a po zmianie afiliacji, od roku 1987, w parafii Podwy\u017cszenia Krzy\u017ca \u015awi\u0119tego w Brzegu. W 1989 roku ponownie przyst\u0105pi\u0142 do \u201eSolidarno\u015bci\u201d. Od 24 lutego 1989 roku do lutego 1990 roku wchodzi\u0142 w sk\u0142ad RKW Dolny \u015al\u0105sk \u2013 Mi\u0119dzyzak\u0142adowego Komitetu Organizacyjnego w Brzegu. Od kwietnia 1989 roku do 1990 roku  by\u0142 cz\u0142onkiem KO \u201eS\u201d w Brzegu. Po 1990 roku pe\u0142ni\u0142 mandat radnego Miasta Brzeg. W 2013 roku przeszed\u0142 na emerytur\u0119. Od 10 marca 1981 roku do 1987 roku by\u0142 rozpracowywany przez Wydz. IIIA KW MO\/WUSW w Opolu. Od 13 sierpnia 1987 roku do 19 pa\u017adziernika 1989 roku by\u0142 rozpracowywany przez p. V RUSW w Brzegu w ramach KE o kryptonimie \u201eOdnowiciel\u201d.<\/p>\n","protected":false},"excerpt":{"rendered":"<p>Urodzi\u0142 si\u0119 26 lutego 1946 roku w Brzegu, a zmar\u0142 12 maja 2014 roku tam\u017ce. W 1963 roku uko\u0144czy\u0142 ZSZ w Brzegu. W latach 1962 \u2013 1972 pracowa\u0142 w Fabryce Siewnik\u00f3w Brzeg oraz brzeskiej Fabryce Maszyn Rolniczych Agromet. W latach 1972 \u2013 1995 by\u0142 zatrudniony jako garbarz sk\u00f3r w \u015al\u0105skich Zak\u0142adach Przemys\u0142u Sk\u00f3rzanego \u201eOtm\u0119t\u201d \u2013 [&hellip;]<\/p>\n","protected":false},"featured_media":2754,"template":"","meta":[],"_links":{"self":[{"href":"http:\/\/ludzie.fundacja-pih.pl\/index.php\/wp-json\/wp\/v2\/product\/1613"}],"collection":[{"href":"http:\/\/ludzie.fundacja-pih.pl\/index.php\/wp-json\/wp\/v2\/product"}],"about":[{"href":"http:\/\/ludzie.fundacja-pih.pl\/index.php\/wp-json\/wp\/v2\/types\/product"}],"wp:featuredmedia":[{"embeddable":true,"href":"http:\/\/ludzie.fundacja-pih.pl\/index.php\/wp-json\/wp\/v2\/media\/2754"}],"wp:attachment":[{"href":"http:\/\/ludzie.fundacja-pih.pl\/index.php\/wp-json\/wp\/v2\/media?parent=1613"}],"curies":[{"name":"wp","href":"https:\/\/api.w.org\/{rel}","templated":true}]}}