{"id":1616,"date":"2021-01-27T09:39:12","date_gmt":"2021-01-27T09:39:12","guid":{"rendered":"http:\/\/ludzie.fundacja-pih.pl\/?post_type=product&#038;p=1616"},"modified":"2025-05-16T14:14:26","modified_gmt":"2025-05-16T14:14:26","slug":"krystyna-kuta","status":"publish","type":"product","link":"http:\/\/ludzie.fundacja-pih.pl\/index.php\/product\/krystyna-kuta\/","title":{"rendered":"Kuta Krystyna Maria"},"content":{"rendered":"<p>Urodzi\u0142a si\u0119 22 grudnia 1956 roku w Szczecinie.<\/p>\n<p>W latach 1976 \u2013 1981 studiowa\u0142a polonistyk\u0119 na Uniwersytecie Miko\u0142aja Kopernika w Toruniu. W latach 1978 \u2013 1980 nale\u017ca\u0142a do Duszpasterstwa Akademickiego przy ko\u015bciele oo. jezuit\u00f3w \u015aw. Ducha i \u015bw. Stanis\u0142awa Kostki w Toruniu. Uczestniczy\u0142a r\u00f3wnie\u017c w spotkaniach TKN. Bra\u0142a udzia\u0142 w akcjach, kolportowa\u0142a pras\u0119 i wydawnictw niezale\u017cnych, organizowa\u0142a akcje zbierania podpis\u00f3w pod petycjami i listami protestacyjnymi. W 1980 roku nale\u017ca\u0142a do Klubu Samoobrony Spo\u0142ecznej Wielkopolski i Ziemi Kujawsko-Dobrzy\u0144skiej.<br \/>\nW pa\u017adzierniku 1980 roku wst\u0105pi\u0142a do Niezale\u017cnego Zrzeszenia Student\u00f3w. Od 1 czerwca do grudnia 1981 roku pracowa\u0142a w Biurze Informacyjnym MKZ\/ZR Toru\u0144skiego. Pe\u0142ni\u0142a te\u017c funkcj\u0119 redaktor naczelnej pism \u201eSprawy\u201d. Wsp\u00f3\u0142redagowa\u0142a \u201eZjazdowy Serwis Informacyjny\u201d i \u201eSerwis Toru\u0144skiej Agencji Solidarno\u015bci\u201d, organizowa\u0142a bibliotek\u0119 ZR. 25 maja 1981 roku wsp\u00f3\u0142organizowa\u0142a manifestacj\u0119 w obronie wi\u0119\u017ani\u00f3w politycznych. By\u0142a autork\u0105 w pismach niezale\u017cnych, m.in. \u201eBratniak\u201d, \u201eImmunitet\u201d, \u201eWolne S\u0142owo\u201d. Po wprowadzeniu stanu wojennego, zosta\u0142a internowana i osadzona w O\u015brodku Odosobnienia w Bydgoszczy-Fordonie. Uczestniczy\u0142a tam w g\u0142od\u00f3wce. Nast\u0119pnie zosta\u0142a przeniesiona do O\u015brodka Odosobnienia w Go\u0142dapi, gdzie tak\u017ce uczestniczy\u0142a w g\u0142od\u00f3wkach i redagowa\u0142a przepisywane r\u0119cznie pismo \u201eInternowanka\u201d.<br \/>\nKrystyna Kuta zosta\u0142a zwolniona z internowania 24 lipca 1982 roku.<\/p>\n<p>W latach 1982 \u2013 1989 hurtowo kolportowa\u0142a wydawnictwa podziemnych w tym m.in. tytu\u0142y takie jak: \u201eSolidarno\u015b\u0107 Walcz\u0105ca\u201d, \u201eAIS\u201d, \u201eKAT\u201d. By\u0142a obserwatork\u0105 proces\u00f3w politycznych (m.in. Anny Walentynowicz) i uczestniczk\u0105 niezale\u017cnego ruchu artystycznego (m.in. autorskie wieczory poezji na plebanii ko\u015bcio\u0142a \u015bw. J\u00f3zefa \u2013 oo. redemptoryst\u00f3w). W latach 1983 \u2013 1995 by\u0142a zatrudniona w internacie Zespo\u0142u Szk\u00f3\u0142 Przemys\u0142u Spo\u017cywczego w Toruniu jako sprz\u0105taczka, potem do przej\u015bcia na emerytur\u0119 wykonywa\u0142a ten sam zaw\u00f3d jako jednoosobowa firma CLARUM.<\/p>\n<p>W latach 1983 \u2013 1984 by\u0142a toru\u0144sk\u0105 korespondentk\u0105 i redaktork\u0105 \u201eAIS\u201d. W latach 1985 \u2013 1986 korespondentk\u0105 \u201eKAT\u201d. 26 kwietnia 1984 roku zosta\u0142a aresztowana. By\u0142a przetrzymywana w Areszcie \u015aledczym w Toruniu i Grudzi\u0105dzu. 24 lipca 1984 roku zosta\u0142a zwolniona na mocy amnestii. W latach 1984 \u2013 1990 nale\u017ca\u0142a do \u201eSolidarno\u015bci Walcz\u0105cej\u201d. Wsp\u00f3\u0142organizowa\u0142a jej toru\u0144ski oddzia\u0142, organizowa\u0142a te\u017c \u0142\u0105czno\u015b\u0107 z Wroc\u0142awiem i Poznaniem.<\/p>\n<p>W latach 1987 \u2013 1988 pe\u0142ni\u0142a funkcj\u0119 redaktor naczelnej pisma \u201eNadwi\u015blanin\u201d. By\u0142a tak\u017ce autork\u0105 artyku\u0142\u00f3w w pismach podziemnych takich jak: \u201eToru\u0144ski Informator Solidarno\u015bci\u201d, \u201eKAT\u201d, \u201eSolidarno\u015b\u0107 Walcz\u0105ca\u201d.<\/p>\n<p>Od lat dziewi\u0119\u0107dziesi\u0105tych prowadzi dzia\u0142alno\u015b\u0107 gospodarcz\u0105. 15 sierpnia 2000 roku zosta\u0142a wyr\u00f3\u017cniona odznak\u0105 Zas\u0142u\u017cony Dzia\u0142acz Kultury, 3 czerwca 2008 roku zosta\u0142a odznaczona Krzy\u017cem Oficerskim Orderu Odrodzenia Polski, a 22 listopada 2016 roku zosta\u0142a odznaczona Krzy\u017cem Wolno\u015bci i Solidarno\u015bci.<\/p>\n<p>Od 24 stycznia 1983 roku by\u0142a rozpracowywana przez Wydz. V\/III KW MO w Toruniu w ramach SOS. Od 14 lipca 1983 roku do 1990 roku przez KW MO\/WUSW w Toruniu w ramach SOR o kryptonimie \u201eSprz\u0105taczka\u201d.\u00a0W latach 1987\u20131988 przez Wydz. III WUSW w Toruniu w ramach SOS o kryptonimie \u201eGrupa\u201d.\u00a0W latach 1987\u20131989 w ramach SOR o kryptonimie \u201ePrometeusz\u201d.<\/p>\n","protected":false},"excerpt":{"rendered":"<p>Urodzi\u0142a si\u0119 22 grudnia 1956 roku w Szczecinie. W latach 1976 \u2013 1981 studiowa\u0142a polonistyk\u0119 na Uniwersytecie Miko\u0142aja Kopernika w Toruniu. W latach 1978 \u2013 1980 nale\u017ca\u0142a do Duszpasterstwa Akademickiego przy ko\u015bciele oo. jezuit\u00f3w \u015aw. Ducha i \u015bw. Stanis\u0142awa Kostki w Toruniu. Uczestniczy\u0142a r\u00f3wnie\u017c w spotkaniach TKN. Bra\u0142a udzia\u0142 w akcjach, kolportowa\u0142a pras\u0119 i wydawnictw [&hellip;]<\/p>\n","protected":false},"featured_media":2763,"template":"","meta":[],"_links":{"self":[{"href":"http:\/\/ludzie.fundacja-pih.pl\/index.php\/wp-json\/wp\/v2\/product\/1616"}],"collection":[{"href":"http:\/\/ludzie.fundacja-pih.pl\/index.php\/wp-json\/wp\/v2\/product"}],"about":[{"href":"http:\/\/ludzie.fundacja-pih.pl\/index.php\/wp-json\/wp\/v2\/types\/product"}],"wp:featuredmedia":[{"embeddable":true,"href":"http:\/\/ludzie.fundacja-pih.pl\/index.php\/wp-json\/wp\/v2\/media\/2763"}],"wp:attachment":[{"href":"http:\/\/ludzie.fundacja-pih.pl\/index.php\/wp-json\/wp\/v2\/media?parent=1616"}],"curies":[{"name":"wp","href":"https:\/\/api.w.org\/{rel}","templated":true}]}}