{"id":1619,"date":"2021-01-27T09:43:27","date_gmt":"2021-01-27T09:43:27","guid":{"rendered":"http:\/\/ludzie.fundacja-pih.pl\/?post_type=product&#038;p=1619"},"modified":"2025-05-16T14:14:27","modified_gmt":"2025-05-16T14:14:27","slug":"martynowski-warcislaw-janusz","status":"publish","type":"product","link":"http:\/\/ludzie.fundacja-pih.pl\/index.php\/product\/martynowski-warcislaw-janusz\/","title":{"rendered":"Martynowski Warcis\u0142aw Janusz (L\u0105dek-Zdr\u00f3j)"},"content":{"rendered":"<p>Urodzi\u0142 si\u0119 16 maja 1945 roku w Przeworsku.<\/p>\n<p>W 1973 roku uko\u0144czy\u0142 studia na Wydziale Nauk Przyrodniczych Uniwersytetu Wroc\u0142awskiego. W latach 1956 \u2013 1958 nale\u017ca\u0142 do ZHP. W latach 1972 &#8211; 1973 pracowa\u0142 jako nauczyciel w SP w Prusicach k. Trzebnicy. W latach 1973 &#8211; 1975 by\u0142 zatrudniony jako asystent projektanta w Pracowni Urbanistycznej Urz\u0119du Powiatowego w K\u0142odzku. W latach 1975 \u2013 1983 pracowa\u0142 na stanowisku projektanta w Wojew\u00f3dzkim Biurze Urbanistycznym w Wa\u0142brzychu. W latach 1983 &#8211; 1993 by\u0142 w\u0142a\u015bcicielem zak\u0142adu ciesielskiego w L\u0105dku-Zdroju. W latach 1985 &#8211; 1990 pracowa\u0142 jako projektant w O\u015brodku Sportu i Rekreacji w Stroniu \u015al\u0105skim. W marcu 1968 roku bra\u0142 udzia\u0142 w antyre\u017cimowej demonstracji we Wroc\u0142awiu. 5 marca 1969 roku zosta\u0142 zatrzymany w Krakowie podczas pr\u00f3by zorganizowania obchod\u00f3w rocznicy Marca \u201968. 26 sierpnia 1980 roku uczestniczy\u0142 w rozbitym przez SB I Kongresie KPN, zorganizowanym w domu jego ojca Zbigniewa Martynowskiego w L\u0105dku-Zdroju. We wrze\u015bniu 1980 roku wst\u0105pi\u0142 do NSZZ \u201eSolidarno\u015bci\u201d i wszed\u0142 w sk\u0142ad Komitetu Za\u0142o\u017cycielskiego, a nast\u0119pnie zosta\u0142 przewodnicz\u0105cym Komisji Rewizyjnej \u201eS\u201d w WUB.  Jako wsp\u00f3\u0142wydawca pisma KZD \u201eG\u0142os Wolny\u201d uczestniczy\u0142 w I KZD.  W latach 1982 \u2013 1989 wsp\u00f3\u0142pracowa\u0142 z \u201eSolidarno\u015bci\u0105 Walcz\u0105c\u0105\u201d, by\u0142 tak\u017ce wsp\u00f3\u0142organizatorem struktur SW na Ziemi K\u0142odzkiej. Wraz z R. Paszkiewiczem wsp\u00f3\u0142organiozwa\u0142 i by\u0142 autorem w jednorazowych wydawnictwach podziemnych. 31 sierpnia 1982 roku wraz z Antonim Misiakiem wsp\u00f3\u0142organizowa\u0142 antyre\u017cimow\u0105 demonstracj\u0119 w K\u0142odzku. By\u0142 represjonowany. 30 pa\u017adziernika 1982 roku Warcis\u0142aw Janusz Martynowski zosta\u0142 aresztowany w L\u0105dku-Zdroju. By\u0142 przetrzymywany w Aresztach \u015aledczych w K\u0142odzku, Wa\u0142brzychu i Wroc\u0142awiu. Zosta\u0142 skazany wyrokiem S\u0105du \u015al\u0105skiego Okr\u0119gu Wojskowego we Wroc\u0142awiu na kar\u0119 jednego roku pozbawienia wolno\u015bci w zawieszeniu na 3 lata. 16 grudnia 1982 roku zosta\u0142 zwolniony. W latach 1987\u20131989 wsp\u00f3\u0142pracowa\u0142 z Solidarno\u015bci\u0105 Polsko-Czechos\u0142owack\u0105. Od kwietnia 1989 roku pe\u0142ni\u0142 funkcj\u0119 przewodnicz\u0105cego KO Ziemi K\u0142odzkiej. W 2007 roku Warcis\u0142aw Janusz Martynowski zosta\u0142 odznaczony Krzy\u017cem Kawalerskim Orderu Odrodzenia Polski.<br \/>\nOd 15 pa\u017adziernika 1971 roku do 6 listopada 1974 roku by\u0142 rozpracowywany przez Wydzia\u0142 III KW MO we Wroc\u0142awiu w ramach KE o kryptonimie \u201eChemik\u201d; od 27 kwietnia 1982 roku do roku 1985 przez Sekcj\u0119 Rozpracowa\u0144 Wydz. II Sudeckiej Brygady WOP w ramach SOS\/SOR o kryptonimie \u201eGrota\u201d.<\/p>\n","protected":false},"excerpt":{"rendered":"<p>Urodzi\u0142 si\u0119 16 maja 1945 roku w Przeworsku. W 1973 roku uko\u0144czy\u0142 studia na Wydziale Nauk Przyrodniczych Uniwersytetu Wroc\u0142awskiego. W latach 1956 \u2013 1958 nale\u017ca\u0142 do ZHP. W latach 1972 &#8211; 1973 pracowa\u0142 jako nauczyciel w SP w Prusicach k. Trzebnicy. W latach 1973 &#8211; 1975 by\u0142 zatrudniony jako asystent projektanta w Pracowni Urbanistycznej Urz\u0119du [&hellip;]<\/p>\n","protected":false},"featured_media":1620,"template":"","meta":[],"_links":{"self":[{"href":"http:\/\/ludzie.fundacja-pih.pl\/index.php\/wp-json\/wp\/v2\/product\/1619"}],"collection":[{"href":"http:\/\/ludzie.fundacja-pih.pl\/index.php\/wp-json\/wp\/v2\/product"}],"about":[{"href":"http:\/\/ludzie.fundacja-pih.pl\/index.php\/wp-json\/wp\/v2\/types\/product"}],"wp:featuredmedia":[{"embeddable":true,"href":"http:\/\/ludzie.fundacja-pih.pl\/index.php\/wp-json\/wp\/v2\/media\/1620"}],"wp:attachment":[{"href":"http:\/\/ludzie.fundacja-pih.pl\/index.php\/wp-json\/wp\/v2\/media?parent=1619"}],"curies":[{"name":"wp","href":"https:\/\/api.w.org\/{rel}","templated":true}]}}