{"id":1633,"date":"2021-01-27T09:56:54","date_gmt":"2021-01-27T09:56:54","guid":{"rendered":"http:\/\/ludzie.fundacja-pih.pl\/?post_type=product&#038;p=1633"},"modified":"2025-05-16T14:14:32","modified_gmt":"2025-05-16T14:14:32","slug":"patyra-andrzej-rafal","status":"publish","type":"product","link":"http:\/\/ludzie.fundacja-pih.pl\/index.php\/product\/patyra-andrzej-rafal\/","title":{"rendered":"Patyra Andrzej Rafa\u0142"},"content":{"rendered":"<p>Urodzi\u0142 si\u0119 2 kwietnia 1957 roku w Lublinie, zm. 11 listopada 2007 roku tam\u017ce.<\/p>\n<p>W 1976 roku uko\u0144czy\u0142 II LO im. Jana Zamoyskiego w Lublinie. W latach 1979 \u2013 1984 pracowa\u0142 jako suwnicowy w Fabryce Samochod\u00f3w Ci\u0119\u017carowych w Lublinie, w 1984 roku zatrudniony by\u0142 w lubelskim Faelbudzie. W dniach 11 \u2013 14 sierpnia 1980 roku bra\u0142 udzia\u0142 w strajku w FSC. We wrze\u015bniu 1980 roku wst\u0105pi\u0142 do \u201eSolidarno\u015bci\u201d. Po wprowadzeniu stanu wojennego, w dniach 14 \u2013 17 grudnia 1981 roku uczestniczy\u0142 w strajku w FSC. Po 13 grudnia 1981 roku ukrywa\u0142 w swoim mieszkaniu Janusza Krupskiego. Wykorzystuj\u0105c kontakty ze \u015brodowiskiem \u201eSpotka\u0144\u201d i uzyskuj\u0105c od niego matryce bia\u0142kowe, przedrukowywa\u0142 (z Jerzym Pocheciem z KPN) materia\u0142y \u201eSolidarno\u015bci Walcz\u0105cej\u201d z Wroc\u0142awia. Za po\u015brednictwem Paw\u0142a Falickiego nawi\u0105za\u0142 bezpo\u015bredni kontakt z Kornelem Morawieckim i central\u0105 SW. Pod koniec 1982 roku wst\u0105pi\u0142 do \u201eSolidarno\u015bci Walcz\u0105cej\u201d i sta\u0142 si\u0119 jej zaprzysi\u0119\u017conym cz\u0142onkiem. W marcu 1983 roku wsp\u00f3\u0142zak\u0142ada\u0142 Rad\u0119 SW w Lublinie, a nast\u0119pnie pisma \u201eSolidarno\u015b\u0107 Walcz\u0105ca Lublin\u201d oraz wydawnictwa \u201eBiblioteczka Solidarno\u015bci Walcz\u0105cej Lublin\u201d (ksi\u0105\u017cki, kalendarze i znaczki). Do 1986 roku by\u0142 jednym z drukarzy podziemnych czasopism: \u201eCzarno na Bia\u0142ym\u201d oraz \u201eBiuletyn Informacyjny Tymczasowej Komisji Zak\u0142adowej NSZZ \u00abSolidarno\u015b\u0107\u00bb FSC Lublin\u201d. 7 grudnia 1983 roku Andrzej Rafa\u0142 Patyra zosta\u0142 aresztowany i osadzony w Areszcie \u015aledczym w Lublinie. W kwietniu 1984 roku zosta\u0142 zwolniony na mocy amnestii. Na prze\u0142omie stycznia i lutego 1984 roku zosta\u0142 zwolniony z pracy. W roku 1985 i w roku 1986 by\u0142 zatrzymywany na 48 godzin. Mia\u0142y te\u017c miejsce rewizje w jego mieszkaniu. W czerwcu 1987 roku zawiesi\u0142 dzia\u0142alno\u015b\u0107 w SW. W latach 1987 \u2013 1988 kilkakrotnie wyje\u017cd\u017ca\u0142 do pracy zarobkowej do Wielkiej Brytanii i Grecji. W maju 1989 roku wsp\u00f3\u0142inicjowa\u0142 reaktywowanie struktur \u201eSolidarno\u015bci\u201d w Faelbudzie. W 2007 roku zosta\u0142 odznaczony Krzy\u017cem Oficerskim Orderu Odrodzenia Polski. Od 29 listopada 1983 roku do 25 sierpnia 1989 roku by\u0142 rozpracowywany przez p. V RUSW w Lublinie w ramach SOR o kryptonimie \u201eSpychacz\u201d.<\/p>\n","protected":false},"excerpt":{"rendered":"<p>Urodzi\u0142 si\u0119 2 kwietnia 1957 roku w Lublinie, zm. 11 listopada 2007 roku tam\u017ce. W 1976 roku uko\u0144czy\u0142 II LO im. Jana Zamoyskiego w Lublinie. W latach 1979 \u2013 1984 pracowa\u0142 jako suwnicowy w Fabryce Samochod\u00f3w Ci\u0119\u017carowych w Lublinie, w 1984 roku zatrudniony by\u0142 w lubelskim Faelbudzie. W dniach 11 \u2013 14 sierpnia 1980 roku [&hellip;]<\/p>\n","protected":false},"featured_media":1634,"template":"","meta":[],"_links":{"self":[{"href":"http:\/\/ludzie.fundacja-pih.pl\/index.php\/wp-json\/wp\/v2\/product\/1633"}],"collection":[{"href":"http:\/\/ludzie.fundacja-pih.pl\/index.php\/wp-json\/wp\/v2\/product"}],"about":[{"href":"http:\/\/ludzie.fundacja-pih.pl\/index.php\/wp-json\/wp\/v2\/types\/product"}],"wp:featuredmedia":[{"embeddable":true,"href":"http:\/\/ludzie.fundacja-pih.pl\/index.php\/wp-json\/wp\/v2\/media\/1634"}],"wp:attachment":[{"href":"http:\/\/ludzie.fundacja-pih.pl\/index.php\/wp-json\/wp\/v2\/media?parent=1633"}],"curies":[{"name":"wp","href":"https:\/\/api.w.org\/{rel}","templated":true}]}}