{"id":1640,"date":"2021-01-27T10:03:46","date_gmt":"2021-01-27T10:03:46","guid":{"rendered":"http:\/\/ludzie.fundacja-pih.pl\/?post_type=product&#038;p=1640"},"modified":"2025-05-16T14:14:35","modified_gmt":"2025-05-16T14:14:35","slug":"serwa-ryszard-zgorzelec","status":"publish","type":"product","link":"http:\/\/ludzie.fundacja-pih.pl\/index.php\/product\/serwa-ryszard-zgorzelec\/","title":{"rendered":"Serwa Ryszard (Zgorzelec)"},"content":{"rendered":"<p>Urodzi\u0142 si\u0119 14 sierpnia 1952 roku we Wroc\u0142awiu.<\/p>\n<p>W 1979 roku uko\u0144czy\u0142 studia na Wydziale G\u00f3rniczym Politechniki Wroc\u0142awskiej. W grudniu 1970 roku, jako ucze\u0144 IV LO we Wroc\u0142awiu, namalowa\u0142 na murze szko\u0142y napis w prote\u015bcie przeciwko masakrze robotnik\u00f3w Wybrze\u017ca. W latach 1979 &#8211; 1987 pracowa\u0142 jako majster, konstruktor i technolog w Fabryce Maszyn G\u00f3rnictwa Odkrywkowego Famago w Zgorzelcu. Na prze\u0142omie sierpnia i wrze\u015bnia 1980 roku zainicjowa\u0142 akcj\u0119 wypisywania si\u0119 ze Zwi\u0105zku Zawodowego G\u00f3rnik\u00f3w. Od wrze\u015bnia 1980 roku wst\u0105pi\u0142 do NSZZ \u201eSolidarno\u015b\u0107\u201d. By\u0142 cz\u0142onkiem Komitetu Za\u0142o\u017cycielskiego w Famago, nast\u0119pnie nale\u017ca\u0142 KZ. Jesieni\u0105 tego samego roku wsp\u00f3\u0142organizowa\u0142 bran\u017cowe struktury \u201eS\u201d G\u00f3rnik\u00f3w W\u0119gla Brunatnego. W styczniu  1981 roku za\u0142o\u017cy\u0142 zak\u0142adow\u0105 bibliotek\u0119 wydawnictw niezale\u017cnych, kt\u00f3ra dzia\u0142a\u0142a do 1989 roku. W czerwcu 1981 roku zosta\u0142 delegatem na I WZD Regionu Dolny \u015al\u0105sk. Po wprowadzeniu stanu wojennego, wzi\u0105\u0142 udzia\u0142 w akcji malowania antyre\u017cimowych hase\u0142 na murach oraz w akcjach niszczenia obwieszcze\u0144 og\u0142aszaj\u0105cych stan wojenny. Organizowa\u0142 Msze za Ojczyzn\u0119 w zgorzeleckich ko\u015bcio\u0142ach \u015bw. Bonifacego i \u015bw. Jana Chrzciciela. Od lutego 1982 roku do grudnia 1987 roku przewodniczy\u0142 TKZ w Famago. W latach 1982 &#8211; 1987 nale\u017ca\u0142 do 3-osobowej Komisji Koordynacyjnej \u201eS\u201d Ziemi Zgorzeleckiej, obejmuj\u0105cej zak\u0142ady Zgorzelca, Kopalni\u0119 W\u0119gla Brunatnego Tur\u00f3w i Elektrowni\u0119 Tur\u00f3w w Bogatyni. W latach 1982 -1987 by\u0142 zaprzysi\u0119\u017conym cz\u0142onkiem \u201eSolidarno\u015bci Walcz\u0105cej\u201d i liderem zgorzeleckiego oddzia\u0142u SW. W kwietniu 1982 roku wyda\u0142 1 numer podziemnego pisma \u201eJajco\u201d przygotowanego przez Stanis\u0142awa Mari\u0119 Mittka. Uczestniczy\u0142 w szkoleniu z zakresu druku. 31 sierpnia 1982 roku wsp\u00f3\u0142organizowa\u0142 patriotyczn\u0105 demonstracj\u0119 w Zgorzelcu. W latach 1982 \u2013 1983, razem z Janem Skowro\u0144skim, organizowa\u0142 i uczestniczy\u0142 w emisji audycji Radia Solidarno\u015b\u0107 Walcz\u0105ca w Zgorzelcu. W 1982 roku zosta\u0142 wsp\u00f3\u0142za\u0142o\u017cycielem &#8211; a do 1986 roku  by\u0142 redaktorem naczelnym, autorem (ps. \u201eAbsolwent\u201d) i drukarzem  -podziemnego zak\u0142adowego pisma SW \u201eFama\u201d. Wsp\u00f3\u0142pracowa\u0142 z TKZ KWB w Be\u0142chatowie oraz niekt\u00f3rymi TKZ zak\u0142ad\u00f3w w Boles\u0142awcu i Pie\u0144sku. Kolportowa\u0142 wydawnictwa SW w j\u0119zyku czeskim na przygraniczne obszary NRD i Czechos\u0142owacji. Od grudnia 1981 roku do grudnia 1987 roku, by\u0142 zaanga\u017cowany w kolporta\u017c prasy podziemnej RKS \u201eS\u201d Dolny \u015al\u0105sk (kontakt m.in. przez S\u0142awomira Borysionka, Ma\u0142gorzat\u0119 i Arkadiusza Dobrowolskich, Ma\u0142gorzat\u0119 Ostaszkiewicz) i SW (kontakt przez S.M. Mittka i Jerzego Pietraszk\u0119) w tym m.in. \u201eZ Dnia na Dzie\u0144\u201d, \u201eSolidarno\u015bci Walcz\u0105cej\u201d, \u201eRepliki\u201d, \u201eFamy\u201d, \u201eZgorzeliny\u201d, \u201eTygodnika Mazowsze\u201d, \u201eBiuletynu Dolno\u015bl\u0105skiego\u201d. Sprowadza\u0142 materia\u0142y poligraficzne oraz ksi\u0105\u017cki z Wroc\u0142awia i Warszawy. 24 kwietnia 1985 roku zosta\u0142 aresztowany. By\u0142 przetrzymywany w areszcie RUSW w Zgorzelcu i Lubaniu. 25 maja 1985 roku zosta\u0142 zwolniony. 19 sierpnia 1985 roku wyrokiem S\u0105du Rejonowego w Zgorzelcu skazano go w trybie nakazowym na kar\u0119 dw\u00f3ch lata pozbawienia wolno\u015bci. W wyniku pisanych odwo\u0142a\u0144 od wyroku nie trafi\u0142 do wi\u0119zienia. We wrze\u015bniu 1986 roku zosta\u0142 obj\u0119ty amnesti\u0105. W grudniu 1987 roku wyemigrowa\u0142 do RFN. W latach 1988 &#8211; 1989 w Saarbr\u00fccken, wydawa\u0142 pismo \u201eSolidarno\u015b\u0107 Walcz\u0105ca\u201d oraz ulotki dla emigracji polskiej, kolportowane w polskich parafiach. Do 20 listopada 1985 roku by\u0142 rozpracowywany przez p. III RUSW w Zgorzelcu w ramach SOR o kryptonimie \u201eMaj\u201d.<\/p>\n","protected":false},"excerpt":{"rendered":"<p>Urodzi\u0142 si\u0119 14 sierpnia 1952 roku we Wroc\u0142awiu. W 1979 roku uko\u0144czy\u0142 studia na Wydziale G\u00f3rniczym Politechniki Wroc\u0142awskiej. W grudniu 1970 roku, jako ucze\u0144 IV LO we Wroc\u0142awiu, namalowa\u0142 na murze szko\u0142y napis w prote\u015bcie przeciwko masakrze robotnik\u00f3w Wybrze\u017ca. W latach 1979 &#8211; 1987 pracowa\u0142 jako majster, konstruktor i technolog w Fabryce Maszyn G\u00f3rnictwa Odkrywkowego [&hellip;]<\/p>\n","protected":false},"featured_media":1641,"template":"","meta":[],"_links":{"self":[{"href":"http:\/\/ludzie.fundacja-pih.pl\/index.php\/wp-json\/wp\/v2\/product\/1640"}],"collection":[{"href":"http:\/\/ludzie.fundacja-pih.pl\/index.php\/wp-json\/wp\/v2\/product"}],"about":[{"href":"http:\/\/ludzie.fundacja-pih.pl\/index.php\/wp-json\/wp\/v2\/types\/product"}],"wp:featuredmedia":[{"embeddable":true,"href":"http:\/\/ludzie.fundacja-pih.pl\/index.php\/wp-json\/wp\/v2\/media\/1641"}],"wp:attachment":[{"href":"http:\/\/ludzie.fundacja-pih.pl\/index.php\/wp-json\/wp\/v2\/media?parent=1640"}],"curies":[{"name":"wp","href":"https:\/\/api.w.org\/{rel}","templated":true}]}}