{"id":1658,"date":"2021-02-01T09:22:13","date_gmt":"2021-02-01T09:22:13","guid":{"rendered":"http:\/\/ludzie.fundacja-pih.pl\/?post_type=product&#038;p=1658"},"modified":"2025-05-16T14:14:41","modified_gmt":"2025-05-16T14:14:41","slug":"laszczyk-stanislaw","status":"publish","type":"product","link":"http:\/\/ludzie.fundacja-pih.pl\/index.php\/product\/laszczyk-stanislaw\/","title":{"rendered":"\u0141aszczyk Stanis\u0142aw"},"content":{"rendered":"<p>ur. 28 stycznia 1935 w Kwapince, zmar\u0142 6 pa\u017adziernika 2020<\/p>\n<p>Rolnik, mi\u0142o\u015bnik i hodowca koni arabskich. Aktywny dzia\u0142acz &#8220;Solidarno\u015bci\u201d Rolnik\u00f3w Indywidualnych w strukturach wiejskich i gminnych do 13 grudnia 1981. Po rozpocz\u0119ciu stanu wojennego zwi\u0105za\u0142 si\u0119 z konspiracyjnymi strukturami Porozumienia Prasowego &#8220;Solidarno\u015b\u0107 Zwyci\u0119\u017cy&#8221; (1983), Og\u00f3lnopolskiego Komitetu Oporu Rolnik\u00f3w (od 1983, cz\u0142onek zaprzysi\u0119\u017cony, terenowy koordynator wyznaczony przez Piotra Hlebowicza). Bra\u0142 udzia\u0142 w konspiracyjnych spotkaniach u Ojc\u00f3w Cysters\u00f3w w Krakowie &#8211; Mogile pod przykrywk\u0105 &#8220;Dni skupienia Rolnik\u00f3w&#8221; (spotkania odbywa\u0142y si\u0119 regularnie a\u017c do roku 1989). W 1985 roku rozpoczyna \u015bcis\u0142\u0105 wsp\u00f3\u0142prac\u0119 z Krakowskim Oddzia\u0142em &#8220;Solidarno\u015bci Walcz\u0105cej&#8221; (Marian Stachniuk i Piotr Hlebowicz), w 1986 zosta\u0142 cz\u0142onkiem zaprzysi\u0119\u017conym SW. Stworzy\u0142 w\u0142asn\u0105 sie\u0107 kolporta\u017cow\u0105, kolportuje w \u015brodowisku wiejskim spore ilo\u015bci prasy podziemnej (\u201eSolidarno\u015b\u0107 Zwyci\u0119\u017cy\u201d, \u201eSolidarno\u015b\u0107 Rolnik\u00f3w\u201d, \u201eSolidarno\u015b\u0107 Walcz\u0105ca\u201d, \u201eKurierek B\u201d i inne), ulotki, ksi\u0105\u017cki. Pras\u0119 niezale\u017cn\u0105 rozwozi\u0142 do odbiorc\u00f3w wierzchem konno \u2013 przez pola i bezdro\u017ca, co uniemo\u017cliwia\u0142o \u015bledzenie go przez SB. Zbiera\u0142 sk\u0142adki pieni\u0119\u017cne na cele konspiracyjne, gromadzi\u0142 papier dla drukarni &#8220;Wilno&#8221; im. gen. Okulickiego &#8211; &#8220;Nied\u017awiadka&#8221; (posiad\u0142o\u015b\u0107 Hlebowicz\u00f3w w Zag\u00f3rzanach). Wsp\u00f3\u0142organizowa\u0142 uroczysto\u015bci patriotyczne typu 3 maja, 11 listopada, 15 sierpnia na swoim terenie pod auspicjami ko\u015bcio\u0142a. Po 1988 roku delegat na zjazdy krajowe i wojew\u00f3dzkie &#8220;Solidarno\u015bci&#8221; Rolnik\u00f3w Indywidualnych.<\/p>\n<p>Krzy\u017c Kawalerski OOP, Krzy\u017c Wolno\u015bci i Solidarno\u015bci, Krzy\u017c \u201eSolidarno\u015bci Walcz\u0105cej\u201d, Medal 100.lecia Odzyskania Niepodleg\u0142o\u015bci.<\/p>\n","protected":false},"excerpt":{"rendered":"<p>ur. 28 stycznia 1935 w Kwapince, zmar\u0142 6 pa\u017adziernika 2020 Rolnik, mi\u0142o\u015bnik i hodowca koni arabskich. Aktywny dzia\u0142acz &#8220;Solidarno\u015bci\u201d Rolnik\u00f3w Indywidualnych w strukturach wiejskich i gminnych do 13 grudnia 1981. Po rozpocz\u0119ciu stanu wojennego zwi\u0105za\u0142 si\u0119 z konspiracyjnymi strukturami Porozumienia Prasowego &#8220;Solidarno\u015b\u0107 Zwyci\u0119\u017cy&#8221; (1983), Og\u00f3lnopolskiego Komitetu Oporu Rolnik\u00f3w (od 1983, cz\u0142onek zaprzysi\u0119\u017cony, terenowy koordynator wyznaczony [&hellip;]<\/p>\n","protected":false},"featured_media":1659,"template":"","meta":[],"_links":{"self":[{"href":"http:\/\/ludzie.fundacja-pih.pl\/index.php\/wp-json\/wp\/v2\/product\/1658"}],"collection":[{"href":"http:\/\/ludzie.fundacja-pih.pl\/index.php\/wp-json\/wp\/v2\/product"}],"about":[{"href":"http:\/\/ludzie.fundacja-pih.pl\/index.php\/wp-json\/wp\/v2\/types\/product"}],"wp:featuredmedia":[{"embeddable":true,"href":"http:\/\/ludzie.fundacja-pih.pl\/index.php\/wp-json\/wp\/v2\/media\/1659"}],"wp:attachment":[{"href":"http:\/\/ludzie.fundacja-pih.pl\/index.php\/wp-json\/wp\/v2\/media?parent=1658"}],"curies":[{"name":"wp","href":"https:\/\/api.w.org\/{rel}","templated":true}]}}