{"id":1664,"date":"2021-02-01T09:29:12","date_gmt":"2021-02-01T09:29:12","guid":{"rendered":"http:\/\/ludzie.fundacja-pih.pl\/?post_type=product&#038;p=1664"},"modified":"2025-05-16T14:14:42","modified_gmt":"2025-05-16T14:14:42","slug":"teliga-jozef","status":"publish","type":"product","link":"http:\/\/ludzie.fundacja-pih.pl\/index.php\/product\/teliga-jozef\/","title":{"rendered":"Teliga J\u00f3zef"},"content":{"rendered":"<p>Urodzi\u0142 si\u0119 9 wrze\u015bnia 1914 roku w Sarniej Zwoli\/k. Opatowa, zm. 26 grudnia 2007 roku we W\u0142oszczowie.<\/p>\n<p>W 1935 roku uko\u0144czy\u0142 Seminarium Nauczycielskie w Kielcach, nast\u0119pnie studiowa\u0142 histori\u0119 na Uniwersytecie Jagiello\u0144skim. W 1958 roku zosta\u0142 absolwentem studi\u00f3w zaocznych w Wy\u017cszej Szkole Rolniczej w Krakowie, w 1964 uzyska\u0142 magisterium z zakresu pedagogiki rolniczej w Szkole G\u0142\u00f3wnej Gospodarstwa Wiejskiego w Warszawie. W latach 1935 \u2013 1945 pracowa\u0142 jako nauczyciel. By\u0142 \u017co\u0142nierzem S\u0142u\u017cby Zwyci\u0119stwu Polski, ZWZ i AK. W latach 1943 -1945 szefowa\u0142 ekspozyturze wywiadu AK w Radomiu. W latach 1945 &#8211; 1946 pe\u0142ni\u0142 funkcj\u0119 szefa wywiadu WiN w Okr\u0119gu Kielecko-Radomskim. We wrze\u015bniu 1980 roku wst\u0105pi\u0142 do NSZZ \u201eSolidarno\u015bci\u201d, nale\u017ca\u0142 do MKZ Kielce, wsp\u00f3\u0142organizowa\u0142 Solidarno\u015b\u0107 Wiejsk\u0105 na Kielecczy\u017anie. W styczniu 1981 roku wspiera\u0142 rolnik\u00f3w strajkuj\u0105cych w Urz\u0119dzie Miasta i Gminy w Ustrzykach Dolnych. Od lutego tego samego roku wchodzi\u0142 w sk\u0142ad KKP NSZZ RI \u201eS\u201d, przewodniczy\u0142 te\u017c Wojew\u00f3dzkiemu Komitetowi Za\u0142o\u017cycielskiemu NSZZ RI \u201eS\u201d w Kielcach. By\u0142 cz\u0142onkiem Prezydium Og\u00f3lnopolskiego Komitetu Za\u0142o\u017cycielskiego. We wrze\u015bniu 1981 roku zosta\u0142 sygnatariusz deklaracji za\u0142o\u017cycielskiej Klub\u00f3w S\u0142u\u017cby Niepodleg\u0142o\u015bci. Po wprowadzeniu stanu wojennego, 13 grudnia 1981 roku, ukrywa\u0142 si\u0119 w Warszawie i Krakowie. W 1982 roku by\u0142 wsp\u00f3\u0142za\u0142o\u017cycielem Og\u00f3lnopolskiego Komitetu Oporu Rolnik\u00f3w (sygnowa\u0142 swoim nazwiskiem dokumenty OKOR). By\u0142 r\u00f3wnie\u017c wsp\u00f3\u0142pracownikiem \u201eSolidarno\u015bci Walcz\u0105cej\u201d. 11 grudnia 1983 roku zosta\u0142 zatrzymany w Warszawie i osadzony w Areszcie \u015aledczym Warszawa-Mokot\u00f3w. J\u00f3zefa Telig\u0119 zwolniono 8 maja 1984 roku. 15 wrze\u015bnia 1985 roku zosta\u0142 ponownie aresztowany pod zarzutem m.in. szpiegostwa. Ponownie osadzono go w Areszcie \u015aledczym Warszawa-Mokot\u00f3w. By\u0142 wi\u0119ziony bez procesu do wrze\u015bnia 1986 roku. Zosta\u0142 zwolniony na mocy amnestii. Nale\u017ca\u0142 do jawnego Konwentu Senior\u00f3w Ruchu Ludowego, Krajowej Rady Rolnik\u00f3w \u201eS\u201d. W 1987 roku wsp\u00f3\u0142tworzy\u0142 Niezale\u017cny Ruch Ludowy \u201eS\u201d. By\u0142 przeciwnikiem rozm\u00f3w Okr\u0105g\u0142ego Sto\u0142u i tzw. kontraktowych wybor\u00f3w do Sejmu. W 1989 by\u0142 organizatorem i czo\u0142owym dzia\u0142aczem Stowarzyszenia Polskich Kombatant\u00f3w. <\/p>\n","protected":false},"excerpt":{"rendered":"<p>Urodzi\u0142 si\u0119 9 wrze\u015bnia 1914 roku w Sarniej Zwoli\/k. Opatowa, zm. 26 grudnia 2007 roku we W\u0142oszczowie. W 1935 roku uko\u0144czy\u0142 Seminarium Nauczycielskie w Kielcach, nast\u0119pnie studiowa\u0142 histori\u0119 na Uniwersytecie Jagiello\u0144skim. W 1958 roku zosta\u0142 absolwentem studi\u00f3w zaocznych w Wy\u017cszej Szkole Rolniczej w Krakowie, w 1964 uzyska\u0142 magisterium z zakresu pedagogiki rolniczej w Szkole G\u0142\u00f3wnej [&hellip;]<\/p>\n","protected":false},"featured_media":1665,"template":"","meta":[],"_links":{"self":[{"href":"http:\/\/ludzie.fundacja-pih.pl\/index.php\/wp-json\/wp\/v2\/product\/1664"}],"collection":[{"href":"http:\/\/ludzie.fundacja-pih.pl\/index.php\/wp-json\/wp\/v2\/product"}],"about":[{"href":"http:\/\/ludzie.fundacja-pih.pl\/index.php\/wp-json\/wp\/v2\/types\/product"}],"wp:featuredmedia":[{"embeddable":true,"href":"http:\/\/ludzie.fundacja-pih.pl\/index.php\/wp-json\/wp\/v2\/media\/1665"}],"wp:attachment":[{"href":"http:\/\/ludzie.fundacja-pih.pl\/index.php\/wp-json\/wp\/v2\/media?parent=1664"}],"curies":[{"name":"wp","href":"https:\/\/api.w.org\/{rel}","templated":true}]}}