{"id":1671,"date":"2021-02-01T09:44:44","date_gmt":"2021-02-01T09:44:44","guid":{"rendered":"http:\/\/ludzie.fundacja-pih.pl\/?post_type=product&#038;p=1671"},"modified":"2025-05-16T14:14:43","modified_gmt":"2025-05-16T14:14:43","slug":"tarnawska-wiejacha-ewa","status":"publish","type":"product","link":"http:\/\/ludzie.fundacja-pih.pl\/index.php\/product\/tarnawska-wiejacha-ewa\/","title":{"rendered":"Tarnawska &#8211; Wiejacha Ewa"},"content":{"rendered":"<p>Urodzi\u0142a si\u0119 29 marca 1945 w Krakowie.<\/p>\n<p>Adwokat. Absolwentka Wydzia\u0142u Prawa Uniwersytetu Jagielo\u0144skiego w Krakowie. Od chwili og\u0142oszenia stanu wojennego udziela\u0142a schronienia w swoim domu poszukiwanym przez SB dzia\u0142aczom Solidarno\u015bci w tym mi\u0119dzy innymi Jerzemu Karpi\u0144czykowi, Janowi Seniowi i Piotrowi Bielawskiemu. W jej domu bywali r\u00f3wnie\u017c zagro\u017ceni utrat\u0105 wolno\u015bci J\u00f3zef Mroczek i Stefan Morawiecki. Od pocz\u0105tku 1982 roku pe\u0142ni\u0142a funkcj\u0119 kuriera pomi\u0119dzy jednostkami podziemnej Solidarno\u015bci ma\u0142opolskiej, a Poznaniem, Wroc\u0142awiem, Lublinem, Warszaw\u0105 i Gda\u0144skiem. W jej domu funkcjonowa\u0142a podziemna drukarnia. Ewa Wiejacha \u2013 Tarnawska kolportowa\u0142a pras\u0119 podziemn\u0105 i jako pierwsza w Ma\u0142opolsce, w lipcu 1982 roku, nawi\u0105za\u0142a bezpo\u015bredni kontakt z organizacj\u0105 Kornela Morawieckiego we Wroc\u0142awiu. W marcu 1983 roku odtwarza\u0142a struktury ma\u0142opolskiej organizacji \u201eSolidarno\u015b\u0107 Rolnik\u00f3w Indywidualnych\u201d nawi\u0105zuj\u0105c bezpo\u015bredni kontakt z Piotrem Hlebowiczem, jak r\u00f3wnie\u017c z dzia\u0142aczami Solidarno\u015bci RI w miejscowo\u015bci Grusz\u00f3w, Tymbark i okolicach. Struktury te w wi\u0119kszo\u015bci zosta\u0142y wch\u0142oni\u0119te przez konspiracyjn\u0105 struktur\u0119 pod nazw\u0105 Og\u00f3lnopolski Komitet Oporu Rolnik\u00f3w (m. in. J\u00f3zef Teliga, J\u00f3zef Baran, Wie\u0144czys\u0142aw Nowacki, Janusz Szkutnik, Katarzyna Biela\u0144ska, Stanis\u0142aw Kosch, Jerzy i Piotr Hlebowicze, Ewa i Stanis\u0142aw Pietruszkowie). W domu letnim Ewy Wiejachy &#8211; Tarnawskiej w Gruszowie funkcjonowa\u0142a dodatkowa drukarnia wydawnictw podziemnych. Po jakim\u015b czasie zosta\u0142a ona przeniesiona do tzw. bunkra u rodziny Hlebowicz\u00f3w w Zag\u00f3rzanach. W latach 1982 \u2013 1989 by\u0142a cz\u0142onkiem struktury podziemnej Porozumienie Prasowa \u201eSolidarno\u015b\u0107 Zwyci\u0119\u017cy\u201d. W latach 1985 \u2013 1989 \u015bci\u015ble wsp\u00f3\u0142pracowa\u0142a z krakowskim oddzia\u0142em \u201eSolidarno\u015bci Walcz\u0105cej\u201d. Bra\u0142a udzia\u0142 w antyre\u017cimowych manifestacjach na terenie Krakowa, Wroc\u0142awia, Gda\u0144ska oraz Katowic. W trakcie jednej z nich zosta\u0142a dotkliwie pobita. <\/p>\n","protected":false},"excerpt":{"rendered":"<p>Urodzi\u0142a si\u0119 29 marca 1945 w Krakowie. Adwokat. Absolwentka Wydzia\u0142u Prawa Uniwersytetu Jagielo\u0144skiego w Krakowie. Od chwili og\u0142oszenia stanu wojennego udziela\u0142a schronienia w swoim domu poszukiwanym przez SB dzia\u0142aczom Solidarno\u015bci w tym mi\u0119dzy innymi Jerzemu Karpi\u0144czykowi, Janowi Seniowi i Piotrowi Bielawskiemu. W jej domu bywali r\u00f3wnie\u017c zagro\u017ceni utrat\u0105 wolno\u015bci J\u00f3zef Mroczek i Stefan Morawiecki. Od [&hellip;]<\/p>\n","protected":false},"featured_media":1672,"template":"","meta":[],"_links":{"self":[{"href":"http:\/\/ludzie.fundacja-pih.pl\/index.php\/wp-json\/wp\/v2\/product\/1671"}],"collection":[{"href":"http:\/\/ludzie.fundacja-pih.pl\/index.php\/wp-json\/wp\/v2\/product"}],"about":[{"href":"http:\/\/ludzie.fundacja-pih.pl\/index.php\/wp-json\/wp\/v2\/types\/product"}],"wp:featuredmedia":[{"embeddable":true,"href":"http:\/\/ludzie.fundacja-pih.pl\/index.php\/wp-json\/wp\/v2\/media\/1672"}],"wp:attachment":[{"href":"http:\/\/ludzie.fundacja-pih.pl\/index.php\/wp-json\/wp\/v2\/media?parent=1671"}],"curies":[{"name":"wp","href":"https:\/\/api.w.org\/{rel}","templated":true}]}}