{"id":1692,"date":"2021-02-01T10:45:35","date_gmt":"2021-02-01T10:45:35","guid":{"rendered":"http:\/\/ludzie.fundacja-pih.pl\/?post_type=product&#038;p=1692"},"modified":"2025-05-16T14:14:47","modified_gmt":"2025-05-16T14:14:47","slug":"lubanska-stefania","status":"publish","type":"product","link":"http:\/\/ludzie.fundacja-pih.pl\/index.php\/product\/lubanska-stefania\/","title":{"rendered":"Luba\u0144ska Stefania"},"content":{"rendered":"<p>Urodzi\u0142a si\u0119 26 listopada 1947 w Bia\u0142ej Podlaskiej.<\/p>\n<p>W 1971 roku uko\u0144czy\u0142a studia historyczne na Uniwersytecie Marii Curie \u2013 Sk\u0142odowskiej w Lublinie, a w 1975 roku studia filozoficzne na Uniwersytecie Jagiello\u0144skim w Krakowie. W 1986 roku uzyska\u0142a stopie\u0144 doktora. Pracowa\u0142a jako adiunkt w Instytucie Filozofii i Socjologii Uniwersytetu Pedagogicznego w Krakowie. W 1986 zosta\u0142a usuni\u0119ta z uczelni. W latach 1986 \u2013 1989 by\u0142a zatrudniona na umow\u0119 zlecenie w Instytucie Filozofii UJ, w Studium Nauk Spo\u0142ecznych Akademii Medycznej oraz w Studium Nauk Spo\u0142ecznych AWF. W latach 1987 \u2013 2008 pracowa\u0142a jako kurator zawodowy w S\u0105dzie Rodzinnym w Krakowie. Zosta\u0142a przywr\u00f3cona do pracy w 1993 roku, na wniosek uczelnianej \u201eSolidarno\u015bci\u201d na WSP w Krakowie. Obecnie na emeryturze. W 1980 roku wst\u0105pi\u0142a do NSZZ \u201eSolidarno\u015b\u0107\u201d. Po wprowadzeniu stanu wojennego dzia\u0142a\u0142a w strukturach podziemnej \u201eSolidarno\u015bci\u201d i wsp\u00f3\u0142pracowa\u0142a z Og\u00f3lnopolskim Komitetem Oporu Rolnik\u00f3w (J\u00f3zef Teliga, J\u00f3zef Baran), z Porozumieniem Prasowym \u201eSolidarno\u015b\u0107 Zwyci\u0119\u017cy\u201d, krakowskim oddzia\u0142em \u201eSolidarno\u015bci Walcz\u0105cej\u201d (Marian Stachniuk, Piotr Hlebowicz) oraz z redakcjami biuletyn\u00f3w \u201eSolidarno\u015b\u0107 Rolnik\u00f3w\u201d i \u201eSolidarny Podlasiak\u201d. By\u0142a tak\u017ce zaanga\u017cowana w kolporta\u017c wydawnictw podziemnych. Udziela\u0142a pomocy ukrywaj\u0105cym si\u0119, udost\u0119pnia\u0142a mieszkanie na tzw. skrzynk\u0119 kontaktow\u0105. Zatrzymana w przez MSW PRL podczas wizyty Jana Paw\u0142a II w Cz\u0119stochowie. Stefania Luba\u0144ska zosta\u0142a odznaczona Srebrnym Krzy\u017cem Zas\u0142ugi oraz Krzy\u017cem Wolno\u015bci i Solidarno\u015bci.<\/p>\n","protected":false},"excerpt":{"rendered":"<p>Urodzi\u0142a si\u0119 26 listopada 1947 w Bia\u0142ej Podlaskiej. W 1971 roku uko\u0144czy\u0142a studia historyczne na Uniwersytecie Marii Curie \u2013 Sk\u0142odowskiej w Lublinie, a w 1975 roku studia filozoficzne na Uniwersytecie Jagiello\u0144skim w Krakowie. W 1986 roku uzyska\u0142a stopie\u0144 doktora. Pracowa\u0142a jako adiunkt w Instytucie Filozofii i Socjologii Uniwersytetu Pedagogicznego w Krakowie. W 1986 zosta\u0142a usuni\u0119ta [&hellip;]<\/p>\n","protected":false},"featured_media":1693,"template":"","meta":[],"_links":{"self":[{"href":"http:\/\/ludzie.fundacja-pih.pl\/index.php\/wp-json\/wp\/v2\/product\/1692"}],"collection":[{"href":"http:\/\/ludzie.fundacja-pih.pl\/index.php\/wp-json\/wp\/v2\/product"}],"about":[{"href":"http:\/\/ludzie.fundacja-pih.pl\/index.php\/wp-json\/wp\/v2\/types\/product"}],"wp:featuredmedia":[{"embeddable":true,"href":"http:\/\/ludzie.fundacja-pih.pl\/index.php\/wp-json\/wp\/v2\/media\/1693"}],"wp:attachment":[{"href":"http:\/\/ludzie.fundacja-pih.pl\/index.php\/wp-json\/wp\/v2\/media?parent=1692"}],"curies":[{"name":"wp","href":"https:\/\/api.w.org\/{rel}","templated":true}]}}