{"id":1700,"date":"2021-02-01T10:55:33","date_gmt":"2021-02-01T10:55:33","guid":{"rendered":"http:\/\/ludzie.fundacja-pih.pl\/?post_type=product&#038;p=1700"},"modified":"2025-05-16T14:14:49","modified_gmt":"2025-05-16T14:14:49","slug":"ochel-krzysztof","status":"publish","type":"product","link":"http:\/\/ludzie.fundacja-pih.pl\/index.php\/product\/ochel-krzysztof\/","title":{"rendered":"Ochel Krzysztof"},"content":{"rendered":"<p>Urodzi\u0142 si\u0119 8 stycznia 1964 roku w Bochni, zm. 7 pa\u017adziernika 1997 roku w Krakowie.<\/p>\n<p>Elektromechanik. W 1981 roku uko\u0144czy\u0142 ZSZ przy Hucie im. Lenina w Nowej Hucie. W latach 1981 &#8211; 1997 by\u0142 zatrudniony w Zak\u0142adzie Remontowo \u2013 Us\u0142ugowym przy Klubie Sportowym Hutnik w<br \/>\nKrakowie. Po wprowadzeniu stanu wojennego, zaanga\u017cowa\u0142 si\u0119 w kolporta\u017c wydawnictw podziemnych i bra\u0142 udzia\u0142 w akcjach ulotkowych. Od 1984 roku nale\u017ca\u0142 do Porozumienia Prasowego \u201eSolidarno\u015b\u0107 Zwyci\u0119\u017cy\u201d. Uczestniczy\u0142 w antyre\u017cimowych demonstracjach. Nale\u017ca\u0142 do Federacji M\u0142odzie\u017cy Walcz\u0105cej. W 1985 roku wst\u0105pi\u0142 do krakowskiego oddzia\u0142u \u201eSolidarno\u015bci Walcz\u0105cej\u201d i by\u0142 jej zaprzysi\u0119\u017conym cz\u0142onkiem. Bra\u0142 udzia\u0142 w nieudanej akcji rozmieszczenia w przededniu 1 maja 1986 roku wyrzutni prochowych na dachu jednej z kamienic Rynku G\u0142\u00f3wnego w Krakowie za co 5 wrze\u015bnia 1986 roku zosta\u0142 aresztowany. By\u0142 przetrzymywany w Areszcie \u015aledczym w Krakowie. 25 kwietnia 1987 roku zosta\u0142 zwolniony. Po wyj\u015bciu z aresztu zosta\u0142 jawnym przedstawicielem krakowskiego oddzia\u0142u \u201eSolidarno\u015bci Walcz\u0105cej\u201d. W 2007 roku zosta\u0142 po\u015bmiertnie odznaczony Krzy\u017cem Kawalerskim Orderu Odrodzenia Polski.<\/p>\n","protected":false},"excerpt":{"rendered":"<p>Urodzi\u0142 si\u0119 8 stycznia 1964 roku w Bochni, zm. 7 pa\u017adziernika 1997 roku w Krakowie. Elektromechanik. W 1981 roku uko\u0144czy\u0142 ZSZ przy Hucie im. Lenina w Nowej Hucie. W latach 1981 &#8211; 1997 by\u0142 zatrudniony w Zak\u0142adzie Remontowo \u2013 Us\u0142ugowym przy Klubie Sportowym Hutnik w Krakowie. Po wprowadzeniu stanu wojennego, zaanga\u017cowa\u0142 si\u0119 w kolporta\u017c wydawnictw [&hellip;]<\/p>\n","protected":false},"featured_media":1702,"template":"","meta":[],"_links":{"self":[{"href":"http:\/\/ludzie.fundacja-pih.pl\/index.php\/wp-json\/wp\/v2\/product\/1700"}],"collection":[{"href":"http:\/\/ludzie.fundacja-pih.pl\/index.php\/wp-json\/wp\/v2\/product"}],"about":[{"href":"http:\/\/ludzie.fundacja-pih.pl\/index.php\/wp-json\/wp\/v2\/types\/product"}],"wp:featuredmedia":[{"embeddable":true,"href":"http:\/\/ludzie.fundacja-pih.pl\/index.php\/wp-json\/wp\/v2\/media\/1702"}],"wp:attachment":[{"href":"http:\/\/ludzie.fundacja-pih.pl\/index.php\/wp-json\/wp\/v2\/media?parent=1700"}],"curies":[{"name":"wp","href":"https:\/\/api.w.org\/{rel}","templated":true}]}}