{"id":1708,"date":"2021-02-01T11:11:44","date_gmt":"2021-02-01T11:11:44","guid":{"rendered":"http:\/\/ludzie.fundacja-pih.pl\/?post_type=product&#038;p=1708"},"modified":"2025-05-16T14:14:51","modified_gmt":"2025-05-16T14:14:51","slug":"nowak-edward-zbigniew","status":"publish","type":"product","link":"http:\/\/ludzie.fundacja-pih.pl\/index.php\/product\/nowak-edward-zbigniew\/","title":{"rendered":"Nowak Edward Zbigniew"},"content":{"rendered":"<p>ur. 17 stycznia 1956 w Krakowie<\/p>\n<p>Edward Zbigniew Nowak, ps. &#8220;Siwy&#8221;, 16 grudnia 1981 aresztowany pomy\u0142kowo (ze wzgl\u0119du na zbie\u017cno\u015b\u0107 nazwisk ze znanym dzia\u0142aczem Nowohuckiej &#8220;Solidarno\u015bci&#8221; Edwardem Nowakiem, po wyja\u015bnieniu nieporozumienia \u2013 wypuszczony.) w 1982 zwi\u0105za\u0142 si\u0119 z Porozumieniem Prasowym &#8220;Solidarno\u015b\u0107 Zwyci\u0119\u017cy&#8221; (Marian Stachniuk, Piotr Hlebowicz). Do 1984 razem z W\u0142adys\u0142awem G\u0142ow\u0105 wsp\u00f3\u0142tworzy siatk\u0119 kolporta\u017cow\u0105 Porozumienia Prasowego &#8220;Solidarno\u015b\u0107 Zwyci\u0119\u017cy&#8221; na terenie \u00f3wczesnego kombinatu metalurgicznego (HiL) w Krakowie \u2013 Nowej Hucie. W 1983\/84 pomaga w przygotowaniu bunkra \u2013 drukarni &#8220;Wilno&#8221; im. genera\u0142a Leopolda Okulickiego &#8211; &#8220;Nied\u017awiadka&#8221; do stanu funkcjonowania \u2013 zajmuje si\u0119 instalacj\u0105 elektryczn\u0105 oraz systemem odwodnienia, gdy\u017c po deszczach w bunkrze bywa\u0142y silne przecieki. Po uruchomieniu drukarni \u2013 sta\u0142y drukarz (a\u017c do 1990 roku), wraz z Piotrem Hlebowiczem drukuj\u0105 &#8220;Solidarno\u015b\u0107 Zwyci\u0119\u017cy&#8221; (potem &#8220;Solidarno\u015b\u0107 Walcz\u0105ca \u2013 Zwyci\u0119\u017cy&#8221;, a nast\u0119pnie &#8220;Solidarno\u015b\u0107 Walcz\u0105ca&#8221; Oddzia\u0142 Krakowski, razem 147 numer\u00f3w), &#8220;Niepodleg\u0142o\u015b\u0107&#8221; (LDP &#8211; \u201eN\u201d), &#8220;Kurierek B&#8221; (TKW Bochnia \u2013 Tarn\u00f3w \u2013 Brzesko) i wiele innych tytu\u0142\u00f3w. W maju 1988 drukarnia &#8220;Wilno&#8221; intensywnie pracowa\u0142a na potrzeby strajku w Nowej Hucie przez wiele dni bez odpoczynku. Od 1986 roku Edward Nowak jest cz\u0142onkiem zaprzysi\u0119\u017conym Krakowskiego Oddzia\u0142u &#8220;Solidarno\u015bci Walcz\u0105cej&#8221;. Absolwent Chrze\u015bcija\u0144skiego Uniwersytetu Robotniczego w Mistrzejowicach (u ks. Kazimierza Jancarza).<\/p>\n<p>Krzy\u017c Oficerski OOP, Krzy\u017c Wolno\u015bci i Solidarno\u015bci, Krzy\u017c Solidarno\u015bci Walcz\u0105cej.<\/p>\n","protected":false},"excerpt":{"rendered":"<p>ur. 17 stycznia 1956 w Krakowie Edward Zbigniew Nowak, ps. &#8220;Siwy&#8221;, 16 grudnia 1981 aresztowany pomy\u0142kowo (ze wzgl\u0119du na zbie\u017cno\u015b\u0107 nazwisk ze znanym dzia\u0142aczem Nowohuckiej &#8220;Solidarno\u015bci&#8221; Edwardem Nowakiem, po wyja\u015bnieniu nieporozumienia \u2013 wypuszczony.) w 1982 zwi\u0105za\u0142 si\u0119 z Porozumieniem Prasowym &#8220;Solidarno\u015b\u0107 Zwyci\u0119\u017cy&#8221; (Marian Stachniuk, Piotr Hlebowicz). Do 1984 razem z W\u0142adys\u0142awem G\u0142ow\u0105 wsp\u00f3\u0142tworzy siatk\u0119 kolporta\u017cow\u0105 [&hellip;]<\/p>\n","protected":false},"featured_media":1709,"template":"","meta":[],"_links":{"self":[{"href":"http:\/\/ludzie.fundacja-pih.pl\/index.php\/wp-json\/wp\/v2\/product\/1708"}],"collection":[{"href":"http:\/\/ludzie.fundacja-pih.pl\/index.php\/wp-json\/wp\/v2\/product"}],"about":[{"href":"http:\/\/ludzie.fundacja-pih.pl\/index.php\/wp-json\/wp\/v2\/types\/product"}],"wp:featuredmedia":[{"embeddable":true,"href":"http:\/\/ludzie.fundacja-pih.pl\/index.php\/wp-json\/wp\/v2\/media\/1709"}],"wp:attachment":[{"href":"http:\/\/ludzie.fundacja-pih.pl\/index.php\/wp-json\/wp\/v2\/media?parent=1708"}],"curies":[{"name":"wp","href":"https:\/\/api.w.org\/{rel}","templated":true}]}}