{"id":1721,"date":"2021-02-01T11:35:50","date_gmt":"2021-02-01T11:35:50","guid":{"rendered":"http:\/\/ludzie.fundacja-pih.pl\/?post_type=product&#038;p=1721"},"modified":"2025-05-16T14:14:55","modified_gmt":"2025-05-16T14:14:55","slug":"kurnik-stanislaw","status":"publish","type":"product","link":"http:\/\/ludzie.fundacja-pih.pl\/index.php\/product\/kurnik-stanislaw\/","title":{"rendered":"Kurnik Stanis\u0142aw"},"content":{"rendered":"<p>Urodzi\u0142 si\u0119 19 pa\u017adziernika 1951 roku w Maszkienicach (powiat brzeski).<\/p>\n<p>Uko\u0144czy\u0142 Technikum G\u00f3rniczego w Krakowie, studiowa\u0142 histori\u0119 na Uniwersytecie Jagiello\u0144skim. We wrze\u015bniu 1980 roku wst\u0105pi\u0142 do NSZZ \u201eSolidarno\u015b\u0107\u201d, by\u0142 cz\u0142onkiem Komitetu Za\u0142o\u017cycielskiego, a nast\u0119pnie do marca 1981 roku jego przewodnicz\u0105cym, w Zak\u0142adzie Przetw\u00f3rstwa Hutniczego (filia HIL) w Bochni. W marcu 1981  roku wszed\u0142 w sk\u0142ad KZ \u201eS\u201d w ZPH oraz KRH HiL. 17 wrze\u015bnia tego samego roku, wsp\u00f3\u0142organizowa\u0142 manifestacj\u0119 w Bochni w rocznic\u0119 napa\u015bci ZSRR na Polsk\u0119. Nale\u017ca\u0142 do redakcji pisma \u201eKurierek B\u201d. By\u0142 przes\u0142uchiwany wraz z innymi cz\u0142onkami redakcji w zwi\u0105zku z wydaniem pierwszego numeru po\u015bwi\u0119conego k\u0142amstwu katy\u0144skiemu.<br \/>\nPo wprowadzeniu stanu wojennego, w diach 13 \u2013 15 grudnia 1981 roku, bra\u0142 udzia\u0142 w strajku jako cz\u0142onek Komitetu Strajkowego w ZPH w Bochni Filia HIL. 22 grudnia zosta\u0142 w zwi\u0105zku z tym zatrzymany, a nast\u0119pnie internowany w KM MO w Bochni, KW MO w Tarnowie, p\u00f3\u017aniej w Za\u0142\u0119\u017cu, Uhercach, ponownie w Za\u0142\u0119\u017cu i w Kielcach-Piaskach. Uczestniczy\u0142 w  g\u0142od\u00f3wce w Za\u0142\u0119\u017cu. Z internowania zosta\u0142 zwolniony 15 pa\u017adziernika 1982 roku. Wsp\u00f3\u0142pracowa\u0142 z  Porozumieniem Prasowym \u201eSolidarno\u015b\u0107 Zwyci\u0119\u017cy\u201d oraz z krakowskim oddzia\u0142em \u201eSolidarno\u015bci Walcz\u0105cej\u201d. W mieszkaniu Stanis\u0142awa Kurnika dokonywano rewizji m.in. w lutym 1984 roku tj. po zatrzymaniu cz\u0142onk\u00f3w Tajnej Tarnowskiej Komisji Koordynacyjnej. Stanis\u0142aw Kurnik uczestniczy\u0142 w mszach \u015bw. za Ojczyzn\u0119 w ko\u015bciele w Mistrzejowicach i Pielgrzymkach Ludzi Pracy na Jasn\u0105 G\u00f3r\u0119. By\u0142 sygnatariuszem wniosku KZ \u201eS\u201d ZPH  o rejestracj\u0119 zwi\u0105zku w S\u0105dzie Wojew\u00f3dzkim w Tarnowie. Zosta\u0142 odznaczony Krzy\u017cem Wolno\u015bci i Solidarno\u015bci oraz Medalem Stulecia Odzyskanej Niepodleg\u0142o\u015bci.<\/p>\n","protected":false},"excerpt":{"rendered":"<p>Urodzi\u0142 si\u0119 19 pa\u017adziernika 1951 roku w Maszkienicach (powiat brzeski). Uko\u0144czy\u0142 Technikum G\u00f3rniczego w Krakowie, studiowa\u0142 histori\u0119 na Uniwersytecie Jagiello\u0144skim. We wrze\u015bniu 1980 roku wst\u0105pi\u0142 do NSZZ \u201eSolidarno\u015b\u0107\u201d, by\u0142 cz\u0142onkiem Komitetu Za\u0142o\u017cycielskiego, a nast\u0119pnie do marca 1981 roku jego przewodnicz\u0105cym, w Zak\u0142adzie Przetw\u00f3rstwa Hutniczego (filia HIL) w Bochni. W marcu 1981 roku wszed\u0142 w sk\u0142ad [&hellip;]<\/p>\n","protected":false},"featured_media":1722,"template":"","meta":[],"_links":{"self":[{"href":"http:\/\/ludzie.fundacja-pih.pl\/index.php\/wp-json\/wp\/v2\/product\/1721"}],"collection":[{"href":"http:\/\/ludzie.fundacja-pih.pl\/index.php\/wp-json\/wp\/v2\/product"}],"about":[{"href":"http:\/\/ludzie.fundacja-pih.pl\/index.php\/wp-json\/wp\/v2\/types\/product"}],"wp:featuredmedia":[{"embeddable":true,"href":"http:\/\/ludzie.fundacja-pih.pl\/index.php\/wp-json\/wp\/v2\/media\/1722"}],"wp:attachment":[{"href":"http:\/\/ludzie.fundacja-pih.pl\/index.php\/wp-json\/wp\/v2\/media?parent=1721"}],"curies":[{"name":"wp","href":"https:\/\/api.w.org\/{rel}","templated":true}]}}