{"id":1738,"date":"2021-02-01T12:13:26","date_gmt":"2021-02-01T12:13:26","guid":{"rendered":"http:\/\/ludzie.fundacja-pih.pl\/?post_type=product&#038;p=1738"},"modified":"2025-05-16T14:14:58","modified_gmt":"2025-05-16T14:14:58","slug":"bujak-adam","status":"publish","type":"product","link":"http:\/\/ludzie.fundacja-pih.pl\/index.php\/product\/bujak-adam\/","title":{"rendered":"Bujak Adam"},"content":{"rendered":"<p>Urodzi\u0142 si\u0119 23 stycznia 1960 w Krakowie.<\/p>\n<p>W 1986 roku uko\u0144czy\u0142 studia na Akademii Ekonomicznej w Krakowie. W latach 1987 \u2013 1993 pracowa\u0142 jako ekonomista i kierownik dzia\u0142u ekonomicznego w Przedsi\u0119biorstwie Remontowo Budowlanym Nowa Huta. Od 1981 roku by\u0142 cz\u0142onkiem NZS na AE w Krakowie. W latach 1983 \u2013 1987 nale\u017ca\u0142 do Porozumienia Prasowego \u201eSolidarno\u015b\u0107 Zwyci\u0119\u017cy\u201d. W 1985 sta\u0142 si\u0119 \u015bcis\u0142ym wsp\u00f3\u0142pracownikiem krakowskiego oddzia\u0142u \u201eSolidarno\u015bci Walcz\u0105cej\u201d. Pe\u0142ni\u0142 funkcj\u0119 sta\u0142ego kuriera pomi\u0119dzy Krakowem a Warszaw\u0105 \u2013 opr\u00f3cz korespondencji organizacyjnej, przewozi\u0142 pras\u0119 niezale\u017cn\u0105 i wydawnictwa ksi\u0105\u017ckowe oraz gotowe do druku blachy offsetowe. Uczestniczy\u0142 w nawi\u0105zaniu kontaktu pomi\u0119dzy Stefanem Morawieckim a Porozumieniem \u201eSolidarno\u015b\u0107 Zwyci\u0119\u017cy\u201d oraz \u201eNiepodleg\u0142o\u015b\u0107\u201d (LDP\u201dN\u201d). By\u0142 wsp\u00f3\u0142pracownikiem ksi\u0119dza Kazimierza Jancarza z parafii w Mistrzejowicach w Krakowie &#8211; Nowej Hucie. 22 lutego 1985 roku Adama Bujaka aresztowano na Dworcu Centralnym w Warszawie podczas przewo\u017cenia partii prasy podziemnej i matryc \u201eTygodnika Mazowsze\u201d. Przetrzymywano go w areszcie \u015bledczym przy ul. Rakowieckiej. 10 czerwca 1985 roku zosta\u0142 skazany na 2 lata pozbawienia wolno\u015bci. Zwolniono go z odbywania kary w listopadzie tego samego roku. Kolejny raz zosta\u0142 zatrzymany 31 sierpnia 1987 roku. W 2012 zosta\u0142 odznaczony Krzy\u017cem Wolno\u015bci i Solidarno\u015bci.<\/p>\n","protected":false},"excerpt":{"rendered":"<p>Urodzi\u0142 si\u0119 23 stycznia 1960 w Krakowie. W 1986 roku uko\u0144czy\u0142 studia na Akademii Ekonomicznej w Krakowie. W latach 1987 \u2013 1993 pracowa\u0142 jako ekonomista i kierownik dzia\u0142u ekonomicznego w Przedsi\u0119biorstwie Remontowo Budowlanym Nowa Huta. Od 1981 roku by\u0142 cz\u0142onkiem NZS na AE w Krakowie. W latach 1983 \u2013 1987 nale\u017ca\u0142 do Porozumienia Prasowego \u201eSolidarno\u015b\u0107 [&hellip;]<\/p>\n","protected":false},"featured_media":1739,"template":"","meta":[],"_links":{"self":[{"href":"http:\/\/ludzie.fundacja-pih.pl\/index.php\/wp-json\/wp\/v2\/product\/1738"}],"collection":[{"href":"http:\/\/ludzie.fundacja-pih.pl\/index.php\/wp-json\/wp\/v2\/product"}],"about":[{"href":"http:\/\/ludzie.fundacja-pih.pl\/index.php\/wp-json\/wp\/v2\/types\/product"}],"wp:featuredmedia":[{"embeddable":true,"href":"http:\/\/ludzie.fundacja-pih.pl\/index.php\/wp-json\/wp\/v2\/media\/1739"}],"wp:attachment":[{"href":"http:\/\/ludzie.fundacja-pih.pl\/index.php\/wp-json\/wp\/v2\/media?parent=1738"}],"curies":[{"name":"wp","href":"https:\/\/api.w.org\/{rel}","templated":true}]}}