{"id":1752,"date":"2021-02-08T14:33:09","date_gmt":"2021-02-08T14:33:09","guid":{"rendered":"http:\/\/ludzie.fundacja-pih.pl\/?post_type=product&#038;p=1752"},"modified":"2025-05-16T14:15:01","modified_gmt":"2025-05-16T14:15:01","slug":"komorowska-antonina-danuta","status":"publish","type":"product","link":"http:\/\/ludzie.fundacja-pih.pl\/index.php\/product\/komorowska-antonina-danuta\/","title":{"rendered":"Komorowska Antonina Danuta"},"content":{"rendered":"<p>Urodzi\u0142 si\u0119 30 lipca 1936 roku w Poznaniu.<\/p>\n<p>By\u0142a pracownikiem Instytutu Gru\u017aliczego w Warszawie, od 1982 roku nale\u017ca\u0142a do organizacji dzia\u0142aj\u0105cej pod nazw\u0105 Og\u00f3lnopolski Komitet Oporu Rolnik\u00f3w, za\u0142o\u017conej w kwietniu 1982 roku przez opozycjonist\u0119 J\u00f3zefa Telig\u0119. W mieszkaniu Danuty Anny Komorowskiej odbywa\u0142y si\u0119 spotkania dzia\u0142aczy OKOR. Lokal ten by\u0142 tak\u017ce wa\u017cnym punktem kontaktowym dzia\u0142aczy NSZZ RI \u201eSolidarno\u015b\u0107\u201d. Od dnia wprowadzenia stanu wojennego ukrywa\u0142a J\u00f3zefa Telig\u0119. W ramach swojej dzia\u0142alno\u015bci uczestniczy\u0142a w organizowaniu protest\u00f3w i akcji propagandowych przeciwko PRL. Utrzymywa\u0142a kontakty z innymi strukturami konspiracyjnymi, w tym z grup\u0105 Zbigniewa Bujaka oraz z \u201eSolidarno\u015bci\u0105 Walcz\u0105c\u0105\u201d. W wyniku \u015bledztwa prowadzonego przez MSW w sprawie przynale\u017cno\u015bci do OKOR, w dniu 13 grudnia 1983 roku zosta\u0142a tymczasowo aresztowana. Przeszukano w\u00f3wczas tak\u017ce jej mieszkanie i zarekwirowano przechowywane, przeznaczone do kolporta\u017cu, nielegalne wydawnictwa. 8 maja 1984 roku zosta\u0142a zwolniona z aresztu, pod warunkiem, \u017ce dwa razy w tygodniu b\u0119dzie meldowa\u0142a si\u0119 we w\u0142a\u015bciwej jednostce Milicji Obywatelskiej. 23 lipca 1984 roku \u015bledztwo umorzono. W ramach represji zablokowano jej mo\u017cliwo\u015b\u0107 wyjazd\u00f3w zagranicznych. W 2016 roku na podstawie postanowienia Prezydenta RP \u2013 nr 549\/2016 &#8211;  nadano jej Krzy\u017c Wolno\u015bci i Solidarno\u015bci. <\/p>\n","protected":false},"excerpt":{"rendered":"<p>Urodzi\u0142 si\u0119 30 lipca 1936 roku w Poznaniu. By\u0142a pracownikiem Instytutu Gru\u017aliczego w Warszawie, od 1982 roku nale\u017ca\u0142a do organizacji dzia\u0142aj\u0105cej pod nazw\u0105 Og\u00f3lnopolski Komitet Oporu Rolnik\u00f3w, za\u0142o\u017conej w kwietniu 1982 roku przez opozycjonist\u0119 J\u00f3zefa Telig\u0119. W mieszkaniu Danuty Anny Komorowskiej odbywa\u0142y si\u0119 spotkania dzia\u0142aczy OKOR. Lokal ten by\u0142 tak\u017ce wa\u017cnym punktem kontaktowym dzia\u0142aczy NSZZ [&hellip;]<\/p>\n","protected":false},"featured_media":1753,"template":"","meta":[],"_links":{"self":[{"href":"http:\/\/ludzie.fundacja-pih.pl\/index.php\/wp-json\/wp\/v2\/product\/1752"}],"collection":[{"href":"http:\/\/ludzie.fundacja-pih.pl\/index.php\/wp-json\/wp\/v2\/product"}],"about":[{"href":"http:\/\/ludzie.fundacja-pih.pl\/index.php\/wp-json\/wp\/v2\/types\/product"}],"wp:featuredmedia":[{"embeddable":true,"href":"http:\/\/ludzie.fundacja-pih.pl\/index.php\/wp-json\/wp\/v2\/media\/1753"}],"wp:attachment":[{"href":"http:\/\/ludzie.fundacja-pih.pl\/index.php\/wp-json\/wp\/v2\/media?parent=1752"}],"curies":[{"name":"wp","href":"https:\/\/api.w.org\/{rel}","templated":true}]}}