{"id":1754,"date":"2021-02-08T14:35:11","date_gmt":"2021-02-08T14:35:11","guid":{"rendered":"http:\/\/ludzie.fundacja-pih.pl\/?post_type=product&#038;p=1754"},"modified":"2025-05-16T14:15:01","modified_gmt":"2025-05-16T14:15:01","slug":"kaczmarska-perlak-maria","status":"publish","type":"product","link":"http:\/\/ludzie.fundacja-pih.pl\/index.php\/product\/kaczmarska-perlak-maria\/","title":{"rendered":"Kaczmarska-Perlak Maria"},"content":{"rendered":"<p>Urodzi\u0142a si\u0119 10 czerwca 1955 we Wroc\u0142awiu. <\/p>\n<p>W 1979 roku uko\u0144czy\u0142a studia na Akademii Ekonomicznej we Wroc\u0142awiu. W latach 1974-1979 nale\u017ca\u0142a do SZSP. W 1989 uko\u0144czy\u0142a Papieskie Fakultet Teologiczny we Wroc\u0142awiu. W latach 1979-1990 by\u0142a zatrudniona jako specjalistka w Bran\u017cowym O\u015brodku Informatyki i Organizacji Pracy Przemys\u0142u Cukrowniczego we Wroc\u0142awiu (p\u00f3\u017aniejszym Przedsi\u0119biorstwie Us\u0142ug Informatycznych Przemys\u0142u Cukrowniczego). W latach 1978-1979 wsp\u00f3\u0142pracowa\u0142a z wroc\u0142awskimi strukturami Studenckich Komitet\u00f3w Solidarno\u015bci, bra\u0142a te\u017c udzia\u0142 w niezale\u017cnych wyk\u0142adach i spotka\u0144 organizowanych przez wroc\u0142awskie Duszpasterstwo Akademickie. Kolportowa\u0142a niezale\u017cne wydawnictwa, m.in. \u201eBiuletyn Dolno\u015bl\u0105ski\u201d, \u201eBratniak\u201d, \u201eBiuletyn Informacyjny\u201d KOR\/KSS KOR. Od wrze\u015bnia 1980 roku nale\u017ca\u0142a do NSZZ \u201eSolidarno\u015b\u0107\u201d i pe\u0142ni\u0142a funkcj\u0119 przewodnicz\u0105cej Komitetu Za\u0142o\u017cycielskiego w BOIOP PC, a nast\u0119pnie jego wiceprzewodnicz\u0105cej.  We wrze\u015bniu i w pa\u017adzierniku tego samego roku by\u0142a pe\u0142nomocnikiem MKZ we Wroc\u0142awiu. Wsp\u00f3\u0142organizowa\u0142a struktury \u201eSolidarno\u015bci\u201d w o\u015bwiacie i wsp\u00f3\u0142tworzy\u0142a KKK \u201eS\u201d Pracownik\u00f3w Przemys\u0142u Cukrowniczego. W listopadzie 1980 roku by\u0142a wsp\u00f3\u0142organizatork\u0105 strajku okupacyjnego cukrownik\u00f3w w Pruszczu Gda\u0144skim i cz\u0142onkiem KS. W lutym 1981 roku na I WZD PPC \u201eS\u201d zosta\u0142a wybrana na przewodnicz\u0105c\u0105 Krajowej Komisji Rewizyjnej KKK \u201eS\u201d PPC, od marca 1981 roku pe\u0142ni\u0142a funkcj\u0119 Krajowej Rady Sekcji \u201eS\u201d PPC. Od grudnia 1981 roku do lutego 1989 roku by\u0142a cz\u0142onkiem TKZ w BOIOP PC. Prowadzi\u0142a punkt kolporta\u017cu wydawnictw podziemnych w miejscu pracy oraz organizowa\u0142a pomoc dla os\u00f3b represjonowanych i ich rodzin. Wiosn\u0105 1982 roku, wraz z Bogus\u0142awem Kaczmarskim wsp\u00f3\u0142organiozwa\u0142a spotkania Og\u00f3lnopolskiego Komitetu Oporu we Wroc\u0142awiu. W lutym i marcu 1982 roku wsp\u00f3\u0142pracowa\u0142a z redakcj\u0105 podziemnego czasopisma \u201eWiadomo\u015bci Bie\u017c\u0105ce\u201d. Od grudnia 1982 roku do kwietnia 1983 roku oraz od listopada 1985 roku do marca 1986 roku by\u0142a cz\u0142onkiem redakcji ww. pisma i jego redaktorem. Od kwietnia do czerwca 1982 roku wsp\u00f3\u0142pracowa\u0142a z podziemnym pismem \u201ePrzegl\u0105d Prasy\u201d. Od 1982 roku do 1987 roku dzia\u0142a\u0142a w TKZ \u201eS\u201d w PAN we Wroc\u0142awiu. W ramach tej dzia\u0142alno\u015bci prowadzi\u0142a przegl\u0105d materia\u0142\u00f3w z prasy podziemnej, nas\u0142uch Radia Wolna Europa i zbiera\u0142a informacje, organizowa\u0142a lokale na dzia\u0142alno\u015b\u0107 opozycji. W latach 1982 &#8211; 1989 by\u0142a wsp\u00f3\u0142pracownikiem \u201eSolidarno\u015bci Walcz\u0105cej\u201d. Bra\u0142a udzia\u0142 w manifestacjach antyre\u017cimowych we Wroc\u0142awiu. W okresie mi\u0119dzy 1983 a 1988 rokiem wsp\u00f3\u0142organizowa\u0142a oraz by\u0142a cz\u0142onkiem, Ruchu \u015awiat\u0142o-\u017bycie. Od lutego 1989 roku nale\u017ca\u0142a do KZ \u201eS\u201d w PUIPC. W 1989 roku zosta\u0142a specjalist\u0105 ds. zwi\u0105zkowych w RKW \u201eS\u201d Dolny \u015al\u0105sk. W kwietniu 1989 roku organizowa\u0142a parafialne punkty informacyjne, dzia\u0142aj\u0105ce nast\u0119pnie jako Sekcja Informacji KO \u201eS\u201d. Razem z Bogus\u0142awem Kaczmarskim projektowa\u0142a i wsp\u00f3\u0142tworzy\u0142a wi\u0119kszo\u015b\u0107 druk\u00f3w wyborczych KO \u201eS\u201d woj. Wroc\u0142awskiego (obecnie dolno\u015bl\u0105skie). W maju 1989 roku zainicjowa\u0142a i wsp\u00f3\u0142organizowa\u0142a II KZD \u201eS\u201d PPC we Wroc\u0142awiu. W latach dziewi\u0119\u0107dziesi\u0105tych pracowa\u0142a jako nauczyciel, pe\u0142ni\u0142a te\u017c mandat radnej Miasta Bytom Odrza\u0144ski. W 2007 roku zosta\u0142a wyznaczona przez premiera do pe\u0142nienia funkcji burmistrza Bytomia Odrza\u0144skiego, a p\u00f3\u017aniej Ko\u017cuchowa. <\/p>\n","protected":false},"excerpt":{"rendered":"<p>Urodzi\u0142a si\u0119 10 czerwca 1955 we Wroc\u0142awiu. W 1979 roku uko\u0144czy\u0142a studia na Akademii Ekonomicznej we Wroc\u0142awiu. W latach 1974-1979 nale\u017ca\u0142a do SZSP. W 1989 uko\u0144czy\u0142a Papieskie Fakultet Teologiczny we Wroc\u0142awiu. W latach 1979-1990 by\u0142a zatrudniona jako specjalistka w Bran\u017cowym O\u015brodku Informatyki i Organizacji Pracy Przemys\u0142u Cukrowniczego we Wroc\u0142awiu (p\u00f3\u017aniejszym Przedsi\u0119biorstwie Us\u0142ug Informatycznych Przemys\u0142u Cukrowniczego). [&hellip;]<\/p>\n","protected":false},"featured_media":3176,"template":"","meta":[],"_links":{"self":[{"href":"http:\/\/ludzie.fundacja-pih.pl\/index.php\/wp-json\/wp\/v2\/product\/1754"}],"collection":[{"href":"http:\/\/ludzie.fundacja-pih.pl\/index.php\/wp-json\/wp\/v2\/product"}],"about":[{"href":"http:\/\/ludzie.fundacja-pih.pl\/index.php\/wp-json\/wp\/v2\/types\/product"}],"wp:featuredmedia":[{"embeddable":true,"href":"http:\/\/ludzie.fundacja-pih.pl\/index.php\/wp-json\/wp\/v2\/media\/3176"}],"wp:attachment":[{"href":"http:\/\/ludzie.fundacja-pih.pl\/index.php\/wp-json\/wp\/v2\/media?parent=1754"}],"curies":[{"name":"wp","href":"https:\/\/api.w.org\/{rel}","templated":true}]}}