{"id":1781,"date":"2021-02-09T10:30:05","date_gmt":"2021-02-09T10:30:05","guid":{"rendered":"http:\/\/ludzie.fundacja-pih.pl\/?post_type=product&#038;p=1781"},"modified":"2025-05-16T14:15:05","modified_gmt":"2025-05-16T14:15:05","slug":"bieniek-zbigniew","status":"publish","type":"product","link":"http:\/\/ludzie.fundacja-pih.pl\/index.php\/product\/bieniek-zbigniew\/","title":{"rendered":"Bieniek Zbigniew"},"content":{"rendered":"<p>Urodzi\u0142 si\u0119 w 1955 roku w m. Jelenia G\u00f3ra<\/p>\n<p>W latach 1970 &#8211; 1974 jako ucze\u0144 szko\u0142y zawodowej, pracowa\u0142 jako konserwator urz\u0105dze\u0144 pomiarowych w Fabryce Papieru w \u0141omnicy. W latach 1974 &#8211; 1991 by\u0142 zatrudniony na stanowisku elektromontera w Przedsi\u0119biorstwie Budowy Obiekt\u00f3w U\u017cyteczno\u015bci Publicznej BUDPOL we Wroc\u0142awiu. W 1986 roku uko\u0144czy\u0142 Technikum Elektroenergetyczne dla Pracuj\u0105cych. 1984-1985 systematycznie dostarcza\u0142 du\u017ce ilo\u015bci drukowanych we Wroc\u0142awiu niezale\u017cnych wydawnictw do \u0141odzi, co przyczyni\u0142o si\u0119 do utworzenia w tym mie\u015bcie oddzia\u0142u Solidarno\u015bci Walcz\u0105cej. Od 1978 roku zajmowa\u0142 si\u0119 kolporta\u017cem wydawnictw niezale\u017cnych, a od wrze\u015bnia 1980 roku by\u0142 cz\u0142onkiem NSZZ \u201eSolidarno\u015b\u0107\u201d. Po wprowadzeniu stanu wojennego zosta\u0142 jednym ze wsp\u00f3\u0142organizator\u00f3w strajku w Przedsi\u0119biorstwie Budowy Obiekt\u00f3w U\u017cyteczno\u015bci Publicznej BUDOPOL we Wroc\u0142awiu, a nast\u0119pnie aktywnym uczestnikiem akcji ulotkowych, protestacyjnych oraz malowania napis\u00f3w na murach. Ponadto zajmowa\u0142 si\u0119 r\u00f3wnie\u017c udzielaniem pomocy rodzinom os\u00f3b uwi\u0119zionych i zwolnionych z pracy. Na prze\u0142omie roku 1981 i 1982 zosta\u0142 jednym ze wsp\u00f3\u0142za\u0142o\u017cycieli Narodowej Organizacji Wyzwole\u0144czej \u201eLechia\u201d, wraz z kt\u00f3r\u0105 wszed\u0142 nast\u0119pnie w pa\u017adzierniku 1982 roku w sk\u0142ad \u201eSolidarno\u015bci Walcz\u0105cej\u201d. W nast\u0119pnych latach kolportowa\u0142 wydawnictwa Regionalnego Komitetu Strajkowego NSZZ \u201eSolidarno\u015b\u0107\u201d Dolny \u015al\u0105sk, drukowa\u0142 i rozpowszechnia\u0142 niezale\u017cne pismo \u201eGoniec Polski\u201d, prowadzi\u0142 tzw. skrzynk\u0119 kontaktow\u0105 i hurtowni\u0119 prasy drugiego obiegu. W latach 1984 &#8211; 1985 przewozi\u0142 pras\u0119 i wydawnictwa podziemne do r\u00f3\u017cnych miast Polski, g\u0142\u00f3wnie do \u0141odzi. W zwi\u0105zku z prowadzon\u0105 dzia\u0142alno\u015bci\u0105 opozycyjn\u0105 by\u0142 kilkakrotnie zatrzymywany i przes\u0142uchiwany. W 1987 roku za przechowywanie znacznych ilo\u015bci nielegalnych wydawnictw i ulotek zosta\u0142 ukarany przez Kolegium do Spraw Wykrocze\u0144 grzywn\u0105 w wysoko\u015bci 40 tysi\u0119cy z\u0142otych. W 2016  roku na podstawie postanowienia Prezydenta RP \u2013 259\/2016 &#8211;  nadano mu Krzy\u017c Wolno\u015bci i Solidarno\u015bci. <\/p>\n","protected":false},"excerpt":{"rendered":"<p>Urodzi\u0142 si\u0119 w 1955 roku w m. Jelenia G\u00f3ra W latach 1970 &#8211; 1974 jako ucze\u0144 szko\u0142y zawodowej, pracowa\u0142 jako konserwator urz\u0105dze\u0144 pomiarowych w Fabryce Papieru w \u0141omnicy. W latach 1974 &#8211; 1991 by\u0142 zatrudniony na stanowisku elektromontera w Przedsi\u0119biorstwie Budowy Obiekt\u00f3w U\u017cyteczno\u015bci Publicznej BUDPOL we Wroc\u0142awiu. W 1986 roku uko\u0144czy\u0142 Technikum Elektroenergetyczne dla Pracuj\u0105cych. [&hellip;]<\/p>\n","protected":false},"featured_media":3240,"template":"","meta":[],"_links":{"self":[{"href":"http:\/\/ludzie.fundacja-pih.pl\/index.php\/wp-json\/wp\/v2\/product\/1781"}],"collection":[{"href":"http:\/\/ludzie.fundacja-pih.pl\/index.php\/wp-json\/wp\/v2\/product"}],"about":[{"href":"http:\/\/ludzie.fundacja-pih.pl\/index.php\/wp-json\/wp\/v2\/types\/product"}],"wp:featuredmedia":[{"embeddable":true,"href":"http:\/\/ludzie.fundacja-pih.pl\/index.php\/wp-json\/wp\/v2\/media\/3240"}],"wp:attachment":[{"href":"http:\/\/ludzie.fundacja-pih.pl\/index.php\/wp-json\/wp\/v2\/media?parent=1781"}],"curies":[{"name":"wp","href":"https:\/\/api.w.org\/{rel}","templated":true}]}}