{"id":1782,"date":"2021-02-09T10:31:35","date_gmt":"2021-02-09T10:31:35","guid":{"rendered":"http:\/\/ludzie.fundacja-pih.pl\/?post_type=product&#038;p=1782"},"modified":"2025-05-16T14:15:06","modified_gmt":"2025-05-16T14:15:06","slug":"bielasinski-jerzy","status":"publish","type":"product","link":"http:\/\/ludzie.fundacja-pih.pl\/index.php\/product\/bielasinski-jerzy\/","title":{"rendered":"Bielasi\u0144ski Jerzy"},"content":{"rendered":"<p>Urodzi\u0142 si\u0119 1 marca 1970 roku we Wroc\u0142awiu. <\/p>\n<p>W 1993 roku uko\u0144czy\u0142 studia na Wydziale Prawa, Administracji i Ekonomii Uniwersytetu Wroc\u0142awskiego. W latach 1993 \u2013 1998 by\u0142 s\u0142uchaczem studi\u00f3w doktoranckich nauk prawnych i doktorantem w Katedrze Post\u0119powania Karnego na Wydziale Prawa, Administracji i Ekonomii Uniwersytetu Wroc\u0142awskiego. W 1992 roku zosta\u0142 zatrudniony jako pracownik administracji centralnej Uniwersytetu Wroc\u0142awskiego. W 1985 roku, jako ucze\u0144, wszed\u0142 te\u017c w struktury Mi\u0119dzyszkolnego Komitetu  Oporu \u2013 Federacji M\u0142odzie\u017cy Walcz\u0105cej anga\u017cuj\u0105c si\u0119 w tzw. \u201edzia\u0142ania miejskie\u201d przeprowadzane przez MKO \u2013 FMW na terenie Wroc\u0142awia. Uczestniczy\u0142 w akcjach ulotkowych, w akcjach malowania antre\u017cimowych hase\u0142 na murach, wywieszaniu transparent\u00f3w i kolporta\u017cu wydawnictw opozycyjnych. W 1986 roku, po rozpocz\u0119ciu nauki w Zespole Szk\u00f3\u0142 \u017beglugi \u015ar\u00f3dl\u0105dowej we Wroc\u0142awiu, organizowa\u0142 struktury i by\u0142 liderem MKO &#8211; FMW na terenie, zbudowa\u0142 liczn\u0105 i pr\u0119\u017cnie dzia\u0142aj\u0105c\u0105 grup\u0119 oporu oraz sie\u0107 kolporta\u017cu wydawnictw opozycyjnych obejmuj\u0105c\u0105 swoim zasi\u0119giem zar\u00f3wno teren zespo\u0142u szk\u00f3\u0142 ( szko\u0142a, internat, warsztaty szkolne ), jak i wroc\u0142awskich stoczni &#8211; remontowej i  rzecznej gdzie praktykowali uczniowie. Organizowa\u0142 na terenie plac\u00f3wki manifestacje szkolne ( tzw. \u201eciche przerwy\u201d ), akcje bojkotu sob\u00f3t, pochod\u00f3w pierwszomajowych i systemowych apeli oraz upami\u0119tniania wydarze\u0144 patriotycznych i rocznicowych. Jednocze\u015bnie od 1986 roku zwi\u0105zany by\u0142 z wroc\u0142awskimi Grupami Wykonawczymi \u201eSolidarno\u015bci Walcz\u0105cej\u201d, pocz\u0105tkowo jako szeregowy uczestnik, nast\u0119pnie, od 1987 roku jako szef jednej z GW. Nale\u017ca\u0142 do najaktywniejszej grupy os\u00f3b dzia\u0142aj\u0105cych w ramach akcji bezpo\u015bredniej SW we Wroc\u0142awiu. W 1987 roku, podczas nauki w Zespole Szk\u00f3\u0142 \u017beglugi \u015ar\u00f3dl\u0105dowej, spo\u015br\u00f3d skupionych wok\u00f3\u0142 niego uczni\u00f3w sformowa\u0142 kilkuosobow\u0105 uczniowsk\u0105 GW SW, nazywan\u0105 \u201emarynarsk\u0105\u201d. Kieruj\u0105c grup\u0105 planowa\u0142 i przeprowadza\u0142 spektakularne odbijaj\u0105ce si\u0119 szerokim echem uliczne akcje rozrzucania ulotek, klejenia plakat\u00f3w, malowania napis\u00f3w na murach i tramwajach, niszczenia symboli komunizmu. Bra\u0142 bezpo\u015bredni udzia\u0142 w przygotowaniach i organizacji wi\u0119kszo\u015bci ulicznych manifestacji organizowanych przez SW w drugiej po\u0142owie lat osiemdziesi\u0105tych we Wroc\u0142awiu. Kierowana prze niego grupa by\u0142a aktywna do chwili formalnego rozwi\u0105zania organizacji. W latach 1988 &#8211; 1990  wsp\u00f3\u0142pracowa\u0142 z redakcj\u0105 wroc\u0142awskiego pisma szeregowych cz\u0142onk\u00f3w NSZZ \u201eS\u201d \u201eBez Cenzury\u201d, kt\u00f3re kolportowa\u0142 i na kt\u00f3rego \u0142amach ukazywa\u0142y si\u0119 jego teksty ( ps. \u201eOset\u201d i \u201ePio\u0142un\u201d ). W zwi\u0105zku ze swoj\u0105 dzia\u0142alno\u015bci\u0105 opozycyjn\u0105 spotka\u0142 si\u0119 z r\u00f3\u017cnymi formami represji. W 2007 roku wst\u0105pi\u0142 do Stowarzyszenia Solidarno\u015b\u0107 Walcz\u0105ca. <\/p>\n","protected":false},"excerpt":{"rendered":"<p>Urodzi\u0142 si\u0119 1 marca 1970 roku we Wroc\u0142awiu. W 1993 roku uko\u0144czy\u0142 studia na Wydziale Prawa, Administracji i Ekonomii Uniwersytetu Wroc\u0142awskiego. W latach 1993 \u2013 1998 by\u0142 s\u0142uchaczem studi\u00f3w doktoranckich nauk prawnych i doktorantem w Katedrze Post\u0119powania Karnego na Wydziale Prawa, Administracji i Ekonomii Uniwersytetu Wroc\u0142awskiego. W 1992 roku zosta\u0142 zatrudniony jako pracownik administracji centralnej [&hellip;]<\/p>\n","protected":false},"featured_media":2821,"template":"","meta":[],"_links":{"self":[{"href":"http:\/\/ludzie.fundacja-pih.pl\/index.php\/wp-json\/wp\/v2\/product\/1782"}],"collection":[{"href":"http:\/\/ludzie.fundacja-pih.pl\/index.php\/wp-json\/wp\/v2\/product"}],"about":[{"href":"http:\/\/ludzie.fundacja-pih.pl\/index.php\/wp-json\/wp\/v2\/types\/product"}],"wp:featuredmedia":[{"embeddable":true,"href":"http:\/\/ludzie.fundacja-pih.pl\/index.php\/wp-json\/wp\/v2\/media\/2821"}],"wp:attachment":[{"href":"http:\/\/ludzie.fundacja-pih.pl\/index.php\/wp-json\/wp\/v2\/media?parent=1782"}],"curies":[{"name":"wp","href":"https:\/\/api.w.org\/{rel}","templated":true}]}}